{"id":276,"date":"2011-03-06T10:08:38","date_gmt":"2011-03-06T09:08:38","guid":{"rendered":"http:\/\/www.la-tablatou.eu\/la-tablatou-classique\/?page_id=276"},"modified":"2025-02-11T10:02:38","modified_gmt":"2025-02-11T09:02:38","slug":"generale","status":"publish","type":"page","link":"https:\/\/www.la-tablatou.eu\/la-tablatou-st\/","title":{"rendered":"Pr\u00e9sentation g\u00e9n\u00e9rale&#8230;"},"content":{"rendered":"<p><strong><a href=\"http:\/\/www.la-tablatou.eu\/la-tablatou-st\/files\/2011\/03\/table-fermee-st.jpg\" data-lbwps-width=\"800\" data-lbwps-height=\"532\" data-lbwps-srcsmall=\"https:\/\/www.la-tablatou.eu\/la-tablatou-st\/files\/2011\/03\/table-fermee-st.jpg\"><img loading=\"lazy\" decoding=\"async\" class=\"alignleft size-thumbnail wp-image-1254\" title=\"Les \u00e9l\u00e9ments de serrage sont int\u00e9gr\u00e9s au cadre.\" src=\"http:\/\/www.la-tablatou.eu\/la-tablatou-st\/files\/2011\/03\/table-fermee-st-150x100.jpg\" alt=\"Les \u00e9l\u00e9ments de serrage sont int\u00e9gr\u00e9s au cadre.\" width=\"150\" height=\"100\" srcset=\"https:\/\/www.la-tablatou.eu\/la-tablatou-st\/files\/2011\/03\/table-fermee-st-150x100.jpg 150w, https:\/\/www.la-tablatou.eu\/la-tablatou-st\/files\/2011\/03\/table-fermee-st-601x400.jpg 601w, https:\/\/www.la-tablatou.eu\/la-tablatou-st\/files\/2011\/03\/table-fermee-st.jpg 800w\" sizes=\"auto, (max-width: 150px) 100vw, 150px\" \/><\/a>LA TABL\u2019ATOU\u00a0 ST,\u00a0<\/strong>est un \u00e9tabli multifonctions d\u2019un concept novateur d\u00e9velopp\u00e9 en partenariat avec les entreprises du secteur\u00a0<strong>B<\/strong>\u00e2timent et\u00a0<strong>T<\/strong>ravaux\u00a0<strong>P<\/strong>ublic.<\/p>\n<p>Con\u00e7ue pour disposer d\u2019un s\u00e9rieux outil de chantier, portatif, pour le maintien de pi\u00e8ces cylindriques comme les tubes PVC dans la limite maxi de 450 mm de \u00d8 offre, S\u00e9curit\u00e9, Stabilit\u00e9, Efficacit\u00e9.<\/p>\n<p>Op\u00e9rationnelle en moins d\u2019une minute, sans outil de montage elle privil\u00e9gie l\u2019autonomie totale d\u2019un ouvrier\u00a0<strong><em>seul<\/em><\/strong>.<\/p>\n<p><a href=\"http:\/\/www.la-tablatou.eu\/la-tablatou-st\/files\/2011\/03\/table-en-service-st.jpg\" data-lbwps-width=\"800\" data-lbwps-height=\"532\" data-lbwps-srcsmall=\"https:\/\/www.la-tablatou.eu\/la-tablatou-st\/files\/2011\/03\/table-en-service-st.jpg\"><img loading=\"lazy\" decoding=\"async\" class=\"alignright size-thumbnail wp-image-1256\" title=\"Le serrage des tubes \u00e9tant progressif, le blocage peut \u00eatre absolu ou permettre une rotation contr\u00f4l\u00e9e.\" src=\"http:\/\/www.la-tablatou.eu\/la-tablatou-st\/files\/2011\/03\/table-en-service-st-150x100.jpg\" alt=\"Le serrage des tubes \u00e9tant progressif, le blocage peut \u00eatre absolu ou permettre une rotation contr\u00f4l\u00e9e.\" width=\"150\" height=\"100\" srcset=\"https:\/\/www.la-tablatou.eu\/la-tablatou-st\/files\/2011\/03\/table-en-service-st-150x100.jpg 150w, https:\/\/www.la-tablatou.eu\/la-tablatou-st\/files\/2011\/03\/table-en-service-st-601x400.jpg 601w, https:\/\/www.la-tablatou.eu\/la-tablatou-st\/files\/2011\/03\/table-en-service-st.jpg 800w\" sizes=\"auto, (max-width: 150px) 100vw, 150px\" \/><\/a>Les 4 \u00e9l\u00e9ments \u00e0 serrage progressif int\u00e9gr\u00e9s, peuvent \u00eatre utilis\u00e9s partiellement et sont positionnables \u00e0 tout endroit et m\u00eame en quinconce, permettant ainsi le maintien de montages dans diverses configurations, comme\u00a0: collage, embo\u00eeture, usinage, d\u00e9coupe etc.<\/p>\n<p>Le travail est r\u00e9alis\u00e9 \u00e0 hauteur d\u2019homme en S\u00e9curit\u00e9 sur des pi\u00e8ces maintenues permettant \u00e0 l\u2019ouvrier de disposer de ses deux mains pour ma\u00eetriser l\u2019outil de coupe, (disqueuse, tron\u00e7onneuse, scie sabre, etc.)<\/p>\n<p>Apr\u00e8s d\u00e9pose des \u00e9l\u00e9ments de serrage la surface de l\u2019\u00e9tabli peut \u00eatre utilis\u00e9e pour diverses activit\u00e9s\u00a0 dont la coupe de panneaux (pr\u00e9sence de martyrs et de 2 plateaux int\u00e9gr\u00e9s dans les pi\u00e8tements).<\/p>\n<p><strong><a href=\"http:\/\/www.la-tablatou.eu\/la-tablatou-st\/files\/2011\/03\/table-sans-les-\u00e9l\u00e9ments-de-serrage-st1.jpg\" data-lbwps-width=\"800\" data-lbwps-height=\"532\" data-lbwps-srcsmall=\"https:\/\/www.la-tablatou.eu\/la-tablatou-st\/files\/2011\/03\/table-sans-les-\u00e9l\u00e9ments-de-serrage-st1.jpg\"><img loading=\"lazy\" decoding=\"async\" class=\"alignleft size-thumbnail wp-image-1257\" title=\" La surface lib\u00e9r\u00e9e des \u00e9l\u00e9ments de serrage peut \u00eatre utilis\u00e9e pour la coupe de panneaux ou servir de table avec les deux plateaux log\u00e9s dans les pi\u00e9tements.\" src=\"http:\/\/www.la-tablatou.eu\/la-tablatou-st\/files\/2011\/03\/table-sans-les-\u00e9l\u00e9ments-de-serrage-st1-150x100.jpg\" alt=\" La surface lib\u00e9r\u00e9e des \u00e9l\u00e9ments de serrage peut \u00eatre utilis\u00e9e pour la coupe de panneaux ou servir de table avec les deux plateaux log\u00e9s dans les pi\u00e9tements.\" width=\"150\" height=\"100\" srcset=\"https:\/\/www.la-tablatou.eu\/la-tablatou-st\/files\/2011\/03\/table-sans-les-\u00e9l\u00e9ments-de-serrage-st1-150x100.jpg 150w, https:\/\/www.la-tablatou.eu\/la-tablatou-st\/files\/2011\/03\/table-sans-les-\u00e9l\u00e9ments-de-serrage-st1-601x400.jpg 601w, https:\/\/www.la-tablatou.eu\/la-tablatou-st\/files\/2011\/03\/table-sans-les-\u00e9l\u00e9ments-de-serrage-st1.jpg 800w\" sizes=\"auto, (max-width: 150px) 100vw, 150px\" \/><\/a>LA TABL\u2019ATOU\u00a0 ST,<\/strong>\u00a0in\u00e9gal\u00e9e dans sa cat\u00e9gorie de mat\u00e9riel,<strong>\u00a0<\/strong>\u00a0comble un v\u00e9ritable manque actuel du march\u00e9.<\/p>\n<p><strong>LA TABL\u2019ATOU\u00a0 ST ,\u00a0<\/strong>est un outil de S\u00e9curit\u00e9 reconnue<br \/>\n<strong>Production<\/strong>\u00a0:<strong>\u00a0<\/strong>Robuste fabrication Fran\u00e7aise en Aluminium, visserie Inox, bois Bak\u00e9lis\u00e9. Con\u00e7ue pour r\u00e9sister aux intemp\u00e9ries.<br \/>\n28 Kg de performances et d\u2019innovations.<\/p>\n","protected":false},"excerpt":{"rendered":"<p>LA TABL\u2019ATOU\u00a0 ST,\u00a0est un \u00e9tabli multifonctions d\u2019un concept novateur d\u00e9velopp\u00e9 en partenariat avec les entreprises du secteur\u00a0B\u00e2timent et\u00a0Travaux\u00a0Public. Con\u00e7ue pour disposer d\u2019un s\u00e9rieux outil de chantier, portatif, pour le maintien de pi\u00e8ces cylindriques comme les tubes PVC dans la limite maxi de 450 mm de \u00d8 offre, S\u00e9curit\u00e9, Stabilit\u00e9, Efficacit\u00e9. Op\u00e9rationnelle en moins d\u2019une minute, sans outil de montage elle &hellip; <a href=\"https:\/\/www.la-tablatou.eu\/la-tablatou-st\/\">Continue reading <span class=\"meta-nav\">&rarr;<\/span><\/a><\/p>\n","protected":false},"author":1,"featured_media":0,"parent":565,"menu_order":2,"comment_status":"closed","ping_status":"closed","template":"","meta":{"footnotes":""},"class_list":["post-276","page","type-page","status-publish","hentry"],"_links":{"self":[{"href":"https:\/\/www.la-tablatou.eu\/la-tablatou-st\/wp-json\/wp\/v2\/pages\/276","targetHints":{"allow":["GET"]}}],"collection":[{"href":"https:\/\/www.la-tablatou.eu\/la-tablatou-st\/wp-json\/wp\/v2\/pages"}],"about":[{"href":"https:\/\/www.la-tablatou.eu\/la-tablatou-st\/wp-json\/wp\/v2\/types\/page"}],"author":[{"embeddable":true,"href":"https:\/\/www.la-tablatou.eu\/la-tablatou-st\/wp-json\/wp\/v2\/users\/1"}],"replies":[{"embeddable":true,"href":"https:\/\/www.la-tablatou.eu\/la-tablatou-st\/wp-json\/wp\/v2\/comments?post=276"}],"version-history":[{"count":5,"href":"https:\/\/www.la-tablatou.eu\/la-tablatou-st\/wp-json\/wp\/v2\/pages\/276\/revisions"}],"predecessor-version":[{"id":1263,"href":"https:\/\/www.la-tablatou.eu\/la-tablatou-st\/wp-json\/wp\/v2\/pages\/276\/revisions\/1263"}],"up":[{"embeddable":true,"href":"https:\/\/www.la-tablatou.eu\/la-tablatou-st\/wp-json\/wp\/v2\/pages\/565"}],"wp:attachment":[{"href":"https:\/\/www.la-tablatou.eu\/la-tablatou-st\/wp-json\/wp\/v2\/media?parent=276"}],"curies":[{"name":"wp","href":"https:\/\/api.w.org\/{rel}","templated":true}]}}