{"id":285,"date":"2011-03-06T10:10:59","date_gmt":"2011-03-06T09:10:59","guid":{"rendered":"http:\/\/www.la-tablatou.eu\/la-tablatou-classique\/?page_id=285"},"modified":"2025-02-11T10:00:30","modified_gmt":"2025-02-11T09:00:30","slug":"videos-2","status":"publish","type":"page","link":"https:\/\/www.la-tablatou.eu\/la-tablatou-fd\/presentation-tablatou\/videos-2\/","title":{"rendered":"Vid\u00e9os"},"content":{"rendered":"<p><strong>Pr\u00e9sentation g\u00e9n\u00e9rale en vid\u00e9o<br \/>\n<iframe loading=\"lazy\" title=\"Tabl&#039;atou - TABLE - FD\" width=\"640\" height=\"480\" src=\"https:\/\/www.youtube.com\/embed\/edbbJ3Wi_sI?feature=oembed\" frameborder=\"0\" allow=\"accelerometer; autoplay; clipboard-write; encrypted-media; gyroscope; picture-in-picture; web-share\" referrerpolicy=\"strict-origin-when-cross-origin\" allowfullscreen><\/iframe><\/strong><\/p>\n<p>&nbsp;<\/p>\n<p><strong><br \/>\n<\/strong><\/p>\n","protected":false},"excerpt":{"rendered":"<p>Pr\u00e9sentation g\u00e9n\u00e9rale en vid\u00e9o &nbsp;<\/p>\n","protected":false},"author":1,"featured_media":0,"parent":565,"menu_order":3,"comment_status":"closed","ping_status":"closed","template":"","meta":{"footnotes":""},"class_list":["post-285","page","type-page","status-publish","hentry"],"_links":{"self":[{"href":"https:\/\/www.la-tablatou.eu\/la-tablatou-fd\/wp-json\/wp\/v2\/pages\/285","targetHints":{"allow":["GET"]}}],"collection":[{"href":"https:\/\/www.la-tablatou.eu\/la-tablatou-fd\/wp-json\/wp\/v2\/pages"}],"about":[{"href":"https:\/\/www.la-tablatou.eu\/la-tablatou-fd\/wp-json\/wp\/v2\/types\/page"}],"author":[{"embeddable":true,"href":"https:\/\/www.la-tablatou.eu\/la-tablatou-fd\/wp-json\/wp\/v2\/users\/1"}],"replies":[{"embeddable":true,"href":"https:\/\/www.la-tablatou.eu\/la-tablatou-fd\/wp-json\/wp\/v2\/comments?post=285"}],"version-history":[{"count":2,"href":"https:\/\/www.la-tablatou.eu\/la-tablatou-fd\/wp-json\/wp\/v2\/pages\/285\/revisions"}],"predecessor-version":[{"id":1223,"href":"https:\/\/www.la-tablatou.eu\/la-tablatou-fd\/wp-json\/wp\/v2\/pages\/285\/revisions\/1223"}],"up":[{"embeddable":true,"href":"https:\/\/www.la-tablatou.eu\/la-tablatou-fd\/wp-json\/wp\/v2\/pages\/565"}],"wp:attachment":[{"href":"https:\/\/www.la-tablatou.eu\/la-tablatou-fd\/wp-json\/wp\/v2\/media?parent=285"}],"curies":[{"name":"wp","href":"https:\/\/api.w.org\/{rel}","templated":true}]}}