{"id":276,"date":"2011-03-06T10:08:38","date_gmt":"2011-03-06T09:08:38","guid":{"rendered":"http:\/\/www.la-tablatou.eu\/la-tablatou-classique\/?page_id=276"},"modified":"2025-02-11T10:00:19","modified_gmt":"2025-02-11T09:00:19","slug":"generale","status":"publish","type":"page","link":"https:\/\/www.la-tablatou.eu\/la-tablatou-fd\/","title":{"rendered":"Pr\u00e9sentation g\u00e9n\u00e9rale&#8230;"},"content":{"rendered":"<p style=\"text-align: left;\" align=\"center\"><strong>LA TABL\u2019ATOU\u00a0 F.D. ,\u00a0<\/strong>est un \u00e9tabli multifonctions au concept novateur d\u00e9velopp\u00e9 en partenariat avec des grandes entreprises du secteur <strong>B\u00e2timent et Travaux Publics.<\/strong><\/p>\n<p><a href=\"https:\/\/www.la-tablatou.eu\/la-tablatou-fd\/files\/2021\/10\/IMG_2218-OK.jpg\" data-lbwps-width=\"2000\" data-lbwps-height=\"1500\" data-lbwps-srcsmall=\"https:\/\/www.la-tablatou.eu\/la-tablatou-fd\/files\/2021\/10\/IMG_2218-OK.jpg\"><img loading=\"lazy\" decoding=\"async\" class=\"alignleft wp-image-1264 size-thumbnail\" title=\"Tablatou FD sur le terrain\" src=\"https:\/\/www.la-tablatou.eu\/la-tablatou-fd\/files\/2021\/10\/IMG_2218-OK-133x100.jpg\" alt=\"Tablatou FD sur le terrain\" width=\"133\" height=\"100\" srcset=\"https:\/\/www.la-tablatou.eu\/la-tablatou-fd\/files\/2021\/10\/IMG_2218-OK-133x100.jpg 133w, https:\/\/www.la-tablatou.eu\/la-tablatou-fd\/files\/2021\/10\/IMG_2218-OK-533x400.jpg 533w, https:\/\/www.la-tablatou.eu\/la-tablatou-fd\/files\/2021\/10\/IMG_2218-OK-800x600.jpg 800w, https:\/\/www.la-tablatou.eu\/la-tablatou-fd\/files\/2021\/10\/IMG_2218-OK-768x576.jpg 768w, https:\/\/www.la-tablatou.eu\/la-tablatou-fd\/files\/2021\/10\/IMG_2218-OK-1536x1152.jpg 1536w, https:\/\/www.la-tablatou.eu\/la-tablatou-fd\/files\/2021\/10\/IMG_2218-OK.jpg 2000w\" sizes=\"auto, (max-width: 133px) 100vw, 133px\" \/><\/a><\/p>\n<p>Cet \u00e9tabli con\u00e7u, entre autre, pour la coupe de panneaux de grandes dimensions, de planches, chevrons, bastaings,&#8230; sur chantier, offre\u00a0 <strong>Simplicit\u00e9<\/strong>,\u00a0<strong> S\u00e9curit\u00e9,\u00a0 Efficacit\u00e9,\u00a0 Stabilit\u00e9,\u00a0 Mobilit\u00e9.<\/strong><\/p>\n<p>Op\u00e9rationnel en moins d\u2019une minute, sans outil de montage, il privil\u00e9gie l\u2019<strong>autonomie totale d\u2019un ouvrier\u00a0seul<\/strong>.<\/p>\n<p><a href=\"https:\/\/www.la-tablatou.eu\/la-tablatou-fd\/files\/2021\/10\/IMG_2219-OK.jpg\" data-lbwps-width=\"2000\" data-lbwps-height=\"1500\" data-lbwps-srcsmall=\"https:\/\/www.la-tablatou.eu\/la-tablatou-fd\/files\/2021\/10\/IMG_2219-OK.jpg\"><img loading=\"lazy\" decoding=\"async\" class=\"alignright wp-image-1262 size-thumbnail\" title=\"Chantier SNCF - Tablatou FD\" src=\"https:\/\/www.la-tablatou.eu\/la-tablatou-fd\/files\/2021\/10\/IMG_2219-OK-133x100.jpg\" alt=\"Chantier SNCF - Tablatou FD\" width=\"133\" height=\"100\" srcset=\"https:\/\/www.la-tablatou.eu\/la-tablatou-fd\/files\/2021\/10\/IMG_2219-OK-133x100.jpg 133w, https:\/\/www.la-tablatou.eu\/la-tablatou-fd\/files\/2021\/10\/IMG_2219-OK-533x400.jpg 533w, https:\/\/www.la-tablatou.eu\/la-tablatou-fd\/files\/2021\/10\/IMG_2219-OK-800x600.jpg 800w, https:\/\/www.la-tablatou.eu\/la-tablatou-fd\/files\/2021\/10\/IMG_2219-OK-768x576.jpg 768w, https:\/\/www.la-tablatou.eu\/la-tablatou-fd\/files\/2021\/10\/IMG_2219-OK-1536x1152.jpg 1536w, https:\/\/www.la-tablatou.eu\/la-tablatou-fd\/files\/2021\/10\/IMG_2219-OK.jpg 2000w\" sizes=\"auto, (max-width: 133px) 100vw, 133px\" \/><\/a><\/p>\n<p><strong>LA TABL\u2019ATOU\u00a0 F.D. ,\u00a0<\/strong>\u00a0vous permet, <strong>gr\u00e2ce aux \u00e9quipements int\u00e9gr\u00e9s<\/strong> de:<\/p>\n<ul>\n<li>Effectuer toute coupe directement sur la surface de la table, gr\u00e2ce \u00e0 la pr\u00e9sence d\u2019\u00e9l\u00e9ments en bois\u00a0 appel\u00e9s \u00abmartyrs\u00bb \u00abrempla\u00e7ables\u00bb destin\u00e9s au passage du d\u00e9bord de la lame de scie\u00a0: quelques millim\u00e8tres de pr\u00e9f\u00e9rence, maximum = 80 mm<\/li>\n<li>D\u00e9biter en tout sens, tout mat\u00e9riaux, sans chute des parties coup\u00e9es sous r\u00e9serve d\u2019un bon positionnement.\n<ul>\n<li>Bloquer des panneaux de toute nature \u2013 maximum 250&#215;125 cm en largeur comme en longueur par un ensemble de but\u00e9es r\u00e9glables et escamotables.<\/li>\n<li>Serrer tout mat\u00e9riaux. L\u2019\u00e9quipement comprend 4 presses \u00e0 serrage rapide, coulissantes, blocables verticalement et escamotables.<\/li>\n<li>D\u00e9placer rapidement et facilement le poste de travail en tout lieu par roulage ou levage.<\/li>\n<li>Disposer de 2 versions adapt\u00e9es \u00e0 des travaux sp\u00e9cifiques :\u00a0la table fixe et la table pliante.<\/li>\n<li>Effectuer toute op\u00e9ration de maintenance par le personnel habilit\u00e9.<\/li>\n<\/ul>\n<\/li>\n<\/ul>\n<p><a href=\"https:\/\/www.la-tablatou.eu\/la-tablatou-fd\/files\/2021\/10\/IMG_2220-OK.jpg\" data-lbwps-width=\"2000\" data-lbwps-height=\"1500\" data-lbwps-srcsmall=\"https:\/\/www.la-tablatou.eu\/la-tablatou-fd\/files\/2021\/10\/IMG_2220-OK.jpg\"><img loading=\"lazy\" decoding=\"async\" class=\"alignleft wp-image-1263 size-thumbnail\" title=\"Chantier SNCF - Tablatou FD\" src=\"https:\/\/www.la-tablatou.eu\/la-tablatou-fd\/files\/2021\/10\/IMG_2220-OK-133x100.jpg\" alt=\"Chantier SNCF - Tablatou FD\" width=\"133\" height=\"100\" srcset=\"https:\/\/www.la-tablatou.eu\/la-tablatou-fd\/files\/2021\/10\/IMG_2220-OK-133x100.jpg 133w, https:\/\/www.la-tablatou.eu\/la-tablatou-fd\/files\/2021\/10\/IMG_2220-OK-533x400.jpg 533w, https:\/\/www.la-tablatou.eu\/la-tablatou-fd\/files\/2021\/10\/IMG_2220-OK-800x600.jpg 800w, https:\/\/www.la-tablatou.eu\/la-tablatou-fd\/files\/2021\/10\/IMG_2220-OK-768x576.jpg 768w, https:\/\/www.la-tablatou.eu\/la-tablatou-fd\/files\/2021\/10\/IMG_2220-OK-1536x1152.jpg 1536w, https:\/\/www.la-tablatou.eu\/la-tablatou-fd\/files\/2021\/10\/IMG_2220-OK.jpg 2000w\" sizes=\"auto, (max-width: 133px) 100vw, 133px\" \/><\/a><\/p>\n<p><strong>LA TABL\u2019ATOU\u00a0 F.D.,<\/strong>\u00a0in\u00e9gal\u00e9e dans sa cat\u00e9gorie de mat\u00e9riel,<strong>\u00a0<\/strong>\u00a0vient combler un v\u00e9ritable manque actuel du march\u00e9.<\/p>\n<p><strong>LA TABL\u2019ATOU\u00a0 F.D.,\u00a0<\/strong>est un outil fondamental de S\u00e9curit\u00e9 reconnue.<br \/>\nConception robuste fabrication fran\u00e7aise en aluminium, visserie inox, bois bak\u00e9lis\u00e9,\u00a0r\u00e9siste aux intemp\u00e9ries.<br \/>\n57 Kg de performances et d\u2019innovation.<\/p>\n<p>Livraison avec notices\u00a0de mise en service, d&rsquo;utilisations et fiches d&rsquo;instructions<\/p>\n<p><strong>LA TABL\u2019ATOU\u00a0 F.D. ,\u00a0<\/strong>a re\u00e7u le\u00a0<strong>TROPHEE CRAMIF,\u00a0<\/strong>premier prix dans la cat\u00e9gorie<strong>\u00a0\u00abManutention et poussi\u00e8res de bois\u00bb,\u00a0\u00a0<\/strong>au Salon International de la Construction de PARIS,\u00a0 porte de VERSAILLES,\u00a0 <strong>BATIMAT 2007.<\/strong><\/p>\n","protected":false},"excerpt":{"rendered":"<p>LA TABL\u2019ATOU\u00a0 F.D. ,\u00a0est un \u00e9tabli multifonctions au concept novateur d\u00e9velopp\u00e9 en partenariat avec des grandes entreprises du secteur B\u00e2timent et Travaux Publics. Cet \u00e9tabli con\u00e7u, entre autre, pour la coupe de panneaux de grandes dimensions, de planches, chevrons, bastaings,&#8230; sur chantier, offre\u00a0 Simplicit\u00e9,\u00a0 S\u00e9curit\u00e9,\u00a0 Efficacit\u00e9,\u00a0 Stabilit\u00e9,\u00a0 Mobilit\u00e9. Op\u00e9rationnel en moins d\u2019une minute, sans outil de montage, il privil\u00e9gie l\u2019autonomie &hellip; <a href=\"https:\/\/www.la-tablatou.eu\/la-tablatou-fd\/\">Continue reading <span class=\"meta-nav\">&rarr;<\/span><\/a><\/p>\n","protected":false},"author":1,"featured_media":0,"parent":565,"menu_order":2,"comment_status":"closed","ping_status":"closed","template":"","meta":{"footnotes":""},"class_list":["post-276","page","type-page","status-publish","hentry"],"_links":{"self":[{"href":"https:\/\/www.la-tablatou.eu\/la-tablatou-fd\/wp-json\/wp\/v2\/pages\/276","targetHints":{"allow":["GET"]}}],"collection":[{"href":"https:\/\/www.la-tablatou.eu\/la-tablatou-fd\/wp-json\/wp\/v2\/pages"}],"about":[{"href":"https:\/\/www.la-tablatou.eu\/la-tablatou-fd\/wp-json\/wp\/v2\/types\/page"}],"author":[{"embeddable":true,"href":"https:\/\/www.la-tablatou.eu\/la-tablatou-fd\/wp-json\/wp\/v2\/users\/1"}],"replies":[{"embeddable":true,"href":"https:\/\/www.la-tablatou.eu\/la-tablatou-fd\/wp-json\/wp\/v2\/comments?post=276"}],"version-history":[{"count":14,"href":"https:\/\/www.la-tablatou.eu\/la-tablatou-fd\/wp-json\/wp\/v2\/pages\/276\/revisions"}],"predecessor-version":[{"id":1276,"href":"https:\/\/www.la-tablatou.eu\/la-tablatou-fd\/wp-json\/wp\/v2\/pages\/276\/revisions\/1276"}],"up":[{"embeddable":true,"href":"https:\/\/www.la-tablatou.eu\/la-tablatou-fd\/wp-json\/wp\/v2\/pages\/565"}],"wp:attachment":[{"href":"https:\/\/www.la-tablatou.eu\/la-tablatou-fd\/wp-json\/wp\/v2\/media?parent=276"}],"curies":[{"name":"wp","href":"https:\/\/api.w.org\/{rel}","templated":true}]}}