{"id":274,"date":"2011-03-06T10:07:49","date_gmt":"2011-03-06T09:07:49","guid":{"rendered":"http:\/\/www.la-tablatou.eu\/la-tablatou-classique\/?page_id=274"},"modified":"2025-02-11T10:00:38","modified_gmt":"2025-02-11T09:00:38","slug":"documentations","status":"publish","type":"page","link":"https:\/\/www.la-tablatou.eu\/la-tablatou-fd\/presentation-tablatou\/documentations\/","title":{"rendered":"Documentations"},"content":{"rendered":"<p><a href=\"http:\/\/www.la-tablatou.eu\/la-tablatou-fd\/files\/2011\/03\/plaquette-commerciale.jpg\" data-lbwps-width=\"800\" data-lbwps-height=\"469\" data-lbwps-srcsmall=\"https:\/\/www.la-tablatou.eu\/la-tablatou-fd\/files\/2011\/03\/plaquette-commerciale.jpg\"><img loading=\"lazy\" decoding=\"async\" class=\"alignright size-thumbnail wp-image-1228\" style=\"border-style: initial; border-color: initial; border-width: 0px;\" title=\"Plaquette commerciale LA TABL'ATOU FD\" src=\"http:\/\/www.la-tablatou.eu\/la-tablatou-fd\/files\/2011\/03\/plaquette-commerciale-150x87.jpg\" alt=\"Plaquette commerciale LA TABL'ATOU FD\" width=\"150\" height=\"87\" srcset=\"https:\/\/www.la-tablatou.eu\/la-tablatou-fd\/files\/2011\/03\/plaquette-commerciale-150x87.jpg 150w, https:\/\/www.la-tablatou.eu\/la-tablatou-fd\/files\/2011\/03\/plaquette-commerciale-682x400.jpg 682w, https:\/\/www.la-tablatou.eu\/la-tablatou-fd\/files\/2011\/03\/plaquette-commerciale.jpg 800w\" sizes=\"auto, (max-width: 150px) 100vw, 150px\" \/><\/a>Nous vous offrons la possibilit\u00e9 de r\u00e9cup\u00e9rer ces\u00a0quelques documentations. Vous y trouverez quelques informations bien utiles !<\/p>\n<ul>\n<li><a title=\"Pr\u00e9sentation de LA TABL'ATOU F.D. - PDF \u00e0 t\u00e9l\u00e9charger\" href=\"http:\/\/www.la-tablatou.eu\/la-tablatou-fd\/files\/2011\/10\/presentation-TABLATOU-FD.pdf\">Documentation commerciale<\/a>\u00a0de LA TABL&rsquo;ATOU F.D.<\/li>\n<li>Utilisation\u00a0de LA TABL&rsquo;ATOU F.D.<\/li>\n<li>Manoeuvres d&rsquo;ouverture\/fermeture de\u00a0 <a title=\"Manoeuvres d'ouverture\/fermeture TABL'ATOU pliante\" href=\"http:\/\/www.la-tablatou.eu\/la-tablatou-fd\/files\/2011\/11\/Notice-TABLATOU-FD-Pliante.pdf\">LA TABL&rsquo;ATOU F.D. <strong>pliante<\/strong><\/a><\/li>\n<li>Manoeuvres d&rsquo;ouverture\/fermeture de <a title=\"Manoeuvres d'ouverture\/fermeture TABL'ATOU fixe\" href=\"http:\/\/www.la-tablatou.eu\/la-tablatou-fd\/files\/2011\/11\/Notice-TABLATOU-FD-Fixe.pdf\">LA TABL&rsquo;ATOU F.D.\u00a0<\/a><strong><strong><a href=\"http:\/\/www.la-tablatou.eu\/la-tablatou-fd\/files\/2011\/11\/Notice-TABLATOU-FD-Fixe.pdf\">fixe<\/a><\/strong><br \/>\n<\/strong><\/li>\n<\/ul>\n","protected":false},"excerpt":{"rendered":"<p>Nous vous offrons la possibilit\u00e9 de r\u00e9cup\u00e9rer ces\u00a0quelques documentations. Vous y trouverez quelques informations bien utiles ! Documentation commerciale\u00a0de LA TABL&rsquo;ATOU F.D. Utilisation\u00a0de LA TABL&rsquo;ATOU F.D. Manoeuvres d&rsquo;ouverture\/fermeture de\u00a0 LA TABL&rsquo;ATOU F.D. pliante Manoeuvres d&rsquo;ouverture\/fermeture de LA TABL&rsquo;ATOU F.D.\u00a0fixe<\/p>\n","protected":false},"author":1,"featured_media":0,"parent":565,"menu_order":4,"comment_status":"closed","ping_status":"closed","template":"","meta":{"footnotes":""},"class_list":["post-274","page","type-page","status-publish","hentry"],"_links":{"self":[{"href":"https:\/\/www.la-tablatou.eu\/la-tablatou-fd\/wp-json\/wp\/v2\/pages\/274","targetHints":{"allow":["GET"]}}],"collection":[{"href":"https:\/\/www.la-tablatou.eu\/la-tablatou-fd\/wp-json\/wp\/v2\/pages"}],"about":[{"href":"https:\/\/www.la-tablatou.eu\/la-tablatou-fd\/wp-json\/wp\/v2\/types\/page"}],"author":[{"embeddable":true,"href":"https:\/\/www.la-tablatou.eu\/la-tablatou-fd\/wp-json\/wp\/v2\/users\/1"}],"replies":[{"embeddable":true,"href":"https:\/\/www.la-tablatou.eu\/la-tablatou-fd\/wp-json\/wp\/v2\/comments?post=274"}],"version-history":[{"count":13,"href":"https:\/\/www.la-tablatou.eu\/la-tablatou-fd\/wp-json\/wp\/v2\/pages\/274\/revisions"}],"predecessor-version":[{"id":1240,"href":"https:\/\/www.la-tablatou.eu\/la-tablatou-fd\/wp-json\/wp\/v2\/pages\/274\/revisions\/1240"}],"up":[{"embeddable":true,"href":"https:\/\/www.la-tablatou.eu\/la-tablatou-fd\/wp-json\/wp\/v2\/pages\/565"}],"wp:attachment":[{"href":"https:\/\/www.la-tablatou.eu\/la-tablatou-fd\/wp-json\/wp\/v2\/media?parent=274"}],"curies":[{"name":"wp","href":"https:\/\/api.w.org\/{rel}","templated":true}]}}