{"id":898,"date":"2011-09-30T16:13:56","date_gmt":"2011-09-30T14:13:56","guid":{"rendered":"http:\/\/www.la-tablatou.eu\/la-tablatou-classique\/?page_id=898"},"modified":"2014-01-10T21:51:57","modified_gmt":"2014-01-10T19:51:57","slug":"jacques-herault-ebeniste-expert","status":"publish","type":"page","link":"https:\/\/www.la-tablatou.eu\/la-tablatou-classique\/bonus-tablatou\/temoignages-utilisateurs\/jacques-herault-ebeniste-expert\/","title":{"rendered":"Jacques H\u00c9RAULT (85) &#8211; \u00c9b\u00e9niste expert"},"content":{"rendered":"<p><a href=\"http:\/\/www.la-tablatou.eu\/la-tablatou-classique\/files\/2011\/09\/table-jacques-herault.jpg\" data-lbwps-width=\"800\" data-lbwps-height=\"800\" data-lbwps-srcsmall=\"https:\/\/www.la-tablatou.eu\/la-tablatou-classique\/files\/2011\/09\/table-jacques-herault-400x400.jpg\"><img loading=\"lazy\" decoding=\"async\" class=\"alignleft size-thumbnail wp-image-909\" title=\"Table Jacques H\u00e9rault\" src=\"http:\/\/www.la-tablatou.eu\/la-tablatou-classique\/files\/2011\/09\/table-jacques-herault-100x100.jpg\" alt=\"Table Jacques H\u00e9rault\" width=\"100\" height=\"100\" srcset=\"https:\/\/www.la-tablatou.eu\/la-tablatou-classique\/files\/2011\/09\/table-jacques-herault-100x100.jpg 100w, https:\/\/www.la-tablatou.eu\/la-tablatou-classique\/files\/2011\/09\/table-jacques-herault-400x400.jpg 400w, https:\/\/www.la-tablatou.eu\/la-tablatou-classique\/files\/2011\/09\/table-jacques-herault-600x600.jpg 600w, https:\/\/www.la-tablatou.eu\/la-tablatou-classique\/files\/2011\/09\/table-jacques-herault-150x150.jpg 150w, https:\/\/www.la-tablatou.eu\/la-tablatou-classique\/files\/2011\/09\/table-jacques-herault.jpg 800w\" sizes=\"auto, (max-width: 100px) 100vw, 100px\" \/><\/a>Jacques H\u00c9RAULT, Eb\u00e9niste expert en la mati\u00e8re est avant tout un passionn\u00e9 de bois.<\/p>\n<p>Comme tout professionnel, Jacques \u00e0 bien entendu son atelier \u00e9quip\u00e9 d\u2019un mat\u00e9riel et outillage au top niveau. Cela ne l\u2019emp\u00eache pas dans certain cas de se r\u00e9aliser lui-m\u00eame les outillages ou gabarits n\u00e9cessaire pour la r\u00e9alisation d\u2019une des pi\u00e8ces dont il d\u00e9tient le secret.<\/p>\n<p>Jacques est \u00e9galement sensible aux nouveaut\u00e9s en mati\u00e8re d\u2019outillage et de mat\u00e9riel qui pourrait lui apporter des avantages, des solutions, un gain de temps et de fatigue, dans son travail au quotidien. C\u2019est \u00e0 l\u2019issu d\u2019une d\u00e9monstration compl\u00e8te de \u00ab\u00a0LA TABL\u2019ATOU\u00a0\u00bb, que Jacques \u00e0 trouv\u00e9 des r\u00e9ponses et des solutions, \u00e0 certains travaux et taches pour lesquelles, <strong>aucun mat\u00e9riel actuellement sur le march\u00e9 ne pouvait r\u00e9pondre \u00e0 son attente.<\/strong><\/p>\n<p><strong><\/strong>Aujourd\u2019hui, Jacques \u00e0 renforc\u00e9 son \u00e9quipe en faisant l\u2019acquisition de \u00ab\u00a0LA TABL\u2019ATOU\u00a0\u00bb.<\/p>\n<p style=\"text-align: right;\"><strong>\u00c9b\u00e9nisterie HERAULT<br \/>\n<\/strong>Les bois &#8211;\u00a085500\u00a0CHAMBRETAUD<br \/>\nT\u00e9l.\u00a002 51 67 51 38<\/p>\n","protected":false},"excerpt":{"rendered":"<p>Jacques H\u00c9RAULT, Eb\u00e9niste expert en la mati\u00e8re est avant tout un passionn\u00e9 de bois. Comme tout professionnel, Jacques \u00e0 bien entendu son atelier \u00e9quip\u00e9 d\u2019un mat\u00e9riel et outillage au top niveau. Cela ne l\u2019emp\u00eache pas dans certain cas de se r\u00e9aliser lui-m\u00eame les outillages ou gabarits n\u00e9cessaire pour la r\u00e9alisation d\u2019une des pi\u00e8ces dont il d\u00e9tient le secret. Jacques est &hellip; <a href=\"https:\/\/www.la-tablatou.eu\/la-tablatou-classique\/bonus-tablatou\/temoignages-utilisateurs\/jacques-herault-ebeniste-expert\/\">Continue reading <span class=\"meta-nav\">&rarr;<\/span><\/a><\/p>\n","protected":false},"author":1,"featured_media":0,"parent":897,"menu_order":2,"comment_status":"open","ping_status":"closed","template":"","meta":{"footnotes":""},"class_list":["post-898","page","type-page","status-publish","hentry"],"_links":{"self":[{"href":"https:\/\/www.la-tablatou.eu\/la-tablatou-classique\/wp-json\/wp\/v2\/pages\/898","targetHints":{"allow":["GET"]}}],"collection":[{"href":"https:\/\/www.la-tablatou.eu\/la-tablatou-classique\/wp-json\/wp\/v2\/pages"}],"about":[{"href":"https:\/\/www.la-tablatou.eu\/la-tablatou-classique\/wp-json\/wp\/v2\/types\/page"}],"author":[{"embeddable":true,"href":"https:\/\/www.la-tablatou.eu\/la-tablatou-classique\/wp-json\/wp\/v2\/users\/1"}],"replies":[{"embeddable":true,"href":"https:\/\/www.la-tablatou.eu\/la-tablatou-classique\/wp-json\/wp\/v2\/comments?post=898"}],"version-history":[{"count":12,"href":"https:\/\/www.la-tablatou.eu\/la-tablatou-classique\/wp-json\/wp\/v2\/pages\/898\/revisions"}],"predecessor-version":[{"id":1256,"href":"https:\/\/www.la-tablatou.eu\/la-tablatou-classique\/wp-json\/wp\/v2\/pages\/898\/revisions\/1256"}],"up":[{"embeddable":true,"href":"https:\/\/www.la-tablatou.eu\/la-tablatou-classique\/wp-json\/wp\/v2\/pages\/897"}],"wp:attachment":[{"href":"https:\/\/www.la-tablatou.eu\/la-tablatou-classique\/wp-json\/wp\/v2\/media?parent=898"}],"curies":[{"name":"wp","href":"https:\/\/api.w.org\/{rel}","templated":true}]}}