{"id":881,"date":"2011-09-30T15:49:53","date_gmt":"2011-09-30T13:49:53","guid":{"rendered":"http:\/\/www.la-tablatou.eu\/la-tablatou-classique\/?page_id=881"},"modified":"2014-01-10T21:49:39","modified_gmt":"2014-01-10T19:49:39","slug":"boite-a-outils","status":"publish","type":"page","link":"https:\/\/www.la-tablatou.eu\/la-tablatou-classique\/bonus-tablatou\/realisations-personnelles\/boite-a-outils\/","title":{"rendered":"Bo\u00eete \u00e0 outils"},"content":{"rendered":"<p><a href=\"http:\/\/www.la-tablatou.eu\/la-tablatou-classique\/files\/2011\/09\/Boite-a-outils-OK1.jpg\" data-lbwps-width=\"800\" data-lbwps-height=\"536\" data-lbwps-srcsmall=\"https:\/\/www.la-tablatou.eu\/la-tablatou-classique\/files\/2011\/09\/Boite-a-outils-OK1.jpg\"><img loading=\"lazy\" decoding=\"async\" class=\"alignleft\" title=\"La boite \u00e0 outils\" src=\"http:\/\/www.la-tablatou.eu\/la-tablatou-classique\/files\/2011\/09\/Boite-a-outils-OK1-149x100.jpg\" alt=\"La boite \u00e0 outils\" width=\"149\" height=\"100\" \/><\/a>Disposer d\u2019outils manuels ou des bo\u00eetes de clous\/vis qui ne tombent pas tout en d\u00e9gageant le plan de travail est possible en r\u00e9alisant une petite bo\u00eete \u00e0 outils s\u2019adaptant aux cadres par crochets (bande d\u2019alu de 3 mm).<br \/>\nPr\u00e9voir une hauteur de fixation permettant une utilisation\u00a0 des deux c\u00f4t\u00e9s des cadres. Une cale correspondant \u00e0 l\u2019\u00e9paisseur\u00a0des bourrelets\u00a0 des profil\u00e9s est n\u00e9cessaire pour conserver l\u2019horizontalit\u00e9 de la bo\u00eete quel que soit l\u2019emplacement.<br \/>\nBien entendu, l\u2019exploitation des plateaux n\u2019est pas possible \u00e0 l\u2019aplomb de la bo\u00eete comme sur les extr\u00e9mit\u00e9s des cadres.<\/p>\n<p>&nbsp;<\/p>\n<p>D\u2019autres r\u00e9alisations peuvent \u00eatre envisag\u00e9es comme table \u00e0 tapisser de grande longueur, table d\u2019emballage, (rouleau de papier engag\u00e9 dans un profil\u00e9 de servante),\u00a0 de d\u00e9roulement de tourets de c\u00e2bles, de support de plans avec une baladeuse (profil\u00e9 de servantes plac\u00e9s en partie haute), de r\u00e9hausseurs,\u00a0 de support de\u00a0 parasols, de table de ping-pong et pourquoi pas de massage .<\/p>\n<p style=\"text-align: center;\">La porte \u00e0 la cr\u00e9ativit\u00e9 est grande ouverte !!<\/p>\n","protected":false},"excerpt":{"rendered":"<p>Disposer d\u2019outils manuels ou des bo\u00eetes de clous\/vis qui ne tombent pas tout en d\u00e9gageant le plan de travail est possible en r\u00e9alisant une petite bo\u00eete \u00e0 outils s\u2019adaptant aux cadres par crochets (bande d\u2019alu de 3 mm). Pr\u00e9voir une hauteur de fixation permettant une utilisation\u00a0 des deux c\u00f4t\u00e9s des cadres. Une cale correspondant \u00e0 l\u2019\u00e9paisseur\u00a0des bourrelets\u00a0 des profil\u00e9s est &hellip; <a href=\"https:\/\/www.la-tablatou.eu\/la-tablatou-classique\/bonus-tablatou\/realisations-personnelles\/boite-a-outils\/\">Continue reading <span class=\"meta-nav\">&rarr;<\/span><\/a><\/p>\n","protected":false},"author":1,"featured_media":0,"parent":856,"menu_order":11,"comment_status":"open","ping_status":"closed","template":"","meta":{"footnotes":""},"class_list":["post-881","page","type-page","status-publish","hentry"],"_links":{"self":[{"href":"https:\/\/www.la-tablatou.eu\/la-tablatou-classique\/wp-json\/wp\/v2\/pages\/881","targetHints":{"allow":["GET"]}}],"collection":[{"href":"https:\/\/www.la-tablatou.eu\/la-tablatou-classique\/wp-json\/wp\/v2\/pages"}],"about":[{"href":"https:\/\/www.la-tablatou.eu\/la-tablatou-classique\/wp-json\/wp\/v2\/types\/page"}],"author":[{"embeddable":true,"href":"https:\/\/www.la-tablatou.eu\/la-tablatou-classique\/wp-json\/wp\/v2\/users\/1"}],"replies":[{"embeddable":true,"href":"https:\/\/www.la-tablatou.eu\/la-tablatou-classique\/wp-json\/wp\/v2\/comments?post=881"}],"version-history":[{"count":2,"href":"https:\/\/www.la-tablatou.eu\/la-tablatou-classique\/wp-json\/wp\/v2\/pages\/881\/revisions"}],"predecessor-version":[{"id":1282,"href":"https:\/\/www.la-tablatou.eu\/la-tablatou-classique\/wp-json\/wp\/v2\/pages\/881\/revisions\/1282"}],"up":[{"embeddable":true,"href":"https:\/\/www.la-tablatou.eu\/la-tablatou-classique\/wp-json\/wp\/v2\/pages\/856"}],"wp:attachment":[{"href":"https:\/\/www.la-tablatou.eu\/la-tablatou-classique\/wp-json\/wp\/v2\/media?parent=881"}],"curies":[{"name":"wp","href":"https:\/\/api.w.org\/{rel}","templated":true}]}}