{"id":688,"date":"2011-09-20T09:26:17","date_gmt":"2011-09-20T07:26:17","guid":{"rendered":"http:\/\/www.la-tablatou.eu\/la-tablatou-classique\/?page_id=688"},"modified":"2025-02-11T09:44:05","modified_gmt":"2025-02-11T08:44:05","slug":"les-plateaux-pleins-option","status":"publish","type":"page","link":"https:\/\/www.la-tablatou.eu\/la-tablatou-classique\/presentation-tablatou\/les-options\/les-plateaux-pleins-option\/","title":{"rendered":"Les plateaux \u00ab\u00a0pleins\u00a0\u00bb"},"content":{"rendered":"<p><a href=\"http:\/\/www.la-tablatou.eu\/la-tablatou-classique\/files\/2011\/09\/plateaux-pleins.jpg\" data-lbwps-width=\"800\" data-lbwps-height=\"536\" data-lbwps-srcsmall=\"https:\/\/www.la-tablatou.eu\/la-tablatou-classique\/files\/2011\/09\/plateaux-pleins.jpg\"><img loading=\"lazy\" decoding=\"async\" class=\"alignleft size-thumbnail wp-image-922\" title=\"Les plateaux pleins compl\u00e8tent utilement la surface de travail\" src=\"http:\/\/www.la-tablatou.eu\/la-tablatou-classique\/files\/2011\/09\/plateaux-pleins-149x100.jpg\" alt=\"Les plateaux pleins compl\u00e8tent utilement la surface de travail\" width=\"149\" height=\"100\" srcset=\"https:\/\/www.la-tablatou.eu\/la-tablatou-classique\/files\/2011\/09\/plateaux-pleins-149x100.jpg 149w, https:\/\/www.la-tablatou.eu\/la-tablatou-classique\/files\/2011\/09\/plateaux-pleins-597x400.jpg 597w, https:\/\/www.la-tablatou.eu\/la-tablatou-classique\/files\/2011\/09\/plateaux-pleins.jpg 800w\" sizes=\"auto, (max-width: 149px) 100vw, 149px\" \/><\/a>Disposer avec LA TABL\u2019ATOU d\u2019une surface portante sur son int\u00e9gralit\u00e9 est int\u00e9ressante pour certaines activit\u00e9s.<\/p>\n<p>Cette possibilit\u00e9 est r\u00e9alisable avec un jeu de<strong> 2 plateaux pleins,<\/strong> non perfor\u00e9s, propos\u00e9s en option.<\/p>\n<p>Les angles sont am\u00e9nag\u00e9s pour permettre la rotation des tubes des Servantes.<\/p>\n","protected":false},"excerpt":{"rendered":"<p>Disposer avec LA TABL\u2019ATOU d\u2019une surface portante sur son int\u00e9gralit\u00e9 est int\u00e9ressante pour certaines activit\u00e9s. Cette possibilit\u00e9 est r\u00e9alisable avec un jeu de 2 plateaux pleins, non perfor\u00e9s, propos\u00e9s en option. Les angles sont am\u00e9nag\u00e9s pour permettre la rotation des tubes des Servantes.<\/p>\n","protected":false},"author":1,"featured_media":0,"parent":677,"menu_order":5,"comment_status":"closed","ping_status":"closed","template":"","meta":{"footnotes":""},"class_list":["post-688","page","type-page","status-publish","hentry"],"_links":{"self":[{"href":"https:\/\/www.la-tablatou.eu\/la-tablatou-classique\/wp-json\/wp\/v2\/pages\/688","targetHints":{"allow":["GET"]}}],"collection":[{"href":"https:\/\/www.la-tablatou.eu\/la-tablatou-classique\/wp-json\/wp\/v2\/pages"}],"about":[{"href":"https:\/\/www.la-tablatou.eu\/la-tablatou-classique\/wp-json\/wp\/v2\/types\/page"}],"author":[{"embeddable":true,"href":"https:\/\/www.la-tablatou.eu\/la-tablatou-classique\/wp-json\/wp\/v2\/users\/1"}],"replies":[{"embeddable":true,"href":"https:\/\/www.la-tablatou.eu\/la-tablatou-classique\/wp-json\/wp\/v2\/comments?post=688"}],"version-history":[{"count":9,"href":"https:\/\/www.la-tablatou.eu\/la-tablatou-classique\/wp-json\/wp\/v2\/pages\/688\/revisions"}],"predecessor-version":[{"id":1325,"href":"https:\/\/www.la-tablatou.eu\/la-tablatou-classique\/wp-json\/wp\/v2\/pages\/688\/revisions\/1325"}],"up":[{"embeddable":true,"href":"https:\/\/www.la-tablatou.eu\/la-tablatou-classique\/wp-json\/wp\/v2\/pages\/677"}],"wp:attachment":[{"href":"https:\/\/www.la-tablatou.eu\/la-tablatou-classique\/wp-json\/wp\/v2\/media?parent=688"}],"curies":[{"name":"wp","href":"https:\/\/api.w.org\/{rel}","templated":true}]}}