{"id":684,"date":"2011-09-20T09:24:33","date_gmt":"2011-09-20T07:24:33","guid":{"rendered":"http:\/\/www.la-tablatou.eu\/la-tablatou-classique\/?page_id=684"},"modified":"2025-02-11T09:43:55","modified_gmt":"2025-02-11T08:43:55","slug":"martyrs-tablatou","status":"publish","type":"page","link":"https:\/\/www.la-tablatou.eu\/la-tablatou-classique\/presentation-tablatou\/les-options\/martyrs-tablatou\/","title":{"rendered":"Les Martyrs"},"content":{"rendered":"<p><a href=\"http:\/\/www.la-tablatou.eu\/la-tablatou-classique\/files\/2011\/09\/martyrs_usages.jpg\" data-lbwps-width=\"800\" data-lbwps-height=\"536\" data-lbwps-srcsmall=\"https:\/\/www.la-tablatou.eu\/la-tablatou-classique\/files\/2011\/09\/martyrs_usages.jpg\"><img loading=\"lazy\" decoding=\"async\" class=\"alignleft size-thumbnail wp-image-978\" title=\"MARTYRS &quot;labour\u00e9s&quot;, mais la surface portante est toujours assur\u00e9e. Encore beaucoup de coupes avant leur remplacement et les panneaux ne seront  jamais&quot;ravag\u00e9s&quot; par les traits de scie. Un avantage \u00e0 r\u00e9fl\u00e9chir (aspect, qualit\u00e9 du travail, co\u00fbt de remplacement des surfaces....)\" src=\"http:\/\/www.la-tablatou.eu\/la-tablatou-classique\/files\/2011\/09\/martyrs_usages-149x100.jpg\" alt=\"MARTYRS &quot;labour\u00e9s&quot;, mais la surface portante est toujours assur\u00e9e. Encore beaucoup de coupes avant leur remplacement et les panneaux ne seront  jamais&quot;ravag\u00e9s&quot; par les traits de scie. Un avantage \u00e0 r\u00e9fl\u00e9chir (aspect, qualit\u00e9 du travail, co\u00fbt de remplacement des surfaces....)\" width=\"149\" height=\"100\" srcset=\"https:\/\/www.la-tablatou.eu\/la-tablatou-classique\/files\/2011\/09\/martyrs_usages-149x100.jpg 149w, https:\/\/www.la-tablatou.eu\/la-tablatou-classique\/files\/2011\/09\/martyrs_usages-597x400.jpg 597w, https:\/\/www.la-tablatou.eu\/la-tablatou-classique\/files\/2011\/09\/martyrs_usages.jpg 800w\" sizes=\"auto, (max-width: 149px) 100vw, 149px\" \/><\/a>Apr\u00e8s avoir assur\u00e9s de tr\u00e8s nombreuses coupes les MARTYRS,\u00a0 ne pr\u00e9sentant plus les caract\u00e9ristiques de supports suffisants pour la stabilit\u00e9 des pi\u00e8ces travaill\u00e9es, ils doivent \u00eatre remplac\u00e9s.<\/p>\n<p>Les martyrs ont une section de 12&#215;24 mm.<\/p>\n<p>S\u2019ils sont r\u00e9alis\u00e9s, il est pr\u00e9f\u00e9rable d\u2019utiliser du contre plaqu\u00e9 pour leur r\u00e9sistance .<\/p>\n<p>Un espace minimum de 12 mm. doit \u00eatre r\u00e9serv\u00e9 aux extr\u00e9mit\u00e9s pour la rotation des bagues de blocage des tubes de servantes.<\/p>\n<p>L\u2019engagement des martyrs peut se faire avec un marteau ou un serre joint \u00e0 forte pression.<br \/>\nPour l\u2019<strong>utilisation du marteau<\/strong> mettre la table, ouverte et pi\u00e8tements repli\u00e9s, sur une surface plane.<\/p>\n<p><a href=\"http:\/\/www.la-tablatou.eu\/la-tablatou-classique\/files\/2011\/09\/Remplacement-du-martyr-traverse-centrale.jpg\" data-lbwps-width=\"800\" data-lbwps-height=\"536\" data-lbwps-srcsmall=\"https:\/\/www.la-tablatou.eu\/la-tablatou-classique\/files\/2011\/09\/Remplacement-du-martyr-traverse-centrale.jpg\"><img loading=\"lazy\" decoding=\"async\" class=\"alignright size-thumbnail wp-image-849\" title=\"Utiliser de pr\u00e9f\u00e9rence un serre-joint pour le remplacement du martyr de la traverse centrale\" src=\"http:\/\/www.la-tablatou.eu\/la-tablatou-classique\/files\/2011\/09\/Remplacement-du-martyr-traverse-centrale-149x100.jpg\" alt=\"Utiliser de pr\u00e9f\u00e9rence un serre-joint pour le remplacement du martyr de la traverse centrale\" width=\"149\" height=\"100\" srcset=\"https:\/\/www.la-tablatou.eu\/la-tablatou-classique\/files\/2011\/09\/Remplacement-du-martyr-traverse-centrale-149x100.jpg 149w, https:\/\/www.la-tablatou.eu\/la-tablatou-classique\/files\/2011\/09\/Remplacement-du-martyr-traverse-centrale-597x400.jpg 597w, https:\/\/www.la-tablatou.eu\/la-tablatou-classique\/files\/2011\/09\/Remplacement-du-martyr-traverse-centrale.jpg 800w\" sizes=\"auto, (max-width: 149px) 100vw, 149px\" \/><\/a>L\u2019encastrement du martyr de la<strong> traverse centrale<\/strong> n\u00e9cessite l\u2019\u00e9paulement de cette pi\u00e8ce, mais il est pr\u00e9f\u00e9rable d\u2019utiliser<strong> un serre-joint \u00e0 forte pression.<\/strong><\/p>\n<p>La soci\u00e9t\u00e9 APOLO\u2019CAP fournit le kit de martyrs.<\/p>\n","protected":false},"excerpt":{"rendered":"<p>Apr\u00e8s avoir assur\u00e9s de tr\u00e8s nombreuses coupes les MARTYRS,\u00a0 ne pr\u00e9sentant plus les caract\u00e9ristiques de supports suffisants pour la stabilit\u00e9 des pi\u00e8ces travaill\u00e9es, ils doivent \u00eatre remplac\u00e9s. Les martyrs ont une section de 12&#215;24 mm. S\u2019ils sont r\u00e9alis\u00e9s, il est pr\u00e9f\u00e9rable d\u2019utiliser du contre plaqu\u00e9 pour leur r\u00e9sistance . Un espace minimum de 12 mm. doit \u00eatre r\u00e9serv\u00e9 aux extr\u00e9mit\u00e9s &hellip; <a href=\"https:\/\/www.la-tablatou.eu\/la-tablatou-classique\/presentation-tablatou\/les-options\/martyrs-tablatou\/\">Continue reading <span class=\"meta-nav\">&rarr;<\/span><\/a><\/p>\n","protected":false},"author":1,"featured_media":0,"parent":677,"menu_order":4,"comment_status":"closed","ping_status":"closed","template":"","meta":{"footnotes":""},"class_list":["post-684","page","type-page","status-publish","hentry"],"_links":{"self":[{"href":"https:\/\/www.la-tablatou.eu\/la-tablatou-classique\/wp-json\/wp\/v2\/pages\/684","targetHints":{"allow":["GET"]}}],"collection":[{"href":"https:\/\/www.la-tablatou.eu\/la-tablatou-classique\/wp-json\/wp\/v2\/pages"}],"about":[{"href":"https:\/\/www.la-tablatou.eu\/la-tablatou-classique\/wp-json\/wp\/v2\/types\/page"}],"author":[{"embeddable":true,"href":"https:\/\/www.la-tablatou.eu\/la-tablatou-classique\/wp-json\/wp\/v2\/users\/1"}],"replies":[{"embeddable":true,"href":"https:\/\/www.la-tablatou.eu\/la-tablatou-classique\/wp-json\/wp\/v2\/comments?post=684"}],"version-history":[{"count":16,"href":"https:\/\/www.la-tablatou.eu\/la-tablatou-classique\/wp-json\/wp\/v2\/pages\/684\/revisions"}],"predecessor-version":[{"id":1189,"href":"https:\/\/www.la-tablatou.eu\/la-tablatou-classique\/wp-json\/wp\/v2\/pages\/684\/revisions\/1189"}],"up":[{"embeddable":true,"href":"https:\/\/www.la-tablatou.eu\/la-tablatou-classique\/wp-json\/wp\/v2\/pages\/677"}],"wp:attachment":[{"href":"https:\/\/www.la-tablatou.eu\/la-tablatou-classique\/wp-json\/wp\/v2\/media?parent=684"}],"curies":[{"name":"wp","href":"https:\/\/api.w.org\/{rel}","templated":true}]}}