{"id":546,"date":"2011-09-11T10:36:16","date_gmt":"2011-09-11T08:36:16","guid":{"rendered":"http:\/\/www.la-tablatou.eu\/la-tablatou-classique\/?page_id=546"},"modified":"2014-01-10T21:49:47","modified_gmt":"2014-01-10T19:49:47","slug":"plateau-pour-machines-mises-en-stationnaire","status":"publish","type":"page","link":"https:\/\/www.la-tablatou.eu\/la-tablatou-classique\/bonus-tablatou\/realisations-personnelles\/plateau-pour-machines-mises-en-stationnaire\/","title":{"rendered":"Plateau pour machines mises en stationnaire"},"content":{"rendered":"<p><a href=\"http:\/\/www.la-tablatou.eu\/la-tablatou-classique\/files\/2011\/10\/largeur-plateau.jpg\" data-lbwps-width=\"800\" data-lbwps-height=\"536\" data-lbwps-srcsmall=\"https:\/\/www.la-tablatou.eu\/la-tablatou-classique\/files\/2011\/10\/largeur-plateau.jpg\"><img loading=\"lazy\" decoding=\"async\" class=\"alignleft size-thumbnail wp-image-988\" title=\"Remarquez la largeur du plateau afin de faciliter le positionnement de la machine !\" src=\"http:\/\/www.la-tablatou.eu\/la-tablatou-classique\/files\/2011\/10\/largeur-plateau-149x100.jpg\" alt=\"Remarquez la largeur du plateau afin de faciliter le positionnement de la machine !\" width=\"149\" height=\"100\" srcset=\"https:\/\/www.la-tablatou.eu\/la-tablatou-classique\/files\/2011\/10\/largeur-plateau-149x100.jpg 149w, https:\/\/www.la-tablatou.eu\/la-tablatou-classique\/files\/2011\/10\/largeur-plateau-597x400.jpg 597w, https:\/\/www.la-tablatou.eu\/la-tablatou-classique\/files\/2011\/10\/largeur-plateau.jpg 800w\" sizes=\"auto, (max-width: 149px) 100vw, 149px\" \/><\/a>Afin de gagner un temps pr\u00e9cieux en toute s\u00e9curit\u00e9, \u00a0lors de l\u2019utilisation de machines stationnaires\u00a0 (rabot, ponceuse \u00e0 bandes\u2026.) il est facile d\u2019en fixer les berceaux sur des plateaux s\u2019ins\u00e9rant entre les martyrs du cadre avec traverse.<br \/>\nIl n\u2019est pas n\u00e9cessaire que ce plateau occupe tout l\u2019espace offrant ainsi une libert\u00e9 dans le positionnement du mat\u00e9riel.<\/p>\n<p>Il est possible de r\u00e9duire les dimensions du plateau donnant ainsi une tol\u00e9rance dans le positionnement lat\u00e9ral de la machine.<\/p>\n<p><a href=\"http:\/\/www.la-tablatou.eu\/la-tablatou-classique\/files\/2011\/09\/boite_onglets.jpg\" data-lbwps-width=\"800\" data-lbwps-height=\"536\" data-lbwps-srcsmall=\"https:\/\/www.la-tablatou.eu\/la-tablatou-classique\/files\/2011\/09\/boite_onglets.jpg\"><img loading=\"lazy\" decoding=\"async\" class=\"size-thumbnail wp-image-928 alignright\" title=\"Une bo\u00eete \u00e0 onglets rapidement mise en service. Les baguettes restent droites avec les r\u00e9hausseurs plac\u00e9s sur les martyrs des extr\u00e9mit\u00e9s.\" src=\"http:\/\/www.la-tablatou.eu\/la-tablatou-classique\/files\/2011\/09\/boite_onglets-149x100.jpg\" alt=\"Une bo\u00eete \u00e0 onglets rapidement mise en service. Les baguettes restent droites avec les r\u00e9hausseurs plac\u00e9s sur les martyrs des extr\u00e9mit\u00e9s.\" width=\"149\" height=\"100\" srcset=\"https:\/\/www.la-tablatou.eu\/la-tablatou-classique\/files\/2011\/09\/boite_onglets-149x100.jpg 149w, https:\/\/www.la-tablatou.eu\/la-tablatou-classique\/files\/2011\/09\/boite_onglets-597x400.jpg 597w, https:\/\/www.la-tablatou.eu\/la-tablatou-classique\/files\/2011\/09\/boite_onglets.jpg 800w\" sizes=\"auto, (max-width: 149px) 100vw, 149px\" \/><\/a>La fixation d\u2019une bo\u00eete \u00e0 onglets est \u00e9galement int\u00e9ressante pour sa rapidit\u00e9 de mise en service.<br \/>\nPour maintenir \u00e0 l\u2019horizontale les pi\u00e8ces travaill\u00e9es il peut \u00eatre r\u00e9alis\u00e9 des cales d\u2019\u00e9paisseur s\u2019enfichant sur les martyrs d\u2019extr\u00e9mit\u00e9.<br \/>\nA rappeler le r\u00f4le important des \u00ab\u00a0servantes\u00a0\u00bb qui transforment, entre autres, le rabot en mini d\u00e9gau.<br \/>\nCet \u00e9quipement est particuli\u00e8rement int\u00e9ressant lors du travail de grandes longueurs en\u00a0 permettant l\u2019usage des deux mains au niveau de la machine.<br \/>\nAvantages certains, fatigue diminu\u00e9e par la suppression du maintien des pi\u00e8ces, qualit\u00e9 du travail et s\u00e9curit\u00e9.<\/p>\n<p>D\u2019autres r\u00e9alisations peuvent \u00eatre envisag\u00e9es comme table \u00e0 tapisser de grande longueur, table d\u2019emballage, (rouleau de papier engag\u00e9 dans un profil\u00e9 de servante),\u00a0 de d\u00e9roulement de tourets de c\u00e2bles, de support de plans avec une baladeuse (profil\u00e9 de servantes plac\u00e9s en partie haute), de r\u00e9hausseurs,\u00a0 de support de\u00a0 parasols, de table de ping-pong et pourquoi pas de massage .<\/p>\n<p style=\"text-align: center;\">La porte \u00e0 la cr\u00e9ativit\u00e9 est grande ouverte !!<\/p>\n","protected":false},"excerpt":{"rendered":"<p>Afin de gagner un temps pr\u00e9cieux en toute s\u00e9curit\u00e9, \u00a0lors de l\u2019utilisation de machines stationnaires\u00a0 (rabot, ponceuse \u00e0 bandes\u2026.) il est facile d\u2019en fixer les berceaux sur des plateaux s\u2019ins\u00e9rant entre les martyrs du cadre avec traverse. Il n\u2019est pas n\u00e9cessaire que ce plateau occupe tout l\u2019espace offrant ainsi une libert\u00e9 dans le positionnement du mat\u00e9riel. Il est possible de &hellip; <a href=\"https:\/\/www.la-tablatou.eu\/la-tablatou-classique\/bonus-tablatou\/realisations-personnelles\/plateau-pour-machines-mises-en-stationnaire\/\">Continue reading <span class=\"meta-nav\">&rarr;<\/span><\/a><\/p>\n","protected":false},"author":1,"featured_media":0,"parent":856,"menu_order":12,"comment_status":"open","ping_status":"closed","template":"","meta":{"footnotes":""},"class_list":["post-546","page","type-page","status-publish","hentry"],"_links":{"self":[{"href":"https:\/\/www.la-tablatou.eu\/la-tablatou-classique\/wp-json\/wp\/v2\/pages\/546","targetHints":{"allow":["GET"]}}],"collection":[{"href":"https:\/\/www.la-tablatou.eu\/la-tablatou-classique\/wp-json\/wp\/v2\/pages"}],"about":[{"href":"https:\/\/www.la-tablatou.eu\/la-tablatou-classique\/wp-json\/wp\/v2\/types\/page"}],"author":[{"embeddable":true,"href":"https:\/\/www.la-tablatou.eu\/la-tablatou-classique\/wp-json\/wp\/v2\/users\/1"}],"replies":[{"embeddable":true,"href":"https:\/\/www.la-tablatou.eu\/la-tablatou-classique\/wp-json\/wp\/v2\/comments?post=546"}],"version-history":[{"count":13,"href":"https:\/\/www.la-tablatou.eu\/la-tablatou-classique\/wp-json\/wp\/v2\/pages\/546\/revisions"}],"predecessor-version":[{"id":1280,"href":"https:\/\/www.la-tablatou.eu\/la-tablatou-classique\/wp-json\/wp\/v2\/pages\/546\/revisions\/1280"}],"up":[{"embeddable":true,"href":"https:\/\/www.la-tablatou.eu\/la-tablatou-classique\/wp-json\/wp\/v2\/pages\/856"}],"wp:attachment":[{"href":"https:\/\/www.la-tablatou.eu\/la-tablatou-classique\/wp-json\/wp\/v2\/media?parent=546"}],"curies":[{"name":"wp","href":"https:\/\/api.w.org\/{rel}","templated":true}]}}