{"id":544,"date":"2011-09-11T10:34:13","date_gmt":"2011-09-11T08:34:13","guid":{"rendered":"http:\/\/www.la-tablatou.eu\/la-tablatou-classique\/?page_id=544"},"modified":"2014-03-09T22:04:57","modified_gmt":"2014-03-09T20:04:57","slug":"table-pour-10-personnes","status":"publish","type":"page","link":"https:\/\/www.la-tablatou.eu\/la-tablatou-classique\/bonus-tablatou\/realisations-personnelles\/table-pour-10-personnes\/","title":{"rendered":"Table pour 10 personnes"},"content":{"rendered":"<p><a href=\"http:\/\/www.la-tablatou.eu\/la-tablatou-classique\/files\/2011\/09\/table-10-personnes1.jpg\" data-lbwps-width=\"800\" data-lbwps-height=\"536\" data-lbwps-srcsmall=\"https:\/\/www.la-tablatou.eu\/la-tablatou-classique\/files\/2011\/09\/table-10-personnes1.jpg\"><img loading=\"lazy\" decoding=\"async\" class=\"size-thumbnail wp-image-774 alignleft\" title=\"Une table pour 10 personnes\" alt=\"Une table pour 10 personnes\" src=\"http:\/\/www.la-tablatou.eu\/la-tablatou-classique\/files\/2011\/09\/table-10-personnes1-149x100.jpg\" width=\"149\" height=\"100\" srcset=\"https:\/\/www.la-tablatou.eu\/la-tablatou-classique\/files\/2011\/09\/table-10-personnes1-149x100.jpg 149w, https:\/\/www.la-tablatou.eu\/la-tablatou-classique\/files\/2011\/09\/table-10-personnes1-597x400.jpg 597w, https:\/\/www.la-tablatou.eu\/la-tablatou-classique\/files\/2011\/09\/table-10-personnes1.jpg 800w\" sizes=\"auto, (max-width: 149px) 100vw, 149px\" \/><\/a>Le classement en \u00e9tabli multifonctions est encore prouv\u00e9 par la possibilit\u00e9 de transformer LA TABL&rsquo;ATOU en confortable table de travail, de r\u00e9union ou de r\u00e9ception pour accueillir 10 convives.\u00a0Sa hauteur de 73 cm comme une table classique permet de l\u2019exploiter \u00e0 cette fin par la pose d\u2019un panneau sur les martyrs.<br \/>\nCertes, la pose d\u2019un panneau assez grand est une solution mais des risques de basculement sont \u00e0 craindre par un mauvais positionnement ou un d\u00e9placement difficilement contr\u00f4lable.<br \/>\n<a href=\"http:\/\/www.la-tablatou.eu\/la-tablatou-classique\/files\/2011\/09\/table-10-personnes-pliee.jpg\" data-lbwps-width=\"800\" data-lbwps-height=\"536\" data-lbwps-srcsmall=\"https:\/\/www.la-tablatou.eu\/la-tablatou-classique\/files\/2011\/09\/table-10-personnes-pliee.jpg\"><img loading=\"lazy\" decoding=\"async\" class=\"alignright size-thumbnail wp-image-776\" title=\"La table pour 10 personnes pli\u00e9e... \u00e9paisseur 5 cms.\" alt=\"La table pour 10 personnes pli\u00e9e... \u00e9paisseur 5 cms.\" src=\"http:\/\/www.la-tablatou.eu\/la-tablatou-classique\/files\/2011\/09\/table-10-personnes-pliee-149x100.jpg\" width=\"149\" height=\"100\" srcset=\"https:\/\/www.la-tablatou.eu\/la-tablatou-classique\/files\/2011\/09\/table-10-personnes-pliee-149x100.jpg 149w, https:\/\/www.la-tablatou.eu\/la-tablatou-classique\/files\/2011\/09\/table-10-personnes-pliee-597x400.jpg 597w, https:\/\/www.la-tablatou.eu\/la-tablatou-classique\/files\/2011\/09\/table-10-personnes-pliee.jpg 800w\" sizes=\"auto, (max-width: 149px) 100vw, 149px\" \/><\/a>De plus, difficult\u00e9s \u00e9ventuelles pour le transport et le rangement.<br \/>\nUne solution plus s\u00e9curisante se pr\u00e9sente en r\u00e9alisant un plateau l\u00e9ger, d\u2019une surface suffisante pour\u00a0 accueillir 10 personnes, de dimensions r\u00e9duites pour son rangement et d\u2019un callage pour \u00e9viter tout d\u00e9placement.<br \/>\nIl s\u2019agit de r\u00e9aliser 2 parties identiques de 820&#215;1150 mm (environ), articul\u00e9es par 2 charni\u00e8res.<br \/>\nL\u2019utilisation d\u2019un contre plaqu\u00e9 de 5 mm. est suffisant et int\u00e9ressant pour sa l\u00e9g\u00e8ret\u00e9 et r\u00e9sistance.<br \/>\nIl n\u00e9cessite, par contre, le renfort de tasseaux de 20&#215;20 mm plac\u00e9s pour chacune des 2 parties :<\/p>\n<ul>\n<li>au bord des 4 c\u00f4t\u00e9s<\/li>\n<li>sur le c\u00f4t\u00e9 ext\u00e9rieur des grands martyrs\u00a0 ( les tasseaux reposent sur le cadre aluminium)<\/li>\n<li>sur toute la largeur du plateau, le long du martyr court<\/li>\n<li>2 r\u00e9partis dans la partie centrale<\/li>\n<\/ul>\n<p><a href=\"http:\/\/www.la-tablatou.eu\/la-tablatou-classique\/files\/2011\/09\/table-10-personnes-dessous.jpg\" data-lbwps-width=\"800\" data-lbwps-height=\"536\" data-lbwps-srcsmall=\"https:\/\/www.la-tablatou.eu\/la-tablatou-classique\/files\/2011\/09\/table-10-personnes-dessous.jpg\"><img loading=\"lazy\" decoding=\"async\" class=\"alignleft size-thumbnail wp-image-777\" title=\"Le dessous de la table pour 10 personnes\" alt=\"Le dessous de la table pour 10 personnes\" src=\"http:\/\/www.la-tablatou.eu\/la-tablatou-classique\/files\/2011\/09\/table-10-personnes-dessous-149x100.jpg\" width=\"149\" height=\"100\" srcset=\"https:\/\/www.la-tablatou.eu\/la-tablatou-classique\/files\/2011\/09\/table-10-personnes-dessous-149x100.jpg 149w, https:\/\/www.la-tablatou.eu\/la-tablatou-classique\/files\/2011\/09\/table-10-personnes-dessous-597x400.jpg 597w, https:\/\/www.la-tablatou.eu\/la-tablatou-classique\/files\/2011\/09\/table-10-personnes-dessous.jpg 800w\" sizes=\"auto, (max-width: 149px) 100vw, 149px\" \/><\/a>Pour offrir une surface impeccable le seul encollage des tasseaux est souhaitable.<br \/>\nLe blocage des 2 parties peut \u00eatre assur\u00e9 par 2 aimants.<br \/>\nFerm\u00e9e, la table a une \u00e9paisseur de 50 mm<br \/>\nPr\u00e9voir des \u00e9videments lat\u00e9raux pour faciliter l\u2019ouverture.<br \/>\nUne protection par teinture ou vernis est souhaitable.<br \/>\nIl n\u2019est pas n\u00e9cessaire d\u2019envisager une solidarisation avec le b\u00e2ti.<br \/>\nAvec une belle nappe, les pieds ne seront gu\u00e8re visibles et l\u2019important c\u2019est la r\u00e9union amicale mais aussi l\u2019assiette !!<\/p>\n<p>D\u2019autres r\u00e9alisations peuvent \u00eatre envisag\u00e9es comme table \u00e0 tapisser de grande longueur, table d\u2019emballage, (rouleau de papier engag\u00e9 dans un profil\u00e9 de servante),\u00a0 de d\u00e9roulement de tourets de c\u00e2bles, de support de plans avec une baladeuse (profil\u00e9 de servantes plac\u00e9s en partie haute), de r\u00e9hausseurs,\u00a0 de support de\u00a0 parasols, de table de ping-pong et pourquoi pas de massage .<\/p>\n<p><strong>FABRICATION&#8230;<\/strong><\/p>\n<p dir=\"ltr\"><a href=\"http:\/\/www.la-tablatou.eu\/la-tablatou-classique\/files\/2011\/09\/table-10-personnes2.jpg\" data-lbwps-width=\"2000\" data-lbwps-height=\"1391\" data-lbwps-srcsmall=\"https:\/\/www.la-tablatou.eu\/la-tablatou-classique\/files\/2011\/09\/table-10-personnes2.jpg\"><img loading=\"lazy\" decoding=\"async\" class=\"aligncenter size-large wp-image-1372\" alt=\"Table pour 10 personnes\" src=\"http:\/\/www.la-tablatou.eu\/la-tablatou-classique\/files\/2011\/09\/table-10-personnes2-862x600.jpg\" width=\"862\" height=\"600\" srcset=\"https:\/\/www.la-tablatou.eu\/la-tablatou-classique\/files\/2011\/09\/table-10-personnes2-862x600.jpg 862w, https:\/\/www.la-tablatou.eu\/la-tablatou-classique\/files\/2011\/09\/table-10-personnes2-143x100.jpg 143w, https:\/\/www.la-tablatou.eu\/la-tablatou-classique\/files\/2011\/09\/table-10-personnes2-575x400.jpg 575w, https:\/\/www.la-tablatou.eu\/la-tablatou-classique\/files\/2011\/09\/table-10-personnes2-900x625.jpg 900w, https:\/\/www.la-tablatou.eu\/la-tablatou-classique\/files\/2011\/09\/table-10-personnes2.jpg 2000w\" sizes=\"auto, (max-width: 862px) 100vw, 862px\" \/><\/a><\/p>\n<p dir=\"ltr\">Afin de faciliter la pose de certains tasseaux sur les 2 panneaux, le processus de travail propos\u00e9 consiste \u00e0 travailler dans un premier temps sur la TABL\u2019ATOU, puis sur le sol, table retourn\u00e9e sur les panneaux, \u00e0 moins de disposer d\u2019une autre surface suffisante en hauteur.\u00a0La pose est plus rapide et surtout pr\u00e9cise.<\/p>\n<p dir=\"ltr\"><strong>Mode op\u00e9ratoire selon plan<\/strong><\/p>\n<ul>\n<li>Couper 4 tasseaux \u00e0 780 mm<\/li>\n<li>Sur 2 des tasseaux, inclure les 2 charni\u00e8res (40 x 80) (en laiton massif si possible) \u00e0 140 mm des extr\u00e9mit\u00e9s (Accoler les 2 tasseaux pour l\u2019\u00e9videment de l\u2019\u00e9paisseur des charni\u00e8res).<br \/>\nLes 2 autres tasseaux seront utilis\u00e9s par la suite<\/li>\n<li>Couper les 2 panneaux de contre-plaqu\u00e9 5mm sur la TABL\u2019ATOU dans le sens du fil du bois\n<ul>\n<li><strong>Important<br \/>\n<\/strong>Pr\u00e9voir une marge de s\u00e9curit\u00e9 de 2cm<\/li>\n<\/ul>\n<\/li>\n<li><span style=\"line-height: 1.5em;\">Poncer les c\u00f4t\u00e9s \u201ccharni\u00e8res\u201d, v\u00e9rifier la pr\u00e9cision du contact<\/span><\/li>\n<li>Poser les panneaux sur la TABL\u2019ATOU, la plus belle face en contact avec les martyrs ou sur une surface \u00e9quivalente. Pour une pose au sol, cette face est \u00e0 prot\u00e9ger \u00e9ventuellement, pour \u00e9viter des rayures en fonction du sol<\/li>\n<li>Mettre en contact les panneaux<\/li>\n<li>Sur les 2 tasseaux \u201ccharni\u00e8res\u201d, apposer de la colle\n<ul>\n<li><strong>Une astuce<br \/>\n<\/strong>Mettre en \u00e9paisseur de la colle contact aux extr\u00e9mit\u00e9s et au milieu, sur une longueur de 5cm.<br \/>\nPoser les tasseaux, colle fra\u00eeche (l\u2019empreinte est exacte)<br \/>\n<span style=\"line-height: 1.5em;\">Enlever les tasseaux et attendre que les solvants de la colle soient \u00e9vapor\u00e9s<br \/>\n<\/span>Mettre entre les plots de la colle contact un filet de colle vinylique<br \/>\nPoser les tasseaux en s\u2019assurant du bon contact des panneaux et du centrage des tasseaux<\/li>\n<\/ul>\n<\/li>\n<li><span style=\"line-height: 1.5em;\">Apr\u00e8s prise de la colle sur les 2 tasseaux \u201ccharni\u00e8res\u201d, mettre sur chaque plateau les tasseaux coup\u00e9s venant en bordure et coller aussi le tasseau de 780 mmm pour l\u2019\u00e9cartement des tasseaux lat\u00e9raux permettant le contr\u00f4le par \u00e9querrage<\/span><\/li>\n<li>Replier les 2 panneaux (colle vinylique encore fra\u00eeche) en les soulevant ensemble<\/li>\n<li>Contr\u00f4ler l\u2019exactitude des tasseaux p\u00e9rim\u00e9triques &#8211; corriger \u00e9ventuellement (d\u00e9collage)<\/li>\n<li>D\u00e9ployer les 2 panneaux au sol ou sur une surface haute cons\u00e9quente<\/li>\n<li>Poser la TABL\u2019ATOU, pieds d\u00e9ploy\u00e9s, le milieu s\u2019ins\u00e9rant aux tasseaux \u201ccharni\u00e8res\u201d<\/li>\n<li>Pose des autres tasseaux : pour les tasseaux en contact avec les profil\u00e9s des cadres, pr\u00e9voir une marge de 2mm sur chacun d\u2019eux (facilite l\u2019encastrement)<\/li>\n<li>Enlever la table<\/li>\n<li>Poser les panneaux pli\u00e9s et les serrer pour un collage absolu<\/li>\n<li>Apr\u00e8s s\u00e9chage de la colle, araser les d\u00e9bords du contre-plaqu\u00e9 5 mm<\/li>\n<li>Poser les aimants<\/li>\n<li>Faire des encoches pour faciliter l\u2019ouverture des plateaux<\/li>\n<li>Poser les taquets d\u2019encastrement<\/li>\n<li>Poncer<\/li>\n<li>Mettre en teinture ou vernis<\/li>\n<\/ul>\n<p><strong>Besoins<\/strong><\/p>\n<ul>\n<li>1 panneau de contre-plaqu\u00e9 de 5mm par 122 x 250cm<\/li>\n<li>Des tasseaux en 20 x 20\n<ul>\n<li>4 de 780<\/li>\n<li>6 de 820<\/li>\n<li>4 de 530<\/li>\n<li>4 de 1120<\/li>\n<\/ul>\n<\/li>\n<li><span style=\"line-height: 1.5em;\">2 charni\u00e8res de 40 x 80 en laiton massif (pr\u00e9cision des incrustations)<\/span><\/li>\n<li>2 aimants rectangulaires<\/li>\n<li>Colle n\u00e9opr\u00e8ne en tube<\/li>\n<li>Colle vinylique<\/li>\n<li>Teinture ou vernis<\/li>\n<\/ul>\n<p style=\"text-align: center;\">Et belles r\u00e9unions !&#8230;<br \/>\nLa porte \u00e0 la cr\u00e9ativit\u00e9 est grande ouverte !!<\/p>\n","protected":false},"excerpt":{"rendered":"<p>Le classement en \u00e9tabli multifonctions est encore prouv\u00e9 par la possibilit\u00e9 de transformer LA TABL&rsquo;ATOU en confortable table de travail, de r\u00e9union ou de r\u00e9ception pour accueillir 10 convives.\u00a0Sa hauteur de 73 cm comme une table classique permet de l\u2019exploiter \u00e0 cette fin par la pose d\u2019un panneau sur les martyrs. Certes, la pose d\u2019un panneau assez grand est une &hellip; <a href=\"https:\/\/www.la-tablatou.eu\/la-tablatou-classique\/bonus-tablatou\/realisations-personnelles\/table-pour-10-personnes\/\">Continue reading <span class=\"meta-nav\">&rarr;<\/span><\/a><\/p>\n","protected":false},"author":1,"featured_media":0,"parent":856,"menu_order":7,"comment_status":"open","ping_status":"closed","template":"","meta":{"footnotes":""},"class_list":["post-544","page","type-page","status-publish","hentry"],"_links":{"self":[{"href":"https:\/\/www.la-tablatou.eu\/la-tablatou-classique\/wp-json\/wp\/v2\/pages\/544","targetHints":{"allow":["GET"]}}],"collection":[{"href":"https:\/\/www.la-tablatou.eu\/la-tablatou-classique\/wp-json\/wp\/v2\/pages"}],"about":[{"href":"https:\/\/www.la-tablatou.eu\/la-tablatou-classique\/wp-json\/wp\/v2\/types\/page"}],"author":[{"embeddable":true,"href":"https:\/\/www.la-tablatou.eu\/la-tablatou-classique\/wp-json\/wp\/v2\/users\/1"}],"replies":[{"embeddable":true,"href":"https:\/\/www.la-tablatou.eu\/la-tablatou-classique\/wp-json\/wp\/v2\/comments?post=544"}],"version-history":[{"count":23,"href":"https:\/\/www.la-tablatou.eu\/la-tablatou-classique\/wp-json\/wp\/v2\/pages\/544\/revisions"}],"predecessor-version":[{"id":1370,"href":"https:\/\/www.la-tablatou.eu\/la-tablatou-classique\/wp-json\/wp\/v2\/pages\/544\/revisions\/1370"}],"up":[{"embeddable":true,"href":"https:\/\/www.la-tablatou.eu\/la-tablatou-classique\/wp-json\/wp\/v2\/pages\/856"}],"wp:attachment":[{"href":"https:\/\/www.la-tablatou.eu\/la-tablatou-classique\/wp-json\/wp\/v2\/media?parent=544"}],"curies":[{"name":"wp","href":"https:\/\/api.w.org\/{rel}","templated":true}]}}