{"id":533,"date":"2011-09-10T14:59:14","date_gmt":"2011-09-10T12:59:14","guid":{"rendered":"http:\/\/www.la-tablatou.eu\/la-tablatou-classique\/?page_id=533"},"modified":"2014-01-10T21:48:57","modified_gmt":"2014-01-10T19:48:57","slug":"plateau-pour-travail-en-hauteur","status":"publish","type":"page","link":"https:\/\/www.la-tablatou.eu\/la-tablatou-classique\/bonus-tablatou\/realisations-personnelles\/plateau-pour-travail-en-hauteur\/","title":{"rendered":"Plateau pour travail en hauteur"},"content":{"rendered":"<p><a href=\"http:\/\/www.la-tablatou.eu\/la-tablatou-classique\/files\/2011\/09\/Plan-de-travail.jpg\" data-lbwps-width=\"800\" data-lbwps-height=\"536\" data-lbwps-srcsmall=\"https:\/\/www.la-tablatou.eu\/la-tablatou-classique\/files\/2011\/09\/Plan-de-travail.jpg\"><img loading=\"lazy\" decoding=\"async\" class=\"alignleft size-thumbnail wp-image-780\" title=\"Plan de travail r\u00e9glable en hauteur\" src=\"http:\/\/www.la-tablatou.eu\/la-tablatou-classique\/files\/2011\/09\/Plan-de-travail-149x100.jpg\" alt=\"Plan de travail r\u00e9glable en hauteur\" width=\"149\" height=\"100\" srcset=\"https:\/\/www.la-tablatou.eu\/la-tablatou-classique\/files\/2011\/09\/Plan-de-travail-149x100.jpg 149w, https:\/\/www.la-tablatou.eu\/la-tablatou-classique\/files\/2011\/09\/Plan-de-travail-597x400.jpg 597w, https:\/\/www.la-tablatou.eu\/la-tablatou-classique\/files\/2011\/09\/Plan-de-travail.jpg 800w\" sizes=\"auto, (max-width: 149px) 100vw, 149px\" \/><\/a>Travailler \u00e0 sa hauteur supprime la p\u00e9nibilit\u00e9 provoqu\u00e9e par des surfaces mal adapt\u00e9es. Logique !!<br \/>\nCela est possible avec LA TABLA\u2019TOU pour l\u2019ex\u00e9cution de certains travaux en disposant d\u2019un plateau s\u2019adaptant aux profil\u00e9s des servantes donc r\u00e9glable en hauteur \u00e0 convenance.<br \/>\nD\u2019une surface minimale de 70&#215;90 cm, il peut \u00eatre r\u00e9alis\u00e9 en contre plaqu\u00e9 de 10 mm.<br \/>\nLe blocage est assur\u00e9 par 4 tourillons s\u2019ins\u00e9rant dans les trous des profil\u00e9s.<br \/>\n<a href=\"http:\/\/www.la-tablatou.eu\/la-tablatou-classique\/files\/2011\/09\/Plan-de-travail-oblique.jpg\" data-lbwps-width=\"800\" data-lbwps-height=\"536\" data-lbwps-srcsmall=\"https:\/\/www.la-tablatou.eu\/la-tablatou-classique\/files\/2011\/09\/Plan-de-travail-oblique.jpg\"><img loading=\"lazy\" decoding=\"async\" class=\"alignright size-thumbnail wp-image-783\" title=\"Plan de travail en oblique. La servante &quot;avant&quot; peut \u00eatre supprim\u00e9e\" src=\"http:\/\/www.la-tablatou.eu\/la-tablatou-classique\/files\/2011\/09\/Plan-de-travail-oblique-149x100.jpg\" alt=\"Plan de travail en oblique. La servante &quot;avant&quot; peut \u00eatre supprim\u00e9e\" width=\"149\" height=\"100\" srcset=\"https:\/\/www.la-tablatou.eu\/la-tablatou-classique\/files\/2011\/09\/Plan-de-travail-oblique-149x100.jpg 149w, https:\/\/www.la-tablatou.eu\/la-tablatou-classique\/files\/2011\/09\/Plan-de-travail-oblique-597x400.jpg 597w, https:\/\/www.la-tablatou.eu\/la-tablatou-classique\/files\/2011\/09\/Plan-de-travail-oblique.jpg 800w\" sizes=\"auto, (max-width: 149px) 100vw, 149px\" \/><\/a>Son utilisation est possible \u00e0 l\u2019horizontale comme en oblique par variation de la hauteur des profil\u00e9s.<br \/>\nEn oblique, le blocage est assur\u00e9 par des\u00a0 taquets de pr\u00e9f\u00e9rence escamotables.<br \/>\nL&rsquo;\u00e9tabli multifonctions se transforme en table de travail .<\/p>\n<p>&nbsp;<\/p>\n<p><strong>R\u00e9alisation<br \/>\n<\/strong>Couper une surface de 70&#215;90 cm (surface minimale) dans du contreplaqu\u00e9 de 10 mm\u00a0(s\u2019assurer de la plan\u00e9it\u00e9 parfaite du panneau, c&rsquo;est tr\u00e8s important).<\/p>\n<p>L\u2019emplacement des tourillons devant \u00eatre parfait, il est propos\u00e9 cette m\u00e9thode :<\/p>\n<ul>\n<li>\u009fMettre les servantes en position basse, sans bloquer les profil\u00e9s.<\/li>\n<li>Poser le plateau\u00a0 en le centrant :<\/li>\n<\/ul>\n<ul>\n<li>dans la longueur au nu des profil\u00e9s (si la longueur du panneau est de 90 cm)<\/li>\n<li>en largeur par \u00e9quilibrage\u00a0 des d\u00e9bords par rapport aux profil\u00e9s (d\u00e9bords de 45 mm)<\/li>\n<li>Solidariser le plateau aux profil\u00e9s par serre-joints<\/li>\n<li>Soulever et retourner l\u2019ensemble<\/li>\n<li>Percer 4 trous de 9,5 mm au centre de ceux des profil\u00e9s<\/li>\n<li>D\u00e9poser les moyens de serrage<\/li>\n<li>Engager de force les tourillons (encoll\u00e9s) avec un d\u00e9bordement de 10 mm (les tourillons pr\u00e9fabriqu\u00e9s peuvent \u00eatre coup\u00e9s en 2)<\/li>\n<\/ul>\n<p><a href=\"http:\/\/www.la-tablatou.eu\/la-tablatou-classique\/files\/2011\/09\/Plan-de-travail-dessous.jpg\" data-lbwps-width=\"800\" data-lbwps-height=\"536\" data-lbwps-srcsmall=\"https:\/\/www.la-tablatou.eu\/la-tablatou-classique\/files\/2011\/09\/Plan-de-travail-dessous.jpg\"><img loading=\"lazy\" decoding=\"async\" class=\"alignleft size-thumbnail wp-image-785\" title=\"Dessous du plan de travail. Remarquez les 4 tourillons et les blocages escamotables pour inclinaison.\" src=\"http:\/\/www.la-tablatou.eu\/la-tablatou-classique\/files\/2011\/09\/Plan-de-travail-dessous-149x100.jpg\" alt=\"Dessous du plan de travail. Remarquez les 4 tourillons et les blocages escamotables pour inclinaison.\" width=\"149\" height=\"100\" srcset=\"https:\/\/www.la-tablatou.eu\/la-tablatou-classique\/files\/2011\/09\/Plan-de-travail-dessous-149x100.jpg 149w, https:\/\/www.la-tablatou.eu\/la-tablatou-classique\/files\/2011\/09\/Plan-de-travail-dessous-597x400.jpg 597w, https:\/\/www.la-tablatou.eu\/la-tablatou-classique\/files\/2011\/09\/Plan-de-travail-dessous.jpg 800w\" sizes=\"auto, (max-width: 149px) 100vw, 149px\" \/><\/a>A ce stade, le plateau est exploitable horizontalement mais il peut \u00eatre am\u00e9lior\u00e9 par la pose de tasseaux confortant sa rigidit\u00e9 mais aussi son encastrement dans les profil\u00e9s.<\/p>\n<p>Ces tasseaux peuvent \u00eatre de 20&#215;30 mm et sont \u00e0 poser :<\/p>\n<ul>\n<li>en bordure sur la longueur<\/li>\n<li>en travers, entre les emplacements des profil\u00e9s, 2 en bordure et 2 r\u00e9partis en partie centrale\u00a0(les extr\u00e9mit\u00e9s de ces tasseaux venant assez pr\u00e8s des profil\u00e9s facilitent l\u2019encastrement du\u00a0plateau)<\/li>\n<\/ul>\n<p>Pour \u00e9viter tout \u00e9l\u00e9ment m\u00e9tallique en surface il est pr\u00e9f\u00e9rable de se limiter \u00e0 leur encollage.<br \/>\nAfin de pouvoir utiliser le plateau en position inclin\u00e9e, il est n\u00e9cessaire de disposer d\u2019un blocage.<br \/>\nPour faciliter le rangement du plateau, il est souhaitable qu\u2019il soit escamotable<br \/>\nCe moyen peut \u00eatre r\u00e9alis\u00e9 en fixant sur une des extr\u00e9mit\u00e9s du plateau 2 ensembles constitu\u00e9s par\u00a0 un carr\u00e9 de 7 cm. en contreplaqu\u00e9 de 10 mm. fix\u00e9 sur charni\u00e8re de 7 cm.<br \/>\nDu velcro assure le blocage en position rabattue.<br \/>\nLe plateau peut \u00eatre soit \u00ab\u00a0accroch\u00e9\u00a0\u00bb sur le profil\u00e9 sup\u00e9rieur ou \u00ab\u00a0pos\u00e9\u00a0\u00bb sur l\u2019inf\u00e9rieur.<br \/>\nUne mise en teinture peut finaliser cette r\u00e9alisation.<br \/>\nUn second plateau de 70&#215;90 cm. est possible \u00e0 condition de disposer d\u2019un autre jeu de servantes.<\/p>\n<p>D\u2019autres r\u00e9alisations peuvent \u00eatre envisag\u00e9es comme table \u00e0 tapisser de grande longueur, table d\u2019emballage, (rouleau de papier engag\u00e9 dans un profil\u00e9 de servante),\u00a0 de d\u00e9roulement de tourets de c\u00e2bles, de support de plans avec une baladeuse (profil\u00e9 de servantes plac\u00e9s en partie haute), de r\u00e9hausseurs,\u00a0 de support de\u00a0 parasols, de table de ping-pong et pourquoi pas de massage .<\/p>\n<p style=\"text-align: center;\">La porte \u00e0 la cr\u00e9ativit\u00e9 est grande ouverte !!<\/p>\n","protected":false},"excerpt":{"rendered":"<p>Travailler \u00e0 sa hauteur supprime la p\u00e9nibilit\u00e9 provoqu\u00e9e par des surfaces mal adapt\u00e9es. Logique !! Cela est possible avec LA TABLA\u2019TOU pour l\u2019ex\u00e9cution de certains travaux en disposant d\u2019un plateau s\u2019adaptant aux profil\u00e9s des servantes donc r\u00e9glable en hauteur \u00e0 convenance. D\u2019une surface minimale de 70&#215;90 cm, il peut \u00eatre r\u00e9alis\u00e9 en contre plaqu\u00e9 de 10 mm. Le blocage est &hellip; <a href=\"https:\/\/www.la-tablatou.eu\/la-tablatou-classique\/bonus-tablatou\/realisations-personnelles\/plateau-pour-travail-en-hauteur\/\">Continue reading <span class=\"meta-nav\">&rarr;<\/span><\/a><\/p>\n","protected":false},"author":1,"featured_media":0,"parent":856,"menu_order":4,"comment_status":"open","ping_status":"closed","template":"","meta":{"footnotes":""},"class_list":["post-533","page","type-page","status-publish","hentry"],"_links":{"self":[{"href":"https:\/\/www.la-tablatou.eu\/la-tablatou-classique\/wp-json\/wp\/v2\/pages\/533","targetHints":{"allow":["GET"]}}],"collection":[{"href":"https:\/\/www.la-tablatou.eu\/la-tablatou-classique\/wp-json\/wp\/v2\/pages"}],"about":[{"href":"https:\/\/www.la-tablatou.eu\/la-tablatou-classique\/wp-json\/wp\/v2\/types\/page"}],"author":[{"embeddable":true,"href":"https:\/\/www.la-tablatou.eu\/la-tablatou-classique\/wp-json\/wp\/v2\/users\/1"}],"replies":[{"embeddable":true,"href":"https:\/\/www.la-tablatou.eu\/la-tablatou-classique\/wp-json\/wp\/v2\/comments?post=533"}],"version-history":[{"count":22,"href":"https:\/\/www.la-tablatou.eu\/la-tablatou-classique\/wp-json\/wp\/v2\/pages\/533\/revisions"}],"predecessor-version":[{"id":1326,"href":"https:\/\/www.la-tablatou.eu\/la-tablatou-classique\/wp-json\/wp\/v2\/pages\/533\/revisions\/1326"}],"up":[{"embeddable":true,"href":"https:\/\/www.la-tablatou.eu\/la-tablatou-classique\/wp-json\/wp\/v2\/pages\/856"}],"wp:attachment":[{"href":"https:\/\/www.la-tablatou.eu\/la-tablatou-classique\/wp-json\/wp\/v2\/media?parent=533"}],"curies":[{"name":"wp","href":"https:\/\/api.w.org\/{rel}","templated":true}]}}