{"id":526,"date":"2011-09-10T14:54:09","date_gmt":"2011-09-10T12:54:09","guid":{"rendered":"http:\/\/www.la-tablatou.eu\/la-tablatou-classique\/?page_id=526"},"modified":"2025-12-18T15:12:39","modified_gmt":"2025-12-18T14:12:39","slug":"qui-sommes-nous","status":"publish","type":"page","link":"https:\/\/www.la-tablatou.eu\/la-tablatou-classique\/presentation-tablatou\/qui-sommes-nous\/","title":{"rendered":"Qui sommes-nous ?"},"content":{"rendered":"<p><a href=\"http:\/\/www.la-tablatou.eu\/la-tablatou-classique\/files\/2011\/09\/Alain.jpg\" data-lbwps-width=\"800\" data-lbwps-height=\"532\" data-lbwps-srcsmall=\"https:\/\/www.la-tablatou.eu\/la-tablatou-classique\/files\/2011\/09\/Alain.jpg\"><img loading=\"lazy\" decoding=\"async\" class=\"alignleft size-thumbnail wp-image-759\" title=\"Alain Montprofit - Votre interlocuteur\" src=\"http:\/\/www.la-tablatou.eu\/la-tablatou-classique\/files\/2011\/09\/Alain-150x100.jpg\" alt=\"Alain Montprofit - Votre interlocuteur\" width=\"150\" height=\"100\" srcset=\"https:\/\/www.la-tablatou.eu\/la-tablatou-classique\/files\/2011\/09\/Alain-150x100.jpg 150w, https:\/\/www.la-tablatou.eu\/la-tablatou-classique\/files\/2011\/09\/Alain-601x400.jpg 601w, https:\/\/www.la-tablatou.eu\/la-tablatou-classique\/files\/2011\/09\/Alain.jpg 800w\" sizes=\"auto, (max-width: 150px) 100vw, 150px\" \/><\/a>L\u2019association de deux passionn\u00e9s, l\u2019un du \u00ab\u00a0 bricolage cr\u00e9atif \u00ab, l\u2019autre de l\u2019\u00e9lectrom\u00e9canique, tous deux adeptes du mat\u00e9riel FESTOOL, ont cr\u00e9\u00e9 en 2006 la soci\u00e9t\u00e9\u00a0<strong>APOLO&rsquo;CAP<\/strong>\u00a0 pour la mise sur\u00a0 le march\u00e9 d&rsquo;un\u00a0<strong>\u00e9tabli multifonctions<\/strong>\u00a0jug\u00e9 comme <strong>r\u00e9volutionnaire<\/strong>.<\/p>\n<p><a href=\"http:\/\/www.la-tablatou.eu\/la-tablatou-classique\/files\/2011\/09\/paul-parisse.jpg\" data-lbwps-width=\"323\" data-lbwps-height=\"532\" data-lbwps-srcsmall=\"https:\/\/www.la-tablatou.eu\/la-tablatou-classique\/files\/2011\/09\/paul-parisse-242x400.jpg\"><img loading=\"lazy\" decoding=\"async\" class=\"alignright size-thumbnail wp-image-791\" title=\"Paul Parisse - L'inventeur\" src=\"http:\/\/www.la-tablatou.eu\/la-tablatou-classique\/files\/2011\/09\/paul-parisse-60x100.jpg\" alt=\"Paul Parisse - L'inventeur\" width=\"60\" height=\"100\" srcset=\"https:\/\/www.la-tablatou.eu\/la-tablatou-classique\/files\/2011\/09\/paul-parisse-60x100.jpg 60w, https:\/\/www.la-tablatou.eu\/la-tablatou-classique\/files\/2011\/09\/paul-parisse-242x400.jpg 242w, https:\/\/www.la-tablatou.eu\/la-tablatou-classique\/files\/2011\/09\/paul-parisse.jpg 323w\" sizes=\"auto, (max-width: 60px) 100vw, 60px\" \/><\/a>Aujourd\u2019hui\u00a0<strong>APOLO&rsquo;CAP<\/strong>\u00a0 propose une gamme d&rsquo;\u00e9tablis, au concept novateur, destin\u00e9s \u00e0 des secteurs d\u2019activit\u00e9s divers comme l\u2019artisanat, le BTP, mais aussi \u00e0 toute personne \u00e0 la recherche de solutions fonctionnelles et de s\u00e9curit\u00e9.<\/p>\n<p><strong>APOLO&rsquo;CAP<\/strong>\u00a0diffuse ces diff\u00e9rents concepts d\u2019\u00e9tablis multifonctions, <strong>brevet\u00e9s<\/strong>, sous la marque d\u00e9pos\u00e9e <strong>LA TABL\u2019ATOU<\/strong>.<\/p>\n<p>Toute la gamme\u2026\u2026<\/p>\n<ul>\n<li><strong>LA<\/strong>\u00a0<strong>TABL&rsquo;ATOU<\/strong>\u00a0&#8211;\u00a0L\u2019\u00e9tabli de base offrant des solutions pour tous<\/li>\n<li><strong>LA<\/strong>\u00a0<strong>TABL&rsquo;ATOU\u00a0 F.D.<\/strong>\u00a0&#8211; La r\u00e9f\u00e9rence de l\u2019\u00e9tabli de chantier du BTP<\/li>\n<li><strong>LA<\/strong>\u00a0<strong>TABL&rsquo;ATOU\u00a0 S.T.<\/strong>\u00a0 &#8211; La table polyvalente pour le travail des tuyaux<\/li>\n<\/ul>\n<p>Tous ces mod\u00e8les assurent l\u2019<strong>autonomie totale d\u2019une personne seule<\/strong>, apportent la\u00a0<strong>s\u00e9curit\u00e9<\/strong>, l\u2019<strong>efficacit\u00e9<\/strong>\u00a0et\u00a0<strong>contribuent \u00e0 diminuer la fatigue<\/strong>.<\/p>\n<p>Ils sont tous pliables, portatifs, facilement transportables, se rangent en peu de place et <strong>offrent de nombreuses possibilit\u00e9s in\u00e9dites<\/strong>.<\/p>\n<p>Robuste <strong>fabrication fran\u00e7aise<\/strong>,\u00a0 ils sont con\u00e7us pour r\u00e9sister aux intemp\u00e9ries (aluminium, visserie inox, bois bak\u00e9lis\u00e9).<\/p>\n","protected":false},"excerpt":{"rendered":"<p>L\u2019association de deux passionn\u00e9s, l\u2019un du \u00ab\u00a0 bricolage cr\u00e9atif \u00ab, l\u2019autre de l\u2019\u00e9lectrom\u00e9canique, tous deux adeptes du mat\u00e9riel FESTOOL, ont cr\u00e9\u00e9 en 2006 la soci\u00e9t\u00e9\u00a0APOLO&rsquo;CAP\u00a0 pour la mise sur\u00a0 le march\u00e9 d&rsquo;un\u00a0\u00e9tabli multifonctions\u00a0jug\u00e9 comme r\u00e9volutionnaire. Aujourd\u2019hui\u00a0APOLO&rsquo;CAP\u00a0 propose une gamme d&rsquo;\u00e9tablis, au concept novateur, destin\u00e9s \u00e0 des secteurs d\u2019activit\u00e9s divers comme l\u2019artisanat, le BTP, mais aussi \u00e0 toute personne \u00e0 la &hellip; <a href=\"https:\/\/www.la-tablatou.eu\/la-tablatou-classique\/presentation-tablatou\/qui-sommes-nous\/\">Continue reading <span class=\"meta-nav\">&rarr;<\/span><\/a><\/p>\n","protected":false},"author":1,"featured_media":0,"parent":565,"menu_order":1,"comment_status":"closed","ping_status":"closed","template":"","meta":{"footnotes":""},"class_list":["post-526","page","type-page","status-publish","hentry"],"_links":{"self":[{"href":"https:\/\/www.la-tablatou.eu\/la-tablatou-classique\/wp-json\/wp\/v2\/pages\/526","targetHints":{"allow":["GET"]}}],"collection":[{"href":"https:\/\/www.la-tablatou.eu\/la-tablatou-classique\/wp-json\/wp\/v2\/pages"}],"about":[{"href":"https:\/\/www.la-tablatou.eu\/la-tablatou-classique\/wp-json\/wp\/v2\/types\/page"}],"author":[{"embeddable":true,"href":"https:\/\/www.la-tablatou.eu\/la-tablatou-classique\/wp-json\/wp\/v2\/users\/1"}],"replies":[{"embeddable":true,"href":"https:\/\/www.la-tablatou.eu\/la-tablatou-classique\/wp-json\/wp\/v2\/comments?post=526"}],"version-history":[{"count":28,"href":"https:\/\/www.la-tablatou.eu\/la-tablatou-classique\/wp-json\/wp\/v2\/pages\/526\/revisions"}],"predecessor-version":[{"id":1394,"href":"https:\/\/www.la-tablatou.eu\/la-tablatou-classique\/wp-json\/wp\/v2\/pages\/526\/revisions\/1394"}],"up":[{"embeddable":true,"href":"https:\/\/www.la-tablatou.eu\/la-tablatou-classique\/wp-json\/wp\/v2\/pages\/565"}],"wp:attachment":[{"href":"https:\/\/www.la-tablatou.eu\/la-tablatou-classique\/wp-json\/wp\/v2\/media?parent=526"}],"curies":[{"name":"wp","href":"https:\/\/api.w.org\/{rel}","templated":true}]}}