{"id":500,"date":"2011-09-10T14:42:39","date_gmt":"2011-09-10T12:42:39","guid":{"rendered":"http:\/\/www.la-tablatou.eu\/la-tablatou-classique\/?page_id=500"},"modified":"2025-02-11T09:43:45","modified_gmt":"2025-02-11T08:43:45","slug":"le-fileur-option","status":"publish","type":"page","link":"https:\/\/www.la-tablatou.eu\/la-tablatou-classique\/presentation-tablatou\/les-options\/le-fileur-option\/","title":{"rendered":"Le Fileur"},"content":{"rendered":"<p>Le FILEUR, permet\u00a0 d\u2019obtenir<strong> sur des mat\u00e9riaux \u00e9troits<\/strong> , avec une scie circulaire portative, des formes aux bords rectilignes mais pas forc\u00e9ment parall\u00e8les. Les coupes angulaires sont possibles.<br \/>\nLes coupes peuvent \u00eatre \u00a0d\u2019une \u00e9paisseur\u00a0 de 10 \u00e0 50 mm.<br \/>\n<a href=\"http:\/\/www.la-tablatou.eu\/la-tablatou-classique\/files\/2011\/09\/regle-de-coupe.jpg\" data-lbwps-width=\"800\" data-lbwps-height=\"536\" data-lbwps-srcsmall=\"https:\/\/www.la-tablatou.eu\/la-tablatou-classique\/files\/2011\/09\/regle-de-coupe.jpg\"><br \/>\n<\/a>L&rsquo;utilisation de ce dispositif n\u00e9cessite\u00a0 une r\u00e8gle de coupe disposant d\u2019une rainure d\u2019engagement des serre-joints de 8 mm. de large (Festool, Bosch, Makita, Maffel&#8230;)<\/p>\n<p><a href=\"http:\/\/www.la-tablatou.eu\/la-tablatou-classique\/files\/2011\/09\/Le-Fileur.jpg\" data-lbwps-width=\"800\" data-lbwps-height=\"536\" data-lbwps-srcsmall=\"https:\/\/www.la-tablatou.eu\/la-tablatou-classique\/files\/2011\/09\/Le-Fileur.jpg\"><img loading=\"lazy\" decoding=\"async\" class=\"alignright size-thumbnail wp-image-818\" title=\"Le Fileur\" src=\"http:\/\/www.la-tablatou.eu\/la-tablatou-classique\/files\/2011\/09\/Le-Fileur-149x100.jpg\" alt=\"Le Fileur\" width=\"149\" height=\"100\" srcset=\"https:\/\/www.la-tablatou.eu\/la-tablatou-classique\/files\/2011\/09\/Le-Fileur-149x100.jpg 149w, https:\/\/www.la-tablatou.eu\/la-tablatou-classique\/files\/2011\/09\/Le-Fileur-597x400.jpg 597w, https:\/\/www.la-tablatou.eu\/la-tablatou-classique\/files\/2011\/09\/Le-Fileur.jpg 800w\" sizes=\"auto, (max-width: 149px) 100vw, 149px\" \/><\/a>Le FILEUR, se compose de 2 supports en bois bak\u00e9lis\u00e9 s\u2019int\u00e9grant \u00e0 tout endroit entre les martyrs.<br \/>\nLeur positionnement est fonction des longueurs de la pi\u00e8ce \u00e0 travailler et de la r\u00e8gle de coupe.<br \/>\nCelles-ci peuvent \u00eatre plus longues que la table.<\/p>\n<p><a href=\"http:\/\/www.la-tablatou.eu\/la-tablatou-classique\/files\/2011\/09\/pattes-en-aluminium.jpg\" data-lbwps-width=\"800\" data-lbwps-height=\"536\" data-lbwps-srcsmall=\"https:\/\/www.la-tablatou.eu\/la-tablatou-classique\/files\/2011\/09\/pattes-en-aluminium.jpg\"><img loading=\"lazy\" decoding=\"async\" class=\"alignleft size-thumbnail wp-image-819\" title=\"Les parties sup\u00e9rieures des pi\u00e8ces en aluminium et en bois doivent \u00eatre mise sur le m\u00eame plan par d\u00e9placement de l'\u00e9crou.\" src=\"http:\/\/www.la-tablatou.eu\/la-tablatou-classique\/files\/2011\/09\/pattes-en-aluminium-149x100.jpg\" alt=\"Les parties sup\u00e9rieures des pi\u00e8ces en aluminium et en bois doivent \u00eatre mise sur le m\u00eame plan par d\u00e9placement de l'\u00e9crou.\" width=\"149\" height=\"100\" srcset=\"https:\/\/www.la-tablatou.eu\/la-tablatou-classique\/files\/2011\/09\/pattes-en-aluminium-149x100.jpg 149w, https:\/\/www.la-tablatou.eu\/la-tablatou-classique\/files\/2011\/09\/pattes-en-aluminium-597x400.jpg 597w, https:\/\/www.la-tablatou.eu\/la-tablatou-classique\/files\/2011\/09\/pattes-en-aluminium.jpg 800w\" sizes=\"auto, (max-width: 149px) 100vw, 149px\" \/><\/a>Sur\u00a0 une des extr\u00e9mit\u00e9s de ces supports une patte en aluminium coulisse sur un axe filet\u00e9.<br \/>\nCette patte est r\u00e9glable en hauteur\u00a0 par d\u00e9placement d\u2019un \u00e9crou et blocable par un bouton molet\u00e9.<br \/>\nSur cette pi\u00e8ce en aluminium est fix\u00e9 un ergot destin\u00e9 \u00e0 s\u2019ins\u00e9rer dans la rainure de la r\u00e8gle de coupe.<\/p>\n<p>L\u2019utilisation du FILEUR consiste \u00e0\u00a0 :<\/p>\n<ul>\n<li>enlever les plateaux perfor\u00e9s de la surface de la table<\/li>\n<li>positionner les supports entre les martyrs, \u00e0 tout endroit de la table,\u00a0 en fonction\u00a0 de la\u00a0longueur de la pi\u00e8ce \u00e0 travailler<\/li>\n<li><a href=\"http:\/\/www.la-tablatou.eu\/la-tablatou-classique\/files\/2011\/09\/regle-de-coupe.jpg\" data-lbwps-width=\"800\" data-lbwps-height=\"536\" data-lbwps-srcsmall=\"https:\/\/www.la-tablatou.eu\/la-tablatou-classique\/files\/2011\/09\/regle-de-coupe.jpg\"><img loading=\"lazy\" decoding=\"async\" class=\"alignright size-thumbnail wp-image-820\" title=\"La r\u00e8gle de coupe est solidaris\u00e9e aux pi\u00e8ces &quot;Alu&quot; par engagement de sa rainure dans les ergots de celles-ci. En principe, la partie exploitable de la pi\u00e8ce coup\u00e9e est sous la r\u00e8gle.\" src=\"http:\/\/www.la-tablatou.eu\/la-tablatou-classique\/files\/2011\/09\/regle-de-coupe-149x100.jpg\" alt=\"La r\u00e8gle de coupe est solidaris\u00e9e aux pi\u00e8ces &quot;Alu&quot; par engagement de sa rainure dans les ergots de celles-ci. En principe, la partie exploitable de la pi\u00e8ce coup\u00e9e est sous la r\u00e8gle.\" width=\"149\" height=\"100\" srcset=\"https:\/\/www.la-tablatou.eu\/la-tablatou-classique\/files\/2011\/09\/regle-de-coupe-149x100.jpg 149w, https:\/\/www.la-tablatou.eu\/la-tablatou-classique\/files\/2011\/09\/regle-de-coupe-597x400.jpg 597w, https:\/\/www.la-tablatou.eu\/la-tablatou-classique\/files\/2011\/09\/regle-de-coupe.jpg 800w\" sizes=\"auto, (max-width: 149px) 100vw, 149px\" \/><\/a>ajuster les parties sup\u00e9rieures patte\/pi\u00e8ce et bloquer le bouton molet\u00e9<\/li>\n<li>positionner la pi\u00e8ce en l\u2019\u00e9loignant de la largeur de la r\u00e8gle<\/li>\n<li>engager la rainure de la r\u00e8gle sur les ergots<\/li>\n<li>corriger l\u2019emplacement de la pi\u00e8ce selon\u00a0 le trait de coupe<\/li>\n<li>contr\u00f4ler le d\u00e9bord de la lame de scie (1\/3 mm)<\/li>\n<li>couper<\/li>\n<\/ul>\n<p><strong>NOTA<\/strong><br \/>\nLe blocage de la pi\u00e8ce est\u00a0 assur\u00e9 par l\u2019anti d\u00e9rapant de la r\u00e8gle .<\/p>\n<p>Il est suffisant avec l&rsquo;incidence du poids de la scie.<br \/>\nCompte tenu de l\u2019\u00e9troitesse, en principe, des pi\u00e8ces coup\u00e9es et de la nature de ce travail, ce moyen apparait comme le seul possible.<\/p>\n<p style=\"text-align: center;\"><strong>\u00a0A souligner que LE FILEUR\u00a0 accessoire fort simple, apporte une solution s\u00e9curitaire pour l&rsquo;obtention de pi\u00e8ces \u00e9troites r\u00e9alis\u00e9es dans des chutes. En plus de cet aspect, la rapidit\u00e9 et la pr\u00e9cision d&rsquo;ex\u00e9cution sont \u00e9videntes.<\/strong><\/p>\n","protected":false},"excerpt":{"rendered":"<p>Le FILEUR, permet\u00a0 d\u2019obtenir sur des mat\u00e9riaux \u00e9troits , avec une scie circulaire portative, des formes aux bords rectilignes mais pas forc\u00e9ment parall\u00e8les. Les coupes angulaires sont possibles. Les coupes peuvent \u00eatre \u00a0d\u2019une \u00e9paisseur\u00a0 de 10 \u00e0 50 mm. L&rsquo;utilisation de ce dispositif n\u00e9cessite\u00a0 une r\u00e8gle de coupe disposant d\u2019une rainure d\u2019engagement des serre-joints de 8 mm. de large (Festool, &hellip; <a href=\"https:\/\/www.la-tablatou.eu\/la-tablatou-classique\/presentation-tablatou\/les-options\/le-fileur-option\/\">Continue reading <span class=\"meta-nav\">&rarr;<\/span><\/a><\/p>\n","protected":false},"author":1,"featured_media":0,"parent":677,"menu_order":3,"comment_status":"closed","ping_status":"closed","template":"","meta":{"footnotes":""},"class_list":["post-500","page","type-page","status-publish","hentry"],"_links":{"self":[{"href":"https:\/\/www.la-tablatou.eu\/la-tablatou-classique\/wp-json\/wp\/v2\/pages\/500","targetHints":{"allow":["GET"]}}],"collection":[{"href":"https:\/\/www.la-tablatou.eu\/la-tablatou-classique\/wp-json\/wp\/v2\/pages"}],"about":[{"href":"https:\/\/www.la-tablatou.eu\/la-tablatou-classique\/wp-json\/wp\/v2\/types\/page"}],"author":[{"embeddable":true,"href":"https:\/\/www.la-tablatou.eu\/la-tablatou-classique\/wp-json\/wp\/v2\/users\/1"}],"replies":[{"embeddable":true,"href":"https:\/\/www.la-tablatou.eu\/la-tablatou-classique\/wp-json\/wp\/v2\/comments?post=500"}],"version-history":[{"count":37,"href":"https:\/\/www.la-tablatou.eu\/la-tablatou-classique\/wp-json\/wp\/v2\/pages\/500\/revisions"}],"predecessor-version":[{"id":1324,"href":"https:\/\/www.la-tablatou.eu\/la-tablatou-classique\/wp-json\/wp\/v2\/pages\/500\/revisions\/1324"}],"up":[{"embeddable":true,"href":"https:\/\/www.la-tablatou.eu\/la-tablatou-classique\/wp-json\/wp\/v2\/pages\/677"}],"wp:attachment":[{"href":"https:\/\/www.la-tablatou.eu\/la-tablatou-classique\/wp-json\/wp\/v2\/media?parent=500"}],"curies":[{"name":"wp","href":"https:\/\/api.w.org\/{rel}","templated":true}]}}