{"id":336,"date":"2011-03-06T10:31:04","date_gmt":"2011-03-06T08:31:04","guid":{"rendered":"http:\/\/www.la-tablatou.eu\/la-tablatou-classique\/?page_id=336"},"modified":"2025-02-11T09:43:24","modified_gmt":"2025-02-11T08:43:24","slug":"kit-confort-tablatou","status":"publish","type":"page","link":"https:\/\/www.la-tablatou.eu\/la-tablatou-classique\/presentation-tablatou\/les-options\/kit-confort-tablatou\/","title":{"rendered":"Le Kit Confort"},"content":{"rendered":"<p>Le KIT CONFORT ,\u00a0 est le <strong>compl\u00e9ment indispensable<\/strong> de LA TABL\u2019ATOU.<br \/>\nIl est compos\u00e9 de divers accessoires qui am\u00e9liorent les capacit\u00e9s d\u00e9j\u00e0 cons\u00e9quentes de la table.<\/p>\n<p><strong>Les \u00a0SERVANTES<br \/>\n<\/strong><a href=\"http:\/\/www.la-tablatou.eu\/la-tablatou-classique\/files\/2011\/09\/Positionnement-des-servantes-dans-le-sens-de-la-longueur.jpg\" data-lbwps-width=\"800\" data-lbwps-height=\"536\" data-lbwps-srcsmall=\"https:\/\/www.la-tablatou.eu\/la-tablatou-classique\/files\/2011\/09\/Positionnement-des-servantes-dans-le-sens-de-la-longueur.jpg\"><img loading=\"lazy\" decoding=\"async\" class=\"alignright size-thumbnail wp-image-844\" title=\"Positionnement des servantes dans le sens de la longueur\" src=\"http:\/\/www.la-tablatou.eu\/la-tablatou-classique\/files\/2011\/09\/Positionnement-des-servantes-dans-le-sens-de-la-longueur-149x100.jpg\" alt=\"Positionnement des servantes dans le sens de la longueur\" width=\"149\" height=\"100\" srcset=\"https:\/\/www.la-tablatou.eu\/la-tablatou-classique\/files\/2011\/09\/Positionnement-des-servantes-dans-le-sens-de-la-longueur-149x100.jpg 149w, https:\/\/www.la-tablatou.eu\/la-tablatou-classique\/files\/2011\/09\/Positionnement-des-servantes-dans-le-sens-de-la-longueur-597x400.jpg 597w, https:\/\/www.la-tablatou.eu\/la-tablatou-classique\/files\/2011\/09\/Positionnement-des-servantes-dans-le-sens-de-la-longueur.jpg 800w\" sizes=\"auto, (max-width: 149px) 100vw, 149px\" \/><\/a>Il s\u2019agit de 2 ensembles compos\u00e9s chacun de :<\/p>\n<ul>\n<li>2 tubes\u00a0 en aluminium de\u00a0 70 cm \u00e9quip\u00e9s de bagues mobiles\u00a0 de serrage et en\u00a0extr\u00e9mit\u00e9 d\u2019un dispositif\u00a0 pour bloquer un profil\u00e9\u00a0 faisant liaison entre\u00a0 eux<\/li>\n<li>1 profil\u00e9 de 90 cm<\/li>\n<\/ul>\n<p><a href=\"http:\/\/www.la-tablatou.eu\/la-tablatou-classique\/files\/2011\/09\/Servantes-avec-scie-radiale.jpg\" data-lbwps-width=\"800\" data-lbwps-height=\"536\" data-lbwps-srcsmall=\"https:\/\/www.la-tablatou.eu\/la-tablatou-classique\/files\/2011\/09\/Servantes-avec-scie-radiale.jpg\"><img loading=\"lazy\" decoding=\"async\" class=\"alignleft size-thumbnail wp-image-738\" title=\"Les servantes supportent les deux parties de la planche coup\u00e9e \u00e0 la scie radiale. Elles remplacent avantageusement un pi\u00e9tement (maximum de coupe en \u00e9quilibre 3 m\u00e8tres).\" src=\"http:\/\/www.la-tablatou.eu\/la-tablatou-classique\/files\/2011\/09\/Servantes-avec-scie-radiale-149x100.jpg\" alt=\"Les servantes supportent les deux parties de la planche coup\u00e9e \u00e0 la scie radiale. Elles remplacent avantageusement un pi\u00e9tement (maximum de coupe en \u00e9quilibre 3 m\u00e8tres).\" width=\"149\" height=\"100\" srcset=\"https:\/\/www.la-tablatou.eu\/la-tablatou-classique\/files\/2011\/09\/Servantes-avec-scie-radiale-149x100.jpg 149w, https:\/\/www.la-tablatou.eu\/la-tablatou-classique\/files\/2011\/09\/Servantes-avec-scie-radiale-597x400.jpg 597w, https:\/\/www.la-tablatou.eu\/la-tablatou-classique\/files\/2011\/09\/Servantes-avec-scie-radiale.jpg 800w\" sizes=\"auto, (max-width: 149px) 100vw, 149px\" \/><\/a>Ces tubes peuvent \u00eatre engag\u00e9s dans tous les \u00e9videments des angles des cadres.<br \/>\nIls sont r\u00e9glables en hauteur.<br \/>\nLe profil\u00e9, formant support, se pose sur 2 tubes log\u00e9s dans des \u00e9videments mitoyens soit dans le sens de la longueur ou de la largeur, il est bloqu\u00e9 par leur rotation.<br \/>\nLes possibilit\u00e9s d\u2019utilisations sont nombreuses de par cette fonction de supports r\u00e9glables en hauteur<\/p>\n<p><strong>Quelques applications<br \/>\n<\/strong><a href=\"http:\/\/www.la-tablatou.eu\/la-tablatou-classique\/files\/2011\/09\/Servantes-avec-rabot-en-stationnaire.jpg\" data-lbwps-width=\"800\" data-lbwps-height=\"536\" data-lbwps-srcsmall=\"https:\/\/www.la-tablatou.eu\/la-tablatou-classique\/files\/2011\/09\/Servantes-avec-rabot-en-stationnaire.jpg\"><img loading=\"lazy\" decoding=\"async\" class=\"alignright size-thumbnail wp-image-740\" title=\"Les servantes transforment le rabot stationnaire en mini d\u00e9gau\" src=\"http:\/\/www.la-tablatou.eu\/la-tablatou-classique\/files\/2011\/09\/Servantes-avec-rabot-en-stationnaire-149x100.jpg\" alt=\"Les servantes transforment le rabot stationnaire en mini d\u00e9gau\" width=\"149\" height=\"100\" srcset=\"https:\/\/www.la-tablatou.eu\/la-tablatou-classique\/files\/2011\/09\/Servantes-avec-rabot-en-stationnaire-149x100.jpg 149w, https:\/\/www.la-tablatou.eu\/la-tablatou-classique\/files\/2011\/09\/Servantes-avec-rabot-en-stationnaire-597x400.jpg 597w, https:\/\/www.la-tablatou.eu\/la-tablatou-classique\/files\/2011\/09\/Servantes-avec-rabot-en-stationnaire.jpg 800w\" sizes=\"auto, (max-width: 149px) 100vw, 149px\" \/><\/a>Supports pour mise en teinture de planches (remplacement de tr\u00e9teaux), supports de planches travaill\u00e9es avec un rabot mis en stationnaire (effet de mini d\u00e9gau) ou avec une scie radiale rempla\u00e7ant ainsi un pi\u00e8tement, base pour poser un plateau permettant un travail en hauteur soit horizontalement ou inclin\u00e9, support de plans en r\u00e9glant le profil\u00e9 au plus haut\u2026..<\/p>\n<p>&nbsp;<\/p>\n<p><strong>Les CROCHETS<br \/>\n<\/strong><a href=\"http:\/\/www.la-tablatou.eu\/la-tablatou-classique\/files\/2011\/03\/Les-crochets.jpg\" data-lbwps-width=\"800\" data-lbwps-height=\"536\" data-lbwps-srcsmall=\"https:\/\/www.la-tablatou.eu\/la-tablatou-classique\/files\/2011\/03\/Les-crochets.jpg\"><img loading=\"lazy\" decoding=\"async\" class=\"alignleft size-thumbnail wp-image-926\" title=\"Les 2 crochets de mise en place des panneaux peuvent aussi \u00eatre utilis\u00e9s au portage de ceux-ci.\" src=\"http:\/\/www.la-tablatou.eu\/la-tablatou-classique\/files\/2011\/03\/Les-crochets-149x100.jpg\" alt=\"Les 2 crochets de mise en place des panneaux peuvent aussi \u00eatre utilis\u00e9s au portage de ceux-ci.\" width=\"149\" height=\"100\" srcset=\"https:\/\/www.la-tablatou.eu\/la-tablatou-classique\/files\/2011\/03\/Les-crochets-149x100.jpg 149w, https:\/\/www.la-tablatou.eu\/la-tablatou-classique\/files\/2011\/03\/Les-crochets-597x400.jpg 597w, https:\/\/www.la-tablatou.eu\/la-tablatou-classique\/files\/2011\/03\/Les-crochets.jpg 800w\" sizes=\"auto, (max-width: 149px) 100vw, 149px\" \/><\/a>De forme en\u00a0 S,\u00a0 ils se posent sur les profil\u00e9s des cadres du c\u00f4t\u00e9 plat de la table.<br \/>\nIls permettent la <strong>mise sur table de tout panneau<\/strong>,\u00a0 m\u00eame lourd,<strong> sans effort et en restant debout.<\/strong><br \/>\nPoser la base du panneau sur les crochets et pousser sur sa partie haute. Le panneau est pos\u00e9.<br \/>\nD\u00e9j\u00e0 une man\u0153uvre prot\u00e9geant le dos.<\/p>\n<p>&nbsp;<\/p>\n<p><strong>LE SUPPORT LATERAL<br \/>\n<\/strong><a href=\"http:\/\/www.la-tablatou.eu\/la-tablatou-classique\/files\/2011\/03\/support-lateral.jpg\" data-lbwps-width=\"800\" data-lbwps-height=\"536\" data-lbwps-srcsmall=\"https:\/\/www.la-tablatou.eu\/la-tablatou-classique\/files\/2011\/03\/support-lateral.jpg\"><img loading=\"lazy\" decoding=\"async\" class=\"alignright size-thumbnail wp-image-950\" title=\"Le support lat\u00e9ral est exploitable \u00e0 toute hauteur par d\u00e9placement des taquets des pi\u00e9tements.\" src=\"http:\/\/www.la-tablatou.eu\/la-tablatou-classique\/files\/2011\/03\/support-lateral-149x100.jpg\" alt=\"Le support lat\u00e9ral est exploitable \u00e0 toute hauteur par d\u00e9placement des taquets des pi\u00e9tements.\" width=\"149\" height=\"100\" srcset=\"https:\/\/www.la-tablatou.eu\/la-tablatou-classique\/files\/2011\/03\/support-lateral-149x100.jpg 149w, https:\/\/www.la-tablatou.eu\/la-tablatou-classique\/files\/2011\/03\/support-lateral-597x400.jpg 597w, https:\/\/www.la-tablatou.eu\/la-tablatou-classique\/files\/2011\/03\/support-lateral.jpg 800w\" sizes=\"auto, (max-width: 149px) 100vw, 149px\" \/><\/a>Profil\u00e9 en forme de U, articul\u00e9 en son milieu, se pose sur les 2\u00a0 taquets de pi\u00e8tement faisant partie de l\u2019\u00e9quipement de la table.<br \/>\nSon emploi est int\u00e9ressant puisqu\u2019il\u00a0 permet la pose et le blocage rapide de panneaux de 25 \u00e0 100 cm de large travaill\u00e9s sur leur chant.<br \/>\n<a href=\"http:\/\/www.la-tablatou.eu\/la-tablatou-classique\/files\/2011\/03\/placage-chants.jpg\" data-lbwps-width=\"800\" data-lbwps-height=\"536\" data-lbwps-srcsmall=\"https:\/\/www.la-tablatou.eu\/la-tablatou-classique\/files\/2011\/03\/placage-chants.jpg\"><img loading=\"lazy\" decoding=\"async\" class=\"alignleft size-thumbnail wp-image-952\" title=\"Pour le placage des chants il n'est pas n\u00e9cessaire de bloquer le panneau puisqu'il est inclinable.\" src=\"http:\/\/www.la-tablatou.eu\/la-tablatou-classique\/files\/2011\/03\/placage-chants-149x100.jpg\" alt=\"Pour le placage des chants il n'est pas n\u00e9cessaire de bloquer le panneau puisqu'il est inclinable.\" width=\"149\" height=\"100\" srcset=\"https:\/\/www.la-tablatou.eu\/la-tablatou-classique\/files\/2011\/03\/placage-chants-149x100.jpg 149w, https:\/\/www.la-tablatou.eu\/la-tablatou-classique\/files\/2011\/03\/placage-chants-597x400.jpg 597w, https:\/\/www.la-tablatou.eu\/la-tablatou-classique\/files\/2011\/03\/placage-chants.jpg 800w\" sizes=\"auto, (max-width: 149px) 100vw, 149px\" \/><\/a>Le travail s\u2019effectue donc \u00e0 bonne hauteur par le positionnement des taquets sur les pi\u00e8tements.<br \/>\nA souligner que le placage de chants ne n\u00e9cessite pas le blocage du panneau.<\/p>\n<p>&nbsp;<\/p>\n<p><strong>Le SUPPORT DU TUYAU D\u2019ASPIRATEUR<br \/>\n<\/strong><a href=\"http:\/\/www.la-tablatou.eu\/la-tablatou-classique\/files\/2011\/03\/support-tuyau-aspiration.jpg\" data-lbwps-width=\"800\" data-lbwps-height=\"536\" data-lbwps-srcsmall=\"https:\/\/www.la-tablatou.eu\/la-tablatou-classique\/files\/2011\/03\/support-tuyau-aspiration.jpg\"><img loading=\"lazy\" decoding=\"async\" class=\"alignright\" title=\"Support de tuyau d'aspiration\" src=\"http:\/\/www.la-tablatou.eu\/la-tablatou-classique\/files\/2011\/03\/support-tuyau-aspiration-150x100.jpg\" alt=\"Support de tuyau d'aspiration\" width=\"150\" height=\"100\" \/><\/a>Il s\u2019agit d\u2019une platine \u00e0 crochets qui se pose,\u00a0 par pivotement,\u00a0 sur l\u2019extr\u00e9mit\u00e9 d\u2019un tube de servante.<br \/>\nAccessoire\u00a0 \u00e9vitant,\u00a0 lors du travail avec aspiration sur des panneaux de surfaces moyennes,\u00a0 le blocage du mat\u00e9riel par les annelures du tuyau d\u2019aspirateur.<br \/>\nLe tuyau de l\u2019aspirateur et le c\u00e2ble d\u2019alimentation coulissent facilement sur le crochet.<\/p>\n<p style=\"text-align: center;\"><strong>Ces diff\u00e9rents moyens confirment, certes, l&rsquo;aspect multifonctions de cet \u00e9tabli,\u00a0mais l&rsquo;objectif de faciliter le travail tout en prot\u00e9geant le dos.<\/strong><\/p>\n","protected":false},"excerpt":{"rendered":"<p>Le KIT CONFORT ,\u00a0 est le compl\u00e9ment indispensable de LA TABL\u2019ATOU. Il est compos\u00e9 de divers accessoires qui am\u00e9liorent les capacit\u00e9s d\u00e9j\u00e0 cons\u00e9quentes de la table. Les \u00a0SERVANTES Il s\u2019agit de 2 ensembles compos\u00e9s chacun de : 2 tubes\u00a0 en aluminium de\u00a0 70 cm \u00e9quip\u00e9s de bagues mobiles\u00a0 de serrage et en\u00a0extr\u00e9mit\u00e9 d\u2019un dispositif\u00a0 pour bloquer un profil\u00e9\u00a0 faisant liaison &hellip; <a href=\"https:\/\/www.la-tablatou.eu\/la-tablatou-classique\/presentation-tablatou\/les-options\/kit-confort-tablatou\/\">Continue reading <span class=\"meta-nav\">&rarr;<\/span><\/a><\/p>\n","protected":false},"author":1,"featured_media":0,"parent":677,"menu_order":1,"comment_status":"closed","ping_status":"closed","template":"","meta":{"footnotes":""},"class_list":["post-336","page","type-page","status-publish","hentry"],"_links":{"self":[{"href":"https:\/\/www.la-tablatou.eu\/la-tablatou-classique\/wp-json\/wp\/v2\/pages\/336","targetHints":{"allow":["GET"]}}],"collection":[{"href":"https:\/\/www.la-tablatou.eu\/la-tablatou-classique\/wp-json\/wp\/v2\/pages"}],"about":[{"href":"https:\/\/www.la-tablatou.eu\/la-tablatou-classique\/wp-json\/wp\/v2\/types\/page"}],"author":[{"embeddable":true,"href":"https:\/\/www.la-tablatou.eu\/la-tablatou-classique\/wp-json\/wp\/v2\/users\/1"}],"replies":[{"embeddable":true,"href":"https:\/\/www.la-tablatou.eu\/la-tablatou-classique\/wp-json\/wp\/v2\/comments?post=336"}],"version-history":[{"count":35,"href":"https:\/\/www.la-tablatou.eu\/la-tablatou-classique\/wp-json\/wp\/v2\/pages\/336\/revisions"}],"predecessor-version":[{"id":1300,"href":"https:\/\/www.la-tablatou.eu\/la-tablatou-classique\/wp-json\/wp\/v2\/pages\/336\/revisions\/1300"}],"up":[{"embeddable":true,"href":"https:\/\/www.la-tablatou.eu\/la-tablatou-classique\/wp-json\/wp\/v2\/pages\/677"}],"wp:attachment":[{"href":"https:\/\/www.la-tablatou.eu\/la-tablatou-classique\/wp-json\/wp\/v2\/media?parent=336"}],"curies":[{"name":"wp","href":"https:\/\/api.w.org\/{rel}","templated":true}]}}