{"id":332,"date":"2011-03-06T10:30:02","date_gmt":"2011-03-06T08:30:02","guid":{"rendered":"http:\/\/www.la-tablatou.eu\/la-tablatou-classique\/?page_id=332"},"modified":"2025-02-11T09:43:34","modified_gmt":"2025-02-11T08:43:34","slug":"guide-coupe-tablatou","status":"publish","type":"page","link":"https:\/\/www.la-tablatou.eu\/la-tablatou-classique\/presentation-tablatou\/les-options\/guide-coupe-tablatou\/","title":{"rendered":"Le Guide Coupe"},"content":{"rendered":"<p><a href=\"http:\/\/www.la-tablatou.eu\/la-tablatou-classique\/files\/2011\/10\/Guide_coupe_vue_ensemble.jpg\" data-lbwps-width=\"800\" data-lbwps-height=\"536\" data-lbwps-srcsmall=\"https:\/\/www.la-tablatou.eu\/la-tablatou-classique\/files\/2011\/10\/Guide_coupe_vue_ensemble.jpg\"><img loading=\"lazy\" decoding=\"async\" class=\"alignleft size-thumbnail wp-image-972\" title=\"Vue d'ensemble du GUIDE COUPE r\u00e9gl\u00e9 pour la r\u00e9alisation d'une &quot;cl\u00e9&quot; (pi\u00e8ce aux bords non parall\u00e8les). La r\u00e8gle mobile peut \u00eatre l\u00e9g\u00e8rement biais\u00e9e mais pour des angles plus prononc\u00e9s il faut utiliser l'accessoire &quot;angles variables&quot; du GUIDE COUPE.\" src=\"http:\/\/www.la-tablatou.eu\/la-tablatou-classique\/files\/2011\/10\/Guide_coupe_vue_ensemble-149x100.jpg\" alt=\"Vue d'ensemble du GUIDE COUPE r\u00e9gl\u00e9 pour la r\u00e9alisation d'une &quot;cl\u00e9&quot; (pi\u00e8ce aux bords non parall\u00e8les). La r\u00e8gle mobile peut \u00eatre l\u00e9g\u00e8rement biais\u00e9e mais pour des angles plus prononc\u00e9s il faut utiliser l'accessoire &quot;angles variables&quot; du GUIDE COUPE.\" width=\"149\" height=\"100\" srcset=\"https:\/\/www.la-tablatou.eu\/la-tablatou-classique\/files\/2011\/10\/Guide_coupe_vue_ensemble-149x100.jpg 149w, https:\/\/www.la-tablatou.eu\/la-tablatou-classique\/files\/2011\/10\/Guide_coupe_vue_ensemble-597x400.jpg 597w, https:\/\/www.la-tablatou.eu\/la-tablatou-classique\/files\/2011\/10\/Guide_coupe_vue_ensemble.jpg 800w\" sizes=\"auto, (max-width: 149px) 100vw, 149px\" \/><\/a>Le GUIDE COUPE, au<strong> concept novateur<\/strong>, est tr\u00e8s int\u00e9ressant dans\u00a0 son principe puisqu\u2019il permet de r\u00e9aliser des<strong> travaux \u00e0 l\u2019identique<\/strong>, avec une<strong> pr\u00e9cision absolue<\/strong> et en toute facilit\u00e9.<br \/>\nCet accessoire est con\u00e7u pour l&rsquo;utilisation de mat\u00e9riel \u00e9lectro-portatif de toutes marques- scies circulaires , d\u00e9fonceuses et m\u00eame fraiseuses \u00e0 lamelles.<\/p>\n<p><a href=\"http:\/\/www.la-tablatou.eu\/la-tablatou-classique\/files\/2011\/10\/guide_coupe_gros_plan.jpg\" data-lbwps-width=\"800\" data-lbwps-height=\"536\" data-lbwps-srcsmall=\"https:\/\/www.la-tablatou.eu\/la-tablatou-classique\/files\/2011\/10\/guide_coupe_gros_plan.jpg\"><img loading=\"lazy\" decoding=\"async\" class=\"alignright size-thumbnail wp-image-974\" title=\"Une pi\u00e8ce comme cette &quot;cl\u00e9&quot;, moins large, est toujours r\u00e9alisable \u00e0 condition d'interposer une bande de bois aux bords parall\u00e8les entre la r\u00e8gle mobile et la pi\u00e8ce.\" src=\"http:\/\/www.la-tablatou.eu\/la-tablatou-classique\/files\/2011\/10\/guide_coupe_gros_plan-149x100.jpg\" alt=\"Une pi\u00e8ce comme cette &quot;cl\u00e9&quot;, moins large, est toujours r\u00e9alisable \u00e0 condition d'interposer une bande de bois aux bords parall\u00e8les entre la r\u00e8gle mobile et la pi\u00e8ce.\" width=\"149\" height=\"100\" srcset=\"https:\/\/www.la-tablatou.eu\/la-tablatou-classique\/files\/2011\/10\/guide_coupe_gros_plan-149x100.jpg 149w, https:\/\/www.la-tablatou.eu\/la-tablatou-classique\/files\/2011\/10\/guide_coupe_gros_plan-597x400.jpg 597w, https:\/\/www.la-tablatou.eu\/la-tablatou-classique\/files\/2011\/10\/guide_coupe_gros_plan.jpg 800w\" sizes=\"auto, (max-width: 149px) 100vw, 149px\" \/><\/a>Il s\u2019adapte rapidement, sans\u00a0 outillage de montage, sur les cadres de LA TABL\u2019ATOU.<br \/>\nLa longueur de passage des panneaux est de 130 cm. pour une profondeur travaill\u00e9e de 70 cm.<\/p>\n<p>Le GUIDE COUPE se compose de :<\/p>\n<ul>\n<li>2 longerons gradu\u00e9s.\u00a0 Se clipsent sur chacune des traverses rondes situ\u00e9es aux\u00a0extr\u00e9mit\u00e9s des cadres<\/li>\n<li>1 r\u00e8gle fixe<br \/>\nS\u2019enfiche dans des ergots plac\u00e9s en extr\u00e9mit\u00e9 des longerons<\/li>\n<li><a href=\"http:\/\/www.la-tablatou.eu\/la-tablatou-classique\/files\/2011\/10\/description-guide-coupe.jpg\" data-lbwps-width=\"800\" data-lbwps-height=\"536\" data-lbwps-srcsmall=\"https:\/\/www.la-tablatou.eu\/la-tablatou-classique\/files\/2011\/10\/description-guide-coupe.jpg\"><img loading=\"lazy\" decoding=\"async\" class=\"alignright size-thumbnail wp-image-1046\" title=\"Les divers \u00e9l\u00e9ments composant le GUIDE COUPE | Les 2 longerons gradu\u00e9s, la r\u00e8gle fixe, la r\u00e8gle mobile, les 2 martyrs mobiles, les accessoires : &quot;\u00e9querres contre-coud\u00e9es&quot; et &quot;angles variables&quot;.\" src=\"http:\/\/www.la-tablatou.eu\/la-tablatou-classique\/files\/2011\/10\/description-guide-coupe-149x100.jpg\" alt=\"Les divers \u00e9l\u00e9ments composant le GUIDE COUPE | Les 2 longerons gradu\u00e9s, la r\u00e8gle fixe, la r\u00e8gle mobile, les 2 martyrs mobiles, les accessoires : &quot;\u00e9querres contre-coud\u00e9es&quot; et &quot;angles variables&quot;.\" width=\"149\" height=\"100\" srcset=\"https:\/\/www.la-tablatou.eu\/la-tablatou-classique\/files\/2011\/10\/description-guide-coupe-149x100.jpg 149w, https:\/\/www.la-tablatou.eu\/la-tablatou-classique\/files\/2011\/10\/description-guide-coupe-597x400.jpg 597w, https:\/\/www.la-tablatou.eu\/la-tablatou-classique\/files\/2011\/10\/description-guide-coupe.jpg 800w\" sizes=\"auto, (max-width: 149px) 100vw, 149px\" \/><\/a>1 r\u00e8gle mobile<br \/>\nCoulisse sur les longerons gradu\u00e9s<\/li>\n<li>2 martyrs mobiles<br \/>\nSe positionnent sur les cadres<\/li>\n<li>3 accessoires destin\u00e9s \u00e0 des travaux sp\u00e9cifiques :<\/li>\n<\/ul>\n<ul>\n<li>2 \u00e9querres contre-coud\u00e9es<\/li>\n<li>1 curseur \u00ab\u00a0angles variables\u00a0\u00bb<\/li>\n<\/ul>\n<p>Les outils se d\u00e9placent le long de la r\u00e8gle fixe ou s\u2019y appuient (fraiseuse \u00e0 lamelles).<br \/>\nLes panneaux reposent sur les martyrs sp\u00e9cifiques et se bloquent contre :<\/p>\n<ul>\n<li>la r\u00e8gle mobile positionn\u00e9e \u00e0 la dimension souhait\u00e9e<\/li>\n<li>les longerons gradu\u00e9s et selon la nature du travail :<\/li>\n<\/ul>\n<ul>\n<li>c\u00f4t\u00e9 gauche\u00a0pour la scie portative<\/li>\n<li>c\u00f4t\u00e9 droit pour la d\u00e9fonceuse compte tenu du sens de son d\u00e9placement<\/li>\n<li>les deux c\u00f4t\u00e9s sont possibles avec la fraiseuse \u00e0 lamelles puisque cet outil\u00a0ne se d\u00e9place pas<\/li>\n<\/ul>\n<p><a href=\"http:\/\/www.la-tablatou.eu\/la-tablatou-classique\/files\/2011\/10\/scie-circulaire.jpg\" data-lbwps-width=\"800\" data-lbwps-height=\"536\" data-lbwps-srcsmall=\"https:\/\/www.la-tablatou.eu\/la-tablatou-classique\/files\/2011\/10\/scie-circulaire.jpg\"><img loading=\"lazy\" decoding=\"async\" class=\"alignright size-thumbnail wp-image-1018\" title=\"Le GUIDE COUPE permet la production en s\u00e9rie d'\u00e9l\u00e9ments de quelques millim\u00e8tres \u00e0 70 cm. de large sur 130 cm. de long.\" src=\"http:\/\/www.la-tablatou.eu\/la-tablatou-classique\/files\/2011\/10\/scie-circulaire-149x100.jpg\" alt=\"Le GUIDE COUPE permet la production en s\u00e9rie d'\u00e9l\u00e9ments de quelques millim\u00e8tres \u00e0 70 cm. de large sur 130 cm. de long.\" width=\"149\" height=\"100\" srcset=\"https:\/\/www.la-tablatou.eu\/la-tablatou-classique\/files\/2011\/10\/scie-circulaire-149x100.jpg 149w, https:\/\/www.la-tablatou.eu\/la-tablatou-classique\/files\/2011\/10\/scie-circulaire-597x400.jpg 597w, https:\/\/www.la-tablatou.eu\/la-tablatou-classique\/files\/2011\/10\/scie-circulaire.jpg 800w\" sizes=\"auto, (max-width: 149px) 100vw, 149px\" \/><\/a>Avec une\u00a0 <strong>SCIE CIRCULAIRE<\/strong>, il est possible de r\u00e9aliser :<\/p>\n<ul>\n<li>des coupes parall\u00e8les de quelques millim\u00e8tres de large \u00e0 70 cm<\/li>\n<li>des coupes en angles avec le curseur \u00ab\u00a0angles variables\u00a0\u00bb fix\u00e9 sur la r\u00e8gle mobile<\/li>\n<\/ul>\n<p><a href=\"http:\/\/www.la-tablatou.eu\/la-tablatou-classique\/files\/2011\/03\/defonceuse.jpg\" data-lbwps-width=\"800\" data-lbwps-height=\"536\" data-lbwps-srcsmall=\"https:\/\/www.la-tablatou.eu\/la-tablatou-classique\/files\/2011\/03\/defonceuse.jpg\"><img loading=\"lazy\" decoding=\"async\" class=\"size-thumbnail wp-image-992 alignleft\" title=\"Avec la d\u00e9fonceuse, possibilit\u00e9 de travail arr\u00eat\u00e9 en plein panneau (utilisation des \u00e9querres contre-coud\u00e9es).\" src=\"http:\/\/www.la-tablatou.eu\/la-tablatou-classique\/files\/2011\/03\/defonceuse-149x100.jpg\" alt=\"Avec la d\u00e9fonceuse, possibilit\u00e9 de travail arr\u00eat\u00e9 en plein panneau (utilisation des \u00e9querres contre-coud\u00e9es).\" width=\"149\" height=\"100\" srcset=\"https:\/\/www.la-tablatou.eu\/la-tablatou-classique\/files\/2011\/03\/defonceuse-149x100.jpg 149w, https:\/\/www.la-tablatou.eu\/la-tablatou-classique\/files\/2011\/03\/defonceuse-597x400.jpg 597w, https:\/\/www.la-tablatou.eu\/la-tablatou-classique\/files\/2011\/03\/defonceuse.jpg 800w\" sizes=\"auto, (max-width: 149px) 100vw, 149px\" \/><\/a>Avec une <strong>D\u00c9FONCEUSE<\/strong>, le GUIDE COUPE permet la r\u00e9alisation<strong>, en plein panneau<\/strong>, de tout passage de fraises avec possibilit\u00e9 de travail arr\u00eat\u00e9.<br \/>\nDes fraisages en biais sont possibles avec l&rsquo;accessoire \u00ab\u00a0angles variables\u00a0\u00bb<br \/>\nLe travail des petites largeurs est \u00e0 ex\u00e9cuter sur une table de fraisage.<\/p>\n<p><a href=\"http:\/\/www.la-tablatou.eu\/la-tablatou-classique\/files\/2011\/03\/fraiseuse1.jpg\" data-lbwps-width=\"800\" data-lbwps-height=\"536\" data-lbwps-srcsmall=\"https:\/\/www.la-tablatou.eu\/la-tablatou-classique\/files\/2011\/03\/fraiseuse1.jpg\"><img loading=\"lazy\" decoding=\"async\" class=\"alignright size-thumbnail wp-image-1087\" title=\"Fraiseuse \u00e0 lamelle | Pr\u00e9cision dans le positionnement des entailles en plein panneau. Au lieu du &quot;coup de crayon&quot; sur la r\u00e8gle fixe pour rep\u00e8re, il est possible d'utiliser les \u00e9querres contre-coud\u00e9es comme but\u00e9es pour les 2 entailles des extr\u00e9mit\u00e9s.\" src=\"http:\/\/www.la-tablatou.eu\/la-tablatou-classique\/files\/2011\/03\/fraiseuse1-150x100.jpg\" alt=\"Fraiseuse \u00e0 lamelle | Pr\u00e9cision dans le positionnement des entailles en plein panneau. Au lieu du &quot;coup de crayon&quot; sur la r\u00e8gle fixe pour rep\u00e8re, il est possible d'utiliser les \u00e9querres contre-coud\u00e9es comme but\u00e9es pour les 2 entailles des extr\u00e9mit\u00e9s.\" width=\"150\" height=\"100\" srcset=\"https:\/\/www.la-tablatou.eu\/la-tablatou-classique\/files\/2011\/03\/fraiseuse1-150x100.jpg 150w, https:\/\/www.la-tablatou.eu\/la-tablatou-classique\/files\/2011\/03\/fraiseuse1-597x400.jpg 597w, https:\/\/www.la-tablatou.eu\/la-tablatou-classique\/files\/2011\/03\/fraiseuse1.jpg 800w\" sizes=\"auto, (max-width: 150px) 100vw, 150px\" \/><\/a>Avec une <strong>FRAISEUSE A\u00a0 LAMELLES<\/strong>,<strong> les entailles en plein panneau<\/strong> ne posent plus de difficult\u00e9s.<br \/>\nA souligner que ces derni\u00e8res possibilit\u00e9s du GUIDE COUPE, <strong>dispositif\u00a0 sans concurrence<\/strong>, sont particuli\u00e8rement\u00a0 int\u00e9ressantes par la rapidit\u00e9 d\u2019ex\u00e9cution et la pr\u00e9cision obtenue.<\/p>\n<p>Le <a title=\"Documentations\" href=\"http:\/\/www.la-tablatou.eu\/la-tablatou-classique\/presentation\/documentations\/\">Manuel d&rsquo;utilisation de la TABL\u2019ATOU<\/a> expose toutes les informations sur la mise en place, le r\u00e9glage de la r\u00e8gle mobile en fonction de la scie et toutes les utilisations possibles avec les diff\u00e9rents outils.<\/p>\n<p style=\"text-align: center;\"><strong>Le GUIDE COUPE valorise le mat\u00e9riel en augmentant ses possibilit\u00e9s.<\/strong><br \/>\n<strong> Gain de temps, pr\u00e9cision sont assur\u00e9s !<\/strong><\/p>\n","protected":false},"excerpt":{"rendered":"<p>Le GUIDE COUPE, au concept novateur, est tr\u00e8s int\u00e9ressant dans\u00a0 son principe puisqu\u2019il permet de r\u00e9aliser des travaux \u00e0 l\u2019identique, avec une pr\u00e9cision absolue et en toute facilit\u00e9. Cet accessoire est con\u00e7u pour l&rsquo;utilisation de mat\u00e9riel \u00e9lectro-portatif de toutes marques- scies circulaires , d\u00e9fonceuses et m\u00eame fraiseuses \u00e0 lamelles. Il s\u2019adapte rapidement, sans\u00a0 outillage de montage, sur les cadres de &hellip; <a href=\"https:\/\/www.la-tablatou.eu\/la-tablatou-classique\/presentation-tablatou\/les-options\/guide-coupe-tablatou\/\">Continue reading <span class=\"meta-nav\">&rarr;<\/span><\/a><\/p>\n","protected":false},"author":1,"featured_media":0,"parent":677,"menu_order":2,"comment_status":"closed","ping_status":"closed","template":"","meta":{"footnotes":""},"class_list":["post-332","page","type-page","status-publish","hentry"],"_links":{"self":[{"href":"https:\/\/www.la-tablatou.eu\/la-tablatou-classique\/wp-json\/wp\/v2\/pages\/332","targetHints":{"allow":["GET"]}}],"collection":[{"href":"https:\/\/www.la-tablatou.eu\/la-tablatou-classique\/wp-json\/wp\/v2\/pages"}],"about":[{"href":"https:\/\/www.la-tablatou.eu\/la-tablatou-classique\/wp-json\/wp\/v2\/types\/page"}],"author":[{"embeddable":true,"href":"https:\/\/www.la-tablatou.eu\/la-tablatou-classique\/wp-json\/wp\/v2\/users\/1"}],"replies":[{"embeddable":true,"href":"https:\/\/www.la-tablatou.eu\/la-tablatou-classique\/wp-json\/wp\/v2\/comments?post=332"}],"version-history":[{"count":49,"href":"https:\/\/www.la-tablatou.eu\/la-tablatou-classique\/wp-json\/wp\/v2\/pages\/332\/revisions"}],"predecessor-version":[{"id":1323,"href":"https:\/\/www.la-tablatou.eu\/la-tablatou-classique\/wp-json\/wp\/v2\/pages\/332\/revisions\/1323"}],"up":[{"embeddable":true,"href":"https:\/\/www.la-tablatou.eu\/la-tablatou-classique\/wp-json\/wp\/v2\/pages\/677"}],"wp:attachment":[{"href":"https:\/\/www.la-tablatou.eu\/la-tablatou-classique\/wp-json\/wp\/v2\/media?parent=332"}],"curies":[{"name":"wp","href":"https:\/\/api.w.org\/{rel}","templated":true}]}}