{"id":285,"date":"2011-03-06T10:10:59","date_gmt":"2011-03-06T08:10:59","guid":{"rendered":"http:\/\/www.la-tablatou.eu\/la-tablatou-classique\/?page_id=285"},"modified":"2025-02-11T09:44:22","modified_gmt":"2025-02-11T08:44:22","slug":"videos-tablatou","status":"publish","type":"page","link":"https:\/\/www.la-tablatou.eu\/la-tablatou-classique\/presentation-tablatou\/videos-tablatou\/","title":{"rendered":"Vid\u00e9os"},"content":{"rendered":"<p><strong>Pr\u00e9sentation g\u00e9n\u00e9rale en vid\u00e9o<br \/>\n<iframe loading=\"lazy\" title=\"Pr\u00e9sentation de la Tabl&#039;atou - Un \u00e9tabli de bricolage\" width=\"640\" height=\"480\" src=\"https:\/\/www.youtube.com\/embed\/fl8mo1uOTjY?feature=oembed\" frameborder=\"0\" allow=\"accelerometer; autoplay; clipboard-write; encrypted-media; gyroscope; picture-in-picture; web-share\" referrerpolicy=\"strict-origin-when-cross-origin\" allowfullscreen><\/iframe><br \/>\n<\/strong><\/p>\n<p>&nbsp;<\/p>\n<p><strong>Emission T\u00e9l\u00e9 &#8211; Question Maison<\/strong><br \/>\nH\u00e9 oui ! La t\u00e9l\u00e9 s&rsquo;est int\u00e9ress\u00e9e \u00e0 nous !!<br \/>\n<iframe loading=\"lazy\" title=\"Passage \u00e0 la t\u00e9l\u00e9\" width=\"640\" height=\"480\" src=\"https:\/\/www.youtube.com\/embed\/dEMdT3AoYa4?feature=oembed\" frameborder=\"0\" allow=\"accelerometer; autoplay; clipboard-write; encrypted-media; gyroscope; picture-in-picture; web-share\" referrerpolicy=\"strict-origin-when-cross-origin\" allowfullscreen><\/iframe><\/p>\n","protected":false},"excerpt":{"rendered":"<p>Pr\u00e9sentation g\u00e9n\u00e9rale en vid\u00e9o &nbsp; Emission T\u00e9l\u00e9 &#8211; Question Maison H\u00e9 oui ! La t\u00e9l\u00e9 s&rsquo;est int\u00e9ress\u00e9e \u00e0 nous !!<\/p>\n","protected":false},"author":1,"featured_media":0,"parent":565,"menu_order":5,"comment_status":"closed","ping_status":"closed","template":"","meta":{"footnotes":""},"class_list":["post-285","page","type-page","status-publish","hentry"],"_links":{"self":[{"href":"https:\/\/www.la-tablatou.eu\/la-tablatou-classique\/wp-json\/wp\/v2\/pages\/285","targetHints":{"allow":["GET"]}}],"collection":[{"href":"https:\/\/www.la-tablatou.eu\/la-tablatou-classique\/wp-json\/wp\/v2\/pages"}],"about":[{"href":"https:\/\/www.la-tablatou.eu\/la-tablatou-classique\/wp-json\/wp\/v2\/types\/page"}],"author":[{"embeddable":true,"href":"https:\/\/www.la-tablatou.eu\/la-tablatou-classique\/wp-json\/wp\/v2\/users\/1"}],"replies":[{"embeddable":true,"href":"https:\/\/www.la-tablatou.eu\/la-tablatou-classique\/wp-json\/wp\/v2\/comments?post=285"}],"version-history":[{"count":14,"href":"https:\/\/www.la-tablatou.eu\/la-tablatou-classique\/wp-json\/wp\/v2\/pages\/285\/revisions"}],"predecessor-version":[{"id":1272,"href":"https:\/\/www.la-tablatou.eu\/la-tablatou-classique\/wp-json\/wp\/v2\/pages\/285\/revisions\/1272"}],"up":[{"embeddable":true,"href":"https:\/\/www.la-tablatou.eu\/la-tablatou-classique\/wp-json\/wp\/v2\/pages\/565"}],"wp:attachment":[{"href":"https:\/\/www.la-tablatou.eu\/la-tablatou-classique\/wp-json\/wp\/v2\/media?parent=285"}],"curies":[{"name":"wp","href":"https:\/\/api.w.org\/{rel}","templated":true}]}}