{"id":276,"date":"2011-03-06T10:08:38","date_gmt":"2011-03-06T08:08:38","guid":{"rendered":"http:\/\/www.la-tablatou.eu\/la-tablatou-classique\/?page_id=276"},"modified":"2025-02-10T18:00:21","modified_gmt":"2025-02-10T17:00:21","slug":"presentation-tablatou","status":"publish","type":"page","link":"https:\/\/www.la-tablatou.eu\/la-tablatou-classique\/","title":{"rendered":"Pr\u00e9sentation g\u00e9n\u00e9rale&#8230;"},"content":{"rendered":"<p><a href=\"http:\/\/www.la-tablatou.eu\/la-tablatou-classique\/files\/2011\/09\/La-Tablatou-ferm\u00e9e-.jpg\" data-lbwps-width=\"800\" data-lbwps-height=\"536\" data-lbwps-srcsmall=\"https:\/\/www.la-tablatou.eu\/la-tablatou-classique\/files\/2011\/09\/La-Tablatou-ferm\u00e9e-.jpg\"><img loading=\"lazy\" decoding=\"async\" class=\"alignleft\" title=\"LA TABL'ATOU ferm\u00e9e\" src=\"http:\/\/www.la-tablatou.eu\/la-tablatou-classique\/files\/2011\/09\/La-Tablatou-ferm\u00e9e--149x100.jpg\" alt=\"LA TABL'ATOU ferm\u00e9e\" width=\"149\" height=\"100\" \/><\/a>Cet <strong>\u00e9tabli<\/strong> ou <strong>table de travail<\/strong>, selon son utilisation, est destin\u00e9 aux professionnels comme aux amoureux du travail du bois. Mais de par sa vocation d\u2019\u00eatre multifonctions, il pourra r\u00e9pondre \u00e0 des activit\u00e9s fort diverses.<br \/>\n<strong>Pliant, portatif,<\/strong> d\u00e9pla\u00e7able avec ses roulettes amovibles, transportable en voiture particuli\u00e8re, cet \u00e9tabli allie <strong>s\u00e9curit\u00e9, stabilit\u00e9 absolue, efficacit\u00e9.<\/strong><\/p>\n<p><a href=\"http:\/\/www.la-tablatou.eu\/la-tablatou-classique\/files\/2011\/09\/Tablatou-ouverte.jpg\" data-lbwps-width=\"800\" data-lbwps-height=\"536\" data-lbwps-srcsmall=\"https:\/\/www.la-tablatou.eu\/la-tablatou-classique\/files\/2011\/09\/Tablatou-ouverte.jpg\"><img loading=\"lazy\" decoding=\"async\" class=\"alignright\" title=\"LA TABL'ATOU ouverte\" src=\"http:\/\/www.la-tablatou.eu\/la-tablatou-classique\/files\/2011\/09\/Tablatou-ouverte-149x100.jpg\" alt=\"LA TABL'ATOU ouverte\" width=\"149\" height=\"100\" \/><\/a>Op\u00e9rationnel en 20 secondes, sans outils de montage, il privil\u00e9gie <strong>l&rsquo;autonomie totale d\u2019une personne seule<\/strong>.<br \/>\nUne des originalit\u00e9s de LA TABL\u2019ATOU est de proposer une surface de travail uniquement constitu\u00e9e par les cadres du b\u00e2ti donc sans surface pleine , soit du \u00abvide\u00bb.<\/p>\n<p>Cette DISPOSITION INNOVANTE, permet lors des coupes de limiter l\u2019impact du passage des lames aux seules traces sur les <strong>\u00abmartyrs\u00bb<\/strong> (bandes de contre-plaqu\u00e9 encastr\u00e9es dans les cadres et rempla\u00e7ables) <strong>sauvegardant ainsi toute d\u00e9t\u00e9rioration d\u2019une<\/strong> <strong>surface pleine<\/strong> qui, en dehors\u00a0\u00a0de l\u2019aspect, offre, \u00e0 terme, une base hachur\u00e9e en tout sens, peu rationnelle pour travailler.<\/p>\n<p><a href=\"http:\/\/www.la-tablatou.eu\/la-tablatou-classique\/files\/2011\/09\/Outillage.jpg\" data-lbwps-width=\"800\" data-lbwps-height=\"541\" data-lbwps-srcsmall=\"https:\/\/www.la-tablatou.eu\/la-tablatou-classique\/files\/2011\/09\/Outillage.jpg\"><img loading=\"lazy\" decoding=\"async\" class=\"alignleft size-thumbnail wp-image-829\" title=\"L'outillage fourni avec la TABL'ATOU\" src=\"http:\/\/www.la-tablatou.eu\/la-tablatou-classique\/files\/2011\/09\/Outillage-147x100.jpg\" alt=\"L'outillage fourni avec la TABL'ATOU\" width=\"147\" height=\"100\" srcset=\"https:\/\/www.la-tablatou.eu\/la-tablatou-classique\/files\/2011\/09\/Outillage-147x100.jpg 147w, https:\/\/www.la-tablatou.eu\/la-tablatou-classique\/files\/2011\/09\/Outillage-591x400.jpg 591w, https:\/\/www.la-tablatou.eu\/la-tablatou-classique\/files\/2011\/09\/Outillage.jpg 800w\" sizes=\"auto, (max-width: 147px) 100vw, 147px\" \/><\/a><strong>Deux plateaux perfor\u00e9s<\/strong>, int\u00e9gr\u00e9s dans les pi\u00e8tements, peuvent se placer entre les \u00abmartyrs\u00bb, mais non utilis\u00e9s pour les coupes ils<strong> pr\u00e9senteront toujours une surface impeccable.<\/strong><br \/>\n<a href=\"http:\/\/www.la-tablatou.eu\/la-tablatou-classique\/files\/2011\/03\/serre-joints-exentriques.jpg\" data-lbwps-width=\"800\" data-lbwps-height=\"536\" data-lbwps-srcsmall=\"https:\/\/www.la-tablatou.eu\/la-tablatou-classique\/files\/2011\/03\/serre-joints-exentriques.jpg\"><img loading=\"lazy\" decoding=\"async\" class=\"alignright size-thumbnail wp-image-918\" title=\"Les 2 serre-joints excentriques et leurs but\u00e9es. Elles peuvent \u00eatre utilis\u00e9es, seules, pour le blocage de pi\u00e8ces (pon\u00e7age \u00e0 bandes,...)\" src=\"http:\/\/www.la-tablatou.eu\/la-tablatou-classique\/files\/2011\/03\/serre-joints-exentriques-149x100.jpg\" alt=\"Les 2 serre-joints excentriques et leurs but\u00e9es. Elles peuvent \u00eatre utilis\u00e9es, seules, pour le blocage de pi\u00e8ces (pon\u00e7age \u00e0 bandes,...)\" width=\"149\" height=\"100\" srcset=\"https:\/\/www.la-tablatou.eu\/la-tablatou-classique\/files\/2011\/03\/serre-joints-exentriques-149x100.jpg 149w, https:\/\/www.la-tablatou.eu\/la-tablatou-classique\/files\/2011\/03\/serre-joints-exentriques-597x400.jpg 597w, https:\/\/www.la-tablatou.eu\/la-tablatou-classique\/files\/2011\/03\/serre-joints-exentriques.jpg 800w\" sizes=\"auto, (max-width: 149px) 100vw, 149px\" \/><\/a>Les perforations des plateaux permettent l\u2019exploitation de deux\u00a0 serre-joints excentriques int\u00e9gr\u00e9s dans l\u2019\u00e9quipement de la table avec d\u2019autres\u00a0 moyens\u00a0 (serre-joint classique et\u00a0 2 taquets s\u2019ins\u00e9rant dans les pi\u00e8tements ).<br \/>\n<strong>In\u00e9gal\u00e9e dans sa cat\u00e9gorie, LA TABL\u2019ATOU est actuellement le seul\u00a0\u00e9tabli ou table de travail multifonctions digne de ce nom.\u00a0 Un v\u00e9ritable manque du march\u00e9 est combl\u00e9.<\/strong><\/p>\n<p><a href=\"http:\/\/www.la-tablatou.eu\/la-tablatou-classique\/files\/2011\/09\/Ventouses-Festool-et-la-Tablatou.jpg\" data-lbwps-width=\"800\" data-lbwps-height=\"536\" data-lbwps-srcsmall=\"https:\/\/www.la-tablatou.eu\/la-tablatou-classique\/files\/2011\/09\/Ventouses-Festool-et-la-Tablatou.jpg\"><img loading=\"lazy\" decoding=\"async\" class=\"size-thumbnail wp-image-745 alignleft\" title=\"Syst\u00e8me de serrage \u00e0 vide de Festool et LA TABL'ATOU | Adaptation Christophe Landemaine - St\u00e9 SKULT design - 06 73 53 14 78\" src=\"http:\/\/www.la-tablatou.eu\/la-tablatou-classique\/files\/2011\/09\/Ventouses-Festool-et-la-Tablatou-149x100.jpg\" alt=\"Syst\u00e8me de serrage \u00e0 vide de Festool et LA TABL'ATOU | Adaptation Christophe Landemaine - St\u00e9 SKULT design - 06 73 53 14 78\" width=\"149\" height=\"100\" srcset=\"https:\/\/www.la-tablatou.eu\/la-tablatou-classique\/files\/2011\/09\/Ventouses-Festool-et-la-Tablatou-149x100.jpg 149w, https:\/\/www.la-tablatou.eu\/la-tablatou-classique\/files\/2011\/09\/Ventouses-Festool-et-la-Tablatou-597x400.jpg 597w, https:\/\/www.la-tablatou.eu\/la-tablatou-classique\/files\/2011\/09\/Ventouses-Festool-et-la-Tablatou.jpg 800w\" sizes=\"auto, (max-width: 149px) 100vw, 149px\" \/><\/a>Des possibilit\u00e9s d\u00e9j\u00e0 nombreuses obtenues avec son outillage int\u00e9gr\u00e9 et de par son concept \u00e9volutif, votre champ d\u2019actions pourra encore s\u2019\u00e9largir consid\u00e9rablement par divers accessoires sp\u00e9cifiques en option comme <a title=\"Le Guide Coupe (option)\" href=\"http:\/\/www.la-tablatou.eu\/la-tablatou-classique\/presentation-tablatou\/le-guide-coupe\/\">le KIT CONFORT<\/a>, <a title=\"Le Guide Coupe (option)\" href=\"http:\/\/www.la-tablatou.eu\/la-tablatou-classique\/presentation-tablatou\/le-guide-coupe\/\">le GUIDE COUPE<\/a>, \u00a0<a title=\"Le Fileur (option)\" href=\"http:\/\/www.la-tablatou.eu\/la-tablatou-classique\/presentation-tablatou\/le-fileur-option\/\">le FILEUR<\/a> et \u00a0par <a title=\"Vous pouvez aussi faire\u2026\" href=\"http:\/\/www.la-tablatou.eu\/la-tablatou-classique\/nos-conseils-dutlisation\/\">vos r\u00e9alisations personnelles<\/a>.<\/p>\n<p>Un <a title=\"Documentations\" href=\"http:\/\/www.la-tablatou.eu\/la-tablatou-classique\/presentation-tablatou\/documentations\/\">manuel d\u2019utilisation<\/a> et un DVD de d\u00e9monstration sont fournis avec La TABL\u2019ATOU.<br \/>\nVous pouvez\u00a0 conna\u00eetre toutes les caract\u00e9ristiques techniques en consultant <a title=\"Documentations\" href=\"http:\/\/www.la-tablatou.eu\/la-tablatou-classique\/presentation-tablatou\/documentations\/\">la plaquette commerciale<\/a> (PDF) ainsi que <a title=\"Documentations\" href=\"http:\/\/www.la-tablatou.eu\/la-tablatou-classique\/presentation-tablatou\/documentations\/\">le manuel d&rsquo;utilisation<\/a> (PDF) pour d\u00e9couvrir toutes <strong>les possibilit\u00e9s basiques<\/strong>.<\/p>\n<p><strong>Quelques\u00a0 r\u00e9f\u00e9rences\u2026<\/strong><\/p>\n<ul>\n<li><a href=\"http:\/\/www.la-tablatou.eu\/la-tablatou-classique\/files\/2011\/09\/Foire-de-STRASBOURG.jpg\" data-lbwps-width=\"800\" data-lbwps-height=\"532\" data-lbwps-srcsmall=\"https:\/\/www.la-tablatou.eu\/la-tablatou-classique\/files\/2011\/09\/Foire-de-STRASBOURG.jpg\"><img loading=\"lazy\" decoding=\"async\" class=\"alignright size-thumbnail wp-image-750\" title=\"Au Concours L\u00e9pine de Strasbourg la M\u00e9daille d'Or et le 3\u00e8me Prix sont remis \u00e0 Paul PARISSE par le Pr\u00e9sident G\u00e9rard DOREY et Henri BOUSQUI\u00c9\" src=\"http:\/\/www.la-tablatou.eu\/la-tablatou-classique\/files\/2011\/09\/Foire-de-STRASBOURG-150x100.jpg\" alt=\"Au Concours L\u00e9pine de Strasbourg la M\u00e9daille d'Or et le 3\u00e8me Prix sont remis \u00e0 Paul PARISSE par le Pr\u00e9sident G\u00e9rard DOREY et Henri BOUSQUI\u00c9\" width=\"150\" height=\"100\" srcset=\"https:\/\/www.la-tablatou.eu\/la-tablatou-classique\/files\/2011\/09\/Foire-de-STRASBOURG-150x100.jpg 150w, https:\/\/www.la-tablatou.eu\/la-tablatou-classique\/files\/2011\/09\/Foire-de-STRASBOURG-601x400.jpg 601w, https:\/\/www.la-tablatou.eu\/la-tablatou-classique\/files\/2011\/09\/Foire-de-STRASBOURG.jpg 800w\" sizes=\"auto, (max-width: 150px) 100vw, 150px\" \/><\/a>M\u00e9daille d\u2019Argent\u00a0 Concours L\u00e9pine de Paris en 2004.<\/li>\n<li>Emission de t\u00e9l\u00e9vision de France 5 \u00ab\u00a0Question Maison\u00a0\u00bb \u00a0du 5 octobre 2005, \u00e0 voir dans notre partie <strong><a title=\"Vid\u00e9os de LA TABL'ATOU\" href=\"http:\/\/www.la-tablatou.eu\/la-tablatou-classique\/presentation-tablatou\/videos\/\">Vid\u00e9os<\/a><\/strong>.<\/li>\n<li>M\u00e9daille d\u2019Or et 3\u00e8me Prix du Concours L\u00e9pine de Strasbourg\u00a0 en 2006.<\/li>\n<li>Des articles dans des quotidiens r\u00e9gionaux et des revues sp\u00e9cialis\u00e9es dans le travail du bois.<\/li>\n<li>Les nombreuses appr\u00e9ciations des utilisateurs.<\/li>\n<\/ul>\n<div>\n<p style=\"text-align: center;\"><strong>Un investissement qui ne se d\u00e9value mais qui rapporte<\/strong><\/p>\n<\/div>\n","protected":false},"excerpt":{"rendered":"<p>Cet \u00e9tabli ou table de travail, selon son utilisation, est destin\u00e9 aux professionnels comme aux amoureux du travail du bois. Mais de par sa vocation d\u2019\u00eatre multifonctions, il pourra r\u00e9pondre \u00e0 des activit\u00e9s fort diverses. Pliant, portatif, d\u00e9pla\u00e7able avec ses roulettes amovibles, transportable en voiture particuli\u00e8re, cet \u00e9tabli allie s\u00e9curit\u00e9, stabilit\u00e9 absolue, efficacit\u00e9. Op\u00e9rationnel en 20 secondes, sans outils de &hellip; <a href=\"https:\/\/www.la-tablatou.eu\/la-tablatou-classique\/\">Continue reading <span class=\"meta-nav\">&rarr;<\/span><\/a><\/p>\n","protected":false},"author":1,"featured_media":0,"parent":565,"menu_order":2,"comment_status":"closed","ping_status":"closed","template":"","meta":{"footnotes":""},"class_list":["post-276","page","type-page","status-publish","hentry"],"_links":{"self":[{"href":"https:\/\/www.la-tablatou.eu\/la-tablatou-classique\/wp-json\/wp\/v2\/pages\/276","targetHints":{"allow":["GET"]}}],"collection":[{"href":"https:\/\/www.la-tablatou.eu\/la-tablatou-classique\/wp-json\/wp\/v2\/pages"}],"about":[{"href":"https:\/\/www.la-tablatou.eu\/la-tablatou-classique\/wp-json\/wp\/v2\/types\/page"}],"author":[{"embeddable":true,"href":"https:\/\/www.la-tablatou.eu\/la-tablatou-classique\/wp-json\/wp\/v2\/users\/1"}],"replies":[{"embeddable":true,"href":"https:\/\/www.la-tablatou.eu\/la-tablatou-classique\/wp-json\/wp\/v2\/comments?post=276"}],"version-history":[{"count":93,"href":"https:\/\/www.la-tablatou.eu\/la-tablatou-classique\/wp-json\/wp\/v2\/pages\/276\/revisions"}],"predecessor-version":[{"id":1389,"href":"https:\/\/www.la-tablatou.eu\/la-tablatou-classique\/wp-json\/wp\/v2\/pages\/276\/revisions\/1389"}],"up":[{"embeddable":true,"href":"https:\/\/www.la-tablatou.eu\/la-tablatou-classique\/wp-json\/wp\/v2\/pages\/565"}],"wp:attachment":[{"href":"https:\/\/www.la-tablatou.eu\/la-tablatou-classique\/wp-json\/wp\/v2\/media?parent=276"}],"curies":[{"name":"wp","href":"https:\/\/api.w.org\/{rel}","templated":true}]}}