{"id":274,"date":"2011-03-06T10:07:49","date_gmt":"2011-03-06T08:07:49","guid":{"rendered":"http:\/\/www.la-tablatou.eu\/la-tablatou-classique\/?page_id=274"},"modified":"2025-02-11T09:44:32","modified_gmt":"2025-02-11T08:44:32","slug":"documentations-tablatou","status":"publish","type":"page","link":"https:\/\/www.la-tablatou.eu\/la-tablatou-classique\/presentation-tablatou\/documentations-tablatou\/","title":{"rendered":"Documentations"},"content":{"rendered":"<p><a href=\"http:\/\/www.la-tablatou.eu\/la-tablatou-classique\/files\/2011\/03\/plaquette-commerciale.jpg\" data-lbwps-width=\"800\" data-lbwps-height=\"469\" data-lbwps-srcsmall=\"https:\/\/www.la-tablatou.eu\/la-tablatou-classique\/files\/2011\/03\/plaquette-commerciale.jpg\"><img loading=\"lazy\" decoding=\"async\" class=\"alignright size-thumbnail wp-image-935\" style=\"border-style: initial; border-color: white; border-width: 0px;\" title=\"La Plaquette commerciale\" src=\"http:\/\/www.la-tablatou.eu\/la-tablatou-classique\/files\/2011\/03\/plaquette-commerciale-170x100.jpg\" alt=\"La Plaquette commerciale\" width=\"170\" height=\"100\" srcset=\"https:\/\/www.la-tablatou.eu\/la-tablatou-classique\/files\/2011\/03\/plaquette-commerciale-170x100.jpg 170w, https:\/\/www.la-tablatou.eu\/la-tablatou-classique\/files\/2011\/03\/plaquette-commerciale-682x400.jpg 682w, https:\/\/www.la-tablatou.eu\/la-tablatou-classique\/files\/2011\/03\/plaquette-commerciale.jpg 800w\" sizes=\"auto, (max-width: 170px) 100vw, 170px\" \/><\/a>Nous vous offrons la possibilit\u00e9 de r\u00e9cup\u00e9rer ces\u00a0quelques documentations. Vous y trouverez quelques informations bien utiles !<\/p>\n<ul>\n<li><a title=\"Pr\u00e9sentation de LA TABL'ATOU - PDF \u00e0 t\u00e9l\u00e9charger\" href=\"http:\/\/www.la-tablatou.eu\/la-tablatou-classique\/files\/2011\/10\/presentation-TABLATOU.pdf\">Documentation commerciale<\/a>\u00a0de LA TABL&rsquo;ATOU<\/li>\n<li><a title=\"Utilisation de LA TABL'ATOU - PDF \u00e0 t\u00e9l\u00e9charger\" href=\"http:\/\/www.la-tablatou.eu\/la-tablatou-classique\/files\/2011\/10\/utilisation-TABLATOU.pdf\">Manuel d&rsquo;utilisation<\/a>\u00a0de la TABL&rsquo;ATOU<\/li>\n<\/ul>\n","protected":false},"excerpt":{"rendered":"<p>Nous vous offrons la possibilit\u00e9 de r\u00e9cup\u00e9rer ces\u00a0quelques documentations. Vous y trouverez quelques informations bien utiles ! Documentation commerciale\u00a0de LA TABL&rsquo;ATOU Manuel d&rsquo;utilisation\u00a0de la TABL&rsquo;ATOU<\/p>\n","protected":false},"author":1,"featured_media":0,"parent":565,"menu_order":6,"comment_status":"closed","ping_status":"closed","template":"","meta":{"footnotes":""},"class_list":["post-274","page","type-page","status-publish","hentry"],"_links":{"self":[{"href":"https:\/\/www.la-tablatou.eu\/la-tablatou-classique\/wp-json\/wp\/v2\/pages\/274","targetHints":{"allow":["GET"]}}],"collection":[{"href":"https:\/\/www.la-tablatou.eu\/la-tablatou-classique\/wp-json\/wp\/v2\/pages"}],"about":[{"href":"https:\/\/www.la-tablatou.eu\/la-tablatou-classique\/wp-json\/wp\/v2\/types\/page"}],"author":[{"embeddable":true,"href":"https:\/\/www.la-tablatou.eu\/la-tablatou-classique\/wp-json\/wp\/v2\/users\/1"}],"replies":[{"embeddable":true,"href":"https:\/\/www.la-tablatou.eu\/la-tablatou-classique\/wp-json\/wp\/v2\/comments?post=274"}],"version-history":[{"count":33,"href":"https:\/\/www.la-tablatou.eu\/la-tablatou-classique\/wp-json\/wp\/v2\/pages\/274\/revisions"}],"predecessor-version":[{"id":1035,"href":"https:\/\/www.la-tablatou.eu\/la-tablatou-classique\/wp-json\/wp\/v2\/pages\/274\/revisions\/1035"}],"up":[{"embeddable":true,"href":"https:\/\/www.la-tablatou.eu\/la-tablatou-classique\/wp-json\/wp\/v2\/pages\/565"}],"wp:attachment":[{"href":"https:\/\/www.la-tablatou.eu\/la-tablatou-classique\/wp-json\/wp\/v2\/media?parent=274"}],"curies":[{"name":"wp","href":"https:\/\/api.w.org\/{rel}","templated":true}]}}