{"id":1315,"date":"2014-01-08T23:23:46","date_gmt":"2014-01-08T21:23:46","guid":{"rendered":"http:\/\/www.la-tablatou.eu\/la-tablatou-classique\/?page_id=1315"},"modified":"2025-02-11T09:45:35","modified_gmt":"2025-02-11T08:45:35","slug":"chariot-pour-transport-des-panneaux","status":"publish","type":"page","link":"https:\/\/www.la-tablatou.eu\/la-tablatou-classique\/bonus-tablatou\/realisations-personnelles\/chariot-pour-transport-des-panneaux\/","title":{"rendered":"Chariot pour transport des panneaux"},"content":{"rendered":"<p dir=\"ltr\"><span style=\"line-height: 1.5em;\">Si le d\u00e9p\u00f4t de panneaux est \u00e9loign\u00e9 de la Tabl\u2019atou, le d\u00e9placement d\u2019un panneau, seul, est parfois mission impossible.<\/span><\/p>\n<p>Certes, des solutions existent avec des chariots con\u00e7us \u00e0 cet usage, mais ils sont r\u00e9serv\u00e9s aux professionnels et, de plus, ils sont encombrants, ind\u00e9pendamment du prix d\u2019achat.<\/p>\n<p>Pour des besoins sporadiques, il est possible de disposer d\u2019un tel moyen pour pas trop cher.<\/p>\n<p dir=\"ltr\">Voici une proposition de r\u00e9alisation pour des panneaux de 125 x 250cm.<\/p>\n<p>A souligner l\u2019importance du diam\u00e8tre des roues qui permettent de rouler sur des surfaces caillouteuses et d\u2019\u00e9viter de faire buter les extr\u00e9mit\u00e9s du panneau sur le sol.<\/p>\n<p>Si les roues sont d\u2019un diam\u00e8tre plus petit, compensez par des cales.<\/p>\n<p>Il est bon de disposer d\u2019une sangle de maintien, si possible r\u00e9glable pour des panneaux plus \u00e9troits.<\/p>\n<p>Pour la mise en place sur la Tabl\u2019atou, pr\u00e9sentez la fa\u00e7ade libre du plateau au-dessus d\u2019un \u00a0des crochets; la translation est facile.<\/p>\n<p style=\"text-align: center;\">Si vous r\u00e9alisez ce dispositif,<br \/>\nun commentaire de votre part en bas de page, serait appr\u00e9ci\u00e9 de tous.<br \/>\nMerci d\u2019avance !<\/p>\n<p><a href=\"http:\/\/www.la-tablatou.eu\/la-tablatou-classique\/files\/2014\/01\/chariot-transport-panneaux.jpg\" data-lbwps-width=\"2004\" data-lbwps-height=\"1907\" data-lbwps-srcsmall=\"https:\/\/www.la-tablatou.eu\/la-tablatou-classique\/files\/2014\/01\/chariot-transport-panneaux.jpg\"><img loading=\"lazy\" decoding=\"async\" class=\"aligncenter size-large wp-image-1317\" alt=\"Chariot pour transport des panneaux\" src=\"http:\/\/www.la-tablatou.eu\/la-tablatou-classique\/files\/2014\/01\/chariot-transport-panneaux-630x600.jpg\" width=\"630\" height=\"600\" srcset=\"https:\/\/www.la-tablatou.eu\/la-tablatou-classique\/files\/2014\/01\/chariot-transport-panneaux-630x600.jpg 630w, https:\/\/www.la-tablatou.eu\/la-tablatou-classique\/files\/2014\/01\/chariot-transport-panneaux-105x100.jpg 105w, https:\/\/www.la-tablatou.eu\/la-tablatou-classique\/files\/2014\/01\/chariot-transport-panneaux-420x400.jpg 420w, https:\/\/www.la-tablatou.eu\/la-tablatou-classique\/files\/2014\/01\/chariot-transport-panneaux-900x856.jpg 900w, https:\/\/www.la-tablatou.eu\/la-tablatou-classique\/files\/2014\/01\/chariot-transport-panneaux.jpg 2004w\" sizes=\"auto, (max-width: 630px) 100vw, 630px\" \/><\/a><\/p>\n","protected":false},"excerpt":{"rendered":"<p>Si le d\u00e9p\u00f4t de panneaux est \u00e9loign\u00e9 de la Tabl\u2019atou, le d\u00e9placement d\u2019un panneau, seul, est parfois mission impossible. Certes, des solutions existent avec des chariots con\u00e7us \u00e0 cet usage, mais ils sont r\u00e9serv\u00e9s aux professionnels et, de plus, ils sont encombrants, ind\u00e9pendamment du prix d\u2019achat. Pour des besoins sporadiques, il est possible de disposer d\u2019un tel moyen pour pas &hellip; <a href=\"https:\/\/www.la-tablatou.eu\/la-tablatou-classique\/bonus-tablatou\/realisations-personnelles\/chariot-pour-transport-des-panneaux\/\">Continue reading <span class=\"meta-nav\">&rarr;<\/span><\/a><\/p>\n","protected":false},"author":1,"featured_media":0,"parent":856,"menu_order":2,"comment_status":"closed","ping_status":"closed","template":"","meta":{"footnotes":""},"class_list":["post-1315","page","type-page","status-publish","hentry"],"_links":{"self":[{"href":"https:\/\/www.la-tablatou.eu\/la-tablatou-classique\/wp-json\/wp\/v2\/pages\/1315","targetHints":{"allow":["GET"]}}],"collection":[{"href":"https:\/\/www.la-tablatou.eu\/la-tablatou-classique\/wp-json\/wp\/v2\/pages"}],"about":[{"href":"https:\/\/www.la-tablatou.eu\/la-tablatou-classique\/wp-json\/wp\/v2\/types\/page"}],"author":[{"embeddable":true,"href":"https:\/\/www.la-tablatou.eu\/la-tablatou-classique\/wp-json\/wp\/v2\/users\/1"}],"replies":[{"embeddable":true,"href":"https:\/\/www.la-tablatou.eu\/la-tablatou-classique\/wp-json\/wp\/v2\/comments?post=1315"}],"version-history":[{"count":5,"href":"https:\/\/www.la-tablatou.eu\/la-tablatou-classique\/wp-json\/wp\/v2\/pages\/1315\/revisions"}],"predecessor-version":[{"id":1341,"href":"https:\/\/www.la-tablatou.eu\/la-tablatou-classique\/wp-json\/wp\/v2\/pages\/1315\/revisions\/1341"}],"up":[{"embeddable":true,"href":"https:\/\/www.la-tablatou.eu\/la-tablatou-classique\/wp-json\/wp\/v2\/pages\/856"}],"wp:attachment":[{"href":"https:\/\/www.la-tablatou.eu\/la-tablatou-classique\/wp-json\/wp\/v2\/media?parent=1315"}],"curies":[{"name":"wp","href":"https:\/\/api.w.org\/{rel}","templated":true}]}}