{"id":1290,"date":"2013-12-27T17:21:01","date_gmt":"2013-12-27T15:21:01","guid":{"rendered":"http:\/\/www.la-tablatou.eu\/la-tablatou-classique\/?page_id=1290"},"modified":"2014-03-09T21:31:17","modified_gmt":"2014-03-09T19:31:17","slug":"rehausse-pour-travail-en-hauteur","status":"publish","type":"page","link":"https:\/\/www.la-tablatou.eu\/la-tablatou-classique\/bonus-tablatou\/realisations-personnelles\/rehausse-pour-travail-en-hauteur\/","title":{"rendered":"R\u00e9hausse pour travail en hauteur"},"content":{"rendered":"<p dir=\"ltr\">Pour certains travaux, le plan de travail de la TABL\u2019ATOU est trop bas.<\/p>\n<p dir=\"ltr\">Une solution diff\u00e9rente du plateau mont\u00e9 sur servantes \u00e9voqu\u00e9 dans cette rubrique, permet aussi de travailler \u00e0 bonne hauteur. Elle consiste \u00e0 r\u00e9aliser un b\u00e2ti qui, compos\u00e9 de 2 jambages, s\u2019enfourche sur les profil\u00e9s des cadres.<br \/>\nIl se bloque, \u00e0 toute hauteur, par 4 boulons et \u00e9crous, sans oublier les rondelles,\u00a0\u00a0offant ainsi un r\u00e9glage facile en hauteur pour r\u00e9pondre \u00e0 des intervenants de grandeur diff\u00e9rente.<\/p>\n<p dir=\"ltr\">On peut envisager de sp\u00e9cialiser le dispositif pour, par exemple, un support vertical de perceuse ou pour un plateau de d\u00e9fon\u00e7age sous table.<br \/>\nAussi, les jambages seront d\u00e9cal\u00e9s en fonction de l\u2019utilisation projet\u00e9e.<br \/>\nA souligner que la perceuse plac\u00e9e sur la TABL\u2019ATOU permet de ne pas \u00eatre g\u00ean\u00e9 par la proximit\u00e9 de murs et de travailler ainsi des grandes longueurs en b\u00e9n\u00e9ficiant des supports des 2 servantes.<br \/>\nDe m\u00eame, pour la d\u00e9fonceuse sous table, la construction d\u2019un meuble sp\u00e9cifique est \u00e9vit\u00e9e, b\u00e9n\u00e9ficiant ainsi d\u2019un gain de place.<\/p>\n<p dir=\"ltr\">Le b\u00e2ti est une base qui doit \u00eatrerenforc\u00e9e par un plateau dont les dimensions sont en fonction des utilisations envisag\u00e9es. Il est bon de pr\u00e9voir sur les contours un d\u00e9bord de 5 cm \u00a0pour fixer, par serrage, des accessoires comme un petit \u00e9tau, ou permettre, avec des dispositifs du commerce, la mise \u00e0 l\u2019horizontale d\u2019une perceuse (disque lapidaire, d\u00e9coupeur, lustreur &#8230;)<\/p>\n<p dir=\"ltr\">Par contre, s\u2019 il est envisag\u00e9 d\u2019exploiter un plateau de d\u00e9fon\u00e7age sous table, il est souhaitable d\u2019installer un plateau avec bandes en extr\u00e9mit\u00e9s qui serviront de support au plateau et d\u00e9gageront la d\u00e9fonceuse. Elle est \u00e0 positionner \u00e0 l\u2019int\u00e9rieur du cadre sans traverse (acc\u00e8s facile, d\u00e9placement vertical libre).<\/p>\n<p dir=\"ltr\">Il est possible d\u2019utiliser les serre-joints horizontaux en cr\u00e9ant des trous de 20 mm, de pr\u00e9f\u00e9rence \u00e0 la d\u00e9fonceuse pour la verticalit\u00e9, soit sur le plateau basique ou sur celui de la table de d\u00e9fon\u00e7age.<\/p>\n<p dir=\"ltr\">Celle-ci devient polyvalente et peut m\u00eame, en incluant des inserts \u00e0 visser ou tout autre moyen (boulons), recevoir par exemple le support vertical de perceuse ou d\u2019autres machines comme un mini-tour.<\/p>\n<p dir=\"ltr\">Cette r\u00e9alisation d\u00e9pendant du besoin et de la cr\u00e9ativit\u00e9 de chacun, il n\u2019est pas possible de donner des mesures pr\u00e9cises ; seules sont possibles les dimensions des jambages constituant la base.<\/p>\n<p dir=\"ltr\">Quelques croquis pour d\u00e9terminer notamment le positionnement des trous des jambages. Le doublement d\u00e9cal\u00e9 de ceux-ci offre un espacement de r\u00e9glage de 60 mm environ.<\/p>\n<p dir=\"ltr\">Place \u00e0 la cr\u00e9ativit\u00e9, drogue merveilleuse.<br \/>\nSi vous r\u00e9alisez cette r\u00e9hausse, un commentaire de votre part, en bas de page,\u00a0serait appr\u00e9ci\u00e9 par tous.<br \/>\nMerci d\u2019avance.<\/p>\n<p dir=\"ltr\" style=\"text-align: center;\"><a href=\"http:\/\/www.la-tablatou.eu\/la-tablatou-classique\/files\/2014\/03\/rehausse.jpg\" data-lbwps-width=\"2000\" data-lbwps-height=\"1622\" data-lbwps-srcsmall=\"https:\/\/www.la-tablatou.eu\/la-tablatou-classique\/files\/2014\/03\/rehausse.jpg\"><img loading=\"lazy\" decoding=\"async\" class=\"aligncenter size-large wp-image-1359\" alt=\"R\u00e9hausse de la hauteur de travail\" src=\"http:\/\/www.la-tablatou.eu\/la-tablatou-classique\/files\/2014\/03\/rehausse-739x600.jpg\" width=\"739\" height=\"600\" srcset=\"https:\/\/www.la-tablatou.eu\/la-tablatou-classique\/files\/2014\/03\/rehausse-739x600.jpg 739w, https:\/\/www.la-tablatou.eu\/la-tablatou-classique\/files\/2014\/03\/rehausse-123x100.jpg 123w, https:\/\/www.la-tablatou.eu\/la-tablatou-classique\/files\/2014\/03\/rehausse-493x400.jpg 493w, https:\/\/www.la-tablatou.eu\/la-tablatou-classique\/files\/2014\/03\/rehausse-900x729.jpg 900w, https:\/\/www.la-tablatou.eu\/la-tablatou-classique\/files\/2014\/03\/rehausse.jpg 2000w\" sizes=\"auto, (max-width: 739px) 100vw, 739px\" \/><\/a><\/p>\n","protected":false},"excerpt":{"rendered":"<p>Pour certains travaux, le plan de travail de la TABL\u2019ATOU est trop bas. Une solution diff\u00e9rente du plateau mont\u00e9 sur servantes \u00e9voqu\u00e9 dans cette rubrique, permet aussi de travailler \u00e0 bonne hauteur. Elle consiste \u00e0 r\u00e9aliser un b\u00e2ti qui, compos\u00e9 de 2 jambages, s\u2019enfourche sur les profil\u00e9s des cadres. Il se bloque, \u00e0 toute hauteur, par 4 boulons et \u00e9crous, &hellip; <a href=\"https:\/\/www.la-tablatou.eu\/la-tablatou-classique\/bonus-tablatou\/realisations-personnelles\/rehausse-pour-travail-en-hauteur\/\">Continue reading <span class=\"meta-nav\">&rarr;<\/span><\/a><\/p>\n","protected":false},"author":1,"featured_media":0,"parent":856,"menu_order":6,"comment_status":"open","ping_status":"closed","template":"","meta":{"footnotes":""},"class_list":["post-1290","page","type-page","status-publish","hentry"],"_links":{"self":[{"href":"https:\/\/www.la-tablatou.eu\/la-tablatou-classique\/wp-json\/wp\/v2\/pages\/1290","targetHints":{"allow":["GET"]}}],"collection":[{"href":"https:\/\/www.la-tablatou.eu\/la-tablatou-classique\/wp-json\/wp\/v2\/pages"}],"about":[{"href":"https:\/\/www.la-tablatou.eu\/la-tablatou-classique\/wp-json\/wp\/v2\/types\/page"}],"author":[{"embeddable":true,"href":"https:\/\/www.la-tablatou.eu\/la-tablatou-classique\/wp-json\/wp\/v2\/users\/1"}],"replies":[{"embeddable":true,"href":"https:\/\/www.la-tablatou.eu\/la-tablatou-classique\/wp-json\/wp\/v2\/comments?post=1290"}],"version-history":[{"count":17,"href":"https:\/\/www.la-tablatou.eu\/la-tablatou-classique\/wp-json\/wp\/v2\/pages\/1290\/revisions"}],"predecessor-version":[{"id":1364,"href":"https:\/\/www.la-tablatou.eu\/la-tablatou-classique\/wp-json\/wp\/v2\/pages\/1290\/revisions\/1364"}],"up":[{"embeddable":true,"href":"https:\/\/www.la-tablatou.eu\/la-tablatou-classique\/wp-json\/wp\/v2\/pages\/856"}],"wp:attachment":[{"href":"https:\/\/www.la-tablatou.eu\/la-tablatou-classique\/wp-json\/wp\/v2\/media?parent=1290"}],"curies":[{"name":"wp","href":"https:\/\/api.w.org\/{rel}","templated":true}]}}