{"id":1264,"date":"2013-11-06T21:29:32","date_gmt":"2013-11-06T19:29:32","guid":{"rendered":"http:\/\/www.la-tablatou.eu\/la-tablatou-classique\/?page_id=1264"},"modified":"2013-12-27T17:21:38","modified_gmt":"2013-12-27T15:21:38","slug":"rangement-de-la-tablatou","status":"publish","type":"page","link":"https:\/\/www.la-tablatou.eu\/la-tablatou-classique\/bonus-tablatou\/realisations-personnelles\/rangement-de-la-tablatou\/","title":{"rendered":"Rangement de la table dans l&rsquo;atelier"},"content":{"rendered":"<p>L&rsquo;utilisation des roulettes, fort utile dans les d\u00e9placements \u00e0 l&rsquo;ext\u00e9rieur, sont d&rsquo;un usage moins pratique pour le rangement de la table dans l&rsquo;atelier.<br \/>\nEn r\u00e9alisant un plateau de la surface lat\u00e9rale de la table (c\u00f4t\u00e9 plat) \u00e9quip\u00e9 de roulettes mobiles, on dispose d&rsquo;une souplesse de manipulation parfaite. La table est stable et les poign\u00e9es facilitent les man\u0153uvres.<\/p>\n<p>Mais pourquoi pas, en fonction des possibilit\u00e9s de rangement, placer la table dans des positions diff\u00e9rentes, \u00e0 plat ou \u00e0 la verticale pos\u00e9e sur les ergots de stabilit\u00e9.<\/p>\n<p><strong>Remarque<\/strong><br \/>\nPr\u00e9voir dans les positions verticales une largeur de plateau plus cons\u00e9quente que celle de la table. Il est possible de compl\u00e9ter le plateau par la pose de tasseaux sur les bords.<\/p>\n","protected":false},"excerpt":{"rendered":"<p>L&rsquo;utilisation des roulettes, fort utile dans les d\u00e9placements \u00e0 l&rsquo;ext\u00e9rieur, sont d&rsquo;un usage moins pratique pour le rangement de la table dans l&rsquo;atelier. En r\u00e9alisant un plateau de la surface lat\u00e9rale de la table (c\u00f4t\u00e9 plat) \u00e9quip\u00e9 de roulettes mobiles, on dispose d&rsquo;une souplesse de manipulation parfaite. La table est stable et les poign\u00e9es facilitent les man\u0153uvres. Mais pourquoi pas, &hellip; <a href=\"https:\/\/www.la-tablatou.eu\/la-tablatou-classique\/bonus-tablatou\/realisations-personnelles\/rangement-de-la-tablatou\/\">Continue reading <span class=\"meta-nav\">&rarr;<\/span><\/a><\/p>\n","protected":false},"author":1,"featured_media":0,"parent":856,"menu_order":5,"comment_status":"open","ping_status":"closed","template":"","meta":{"footnotes":""},"class_list":["post-1264","page","type-page","status-publish","hentry"],"_links":{"self":[{"href":"https:\/\/www.la-tablatou.eu\/la-tablatou-classique\/wp-json\/wp\/v2\/pages\/1264","targetHints":{"allow":["GET"]}}],"collection":[{"href":"https:\/\/www.la-tablatou.eu\/la-tablatou-classique\/wp-json\/wp\/v2\/pages"}],"about":[{"href":"https:\/\/www.la-tablatou.eu\/la-tablatou-classique\/wp-json\/wp\/v2\/types\/page"}],"author":[{"embeddable":true,"href":"https:\/\/www.la-tablatou.eu\/la-tablatou-classique\/wp-json\/wp\/v2\/users\/1"}],"replies":[{"embeddable":true,"href":"https:\/\/www.la-tablatou.eu\/la-tablatou-classique\/wp-json\/wp\/v2\/comments?post=1264"}],"version-history":[{"count":2,"href":"https:\/\/www.la-tablatou.eu\/la-tablatou-classique\/wp-json\/wp\/v2\/pages\/1264\/revisions"}],"predecessor-version":[{"id":1285,"href":"https:\/\/www.la-tablatou.eu\/la-tablatou-classique\/wp-json\/wp\/v2\/pages\/1264\/revisions\/1285"}],"up":[{"embeddable":true,"href":"https:\/\/www.la-tablatou.eu\/la-tablatou-classique\/wp-json\/wp\/v2\/pages\/856"}],"wp:attachment":[{"href":"https:\/\/www.la-tablatou.eu\/la-tablatou-classique\/wp-json\/wp\/v2\/media?parent=1264"}],"curies":[{"name":"wp","href":"https:\/\/api.w.org\/{rel}","templated":true}]}}