{"id":1254,"date":"2013-08-01T18:11:03","date_gmt":"2013-08-01T16:11:03","guid":{"rendered":"http:\/\/www.la-tablatou.eu\/la-tablatou-classique\/?page_id=1254"},"modified":"2014-01-10T21:51:51","modified_gmt":"2014-01-10T19:51:51","slug":"jean-claude-77-un-passionne","status":"publish","type":"page","link":"https:\/\/www.la-tablatou.eu\/la-tablatou-classique\/bonus-tablatou\/temoignages-utilisateurs\/jean-claude-77-un-passionne\/","title":{"rendered":"Jean Claude (77) &#8211; Un passionn\u00e9"},"content":{"rendered":"<p>A la recherche d&rsquo;un \u00e9tabli multifonctions, je d\u00e9couvre le site de LA TABL&rsquo;ATOU pr\u00e9sentant une vid\u00e9o qui me fait penser que mes probl\u00e8mes de coupe des grands panneaux seront r\u00e9solus. Je \u00ab\u00a0plonge\u00a0\u00bb et mon analyse se confirme, le bonheur, avec le b\u00e9n\u00e9fice d&rsquo;une multitude de solutions astucieuses notamment avec le KIT CONFORT et le GUIDE COUPE.<\/p>\n<p>Pour eux, il faut organiser leur rangement. Bien s\u00fbr, il est n\u00e9cessaire de bien s&rsquo;impr\u00e9gner du mode d&#8217;emploi, mais tout \u00e9tant tr\u00e8s logique cela s&rsquo;acquiert tr\u00e8s facilement. J&rsquo;appr\u00e9cie cette acquisition qui me fait gagner du temps, de la fatigue et me fait l&rsquo;\u00e9conomie d&rsquo;un pi\u00e8tement pour ma radiale\u00a0; un investissement rentable. Un regret, ne pas avoir d\u00e9couvert cette table plus t\u00f4t , \u00e0 mon avis elle est sans concurrence et puis elle est fran\u00e7aise. J.C. 77<\/p>\n","protected":false},"excerpt":{"rendered":"<p>A la recherche d&rsquo;un \u00e9tabli multifonctions, je d\u00e9couvre le site de LA TABL&rsquo;ATOU pr\u00e9sentant une vid\u00e9o qui me fait penser que mes probl\u00e8mes de coupe des grands panneaux seront r\u00e9solus. Je \u00ab\u00a0plonge\u00a0\u00bb et mon analyse se confirme, le bonheur, avec le b\u00e9n\u00e9fice d&rsquo;une multitude de solutions astucieuses notamment avec le KIT CONFORT et le GUIDE COUPE. Pour eux, il faut &hellip; <a href=\"https:\/\/www.la-tablatou.eu\/la-tablatou-classique\/bonus-tablatou\/temoignages-utilisateurs\/jean-claude-77-un-passionne\/\">Continue reading <span class=\"meta-nav\">&rarr;<\/span><\/a><\/p>\n","protected":false},"author":1,"featured_media":0,"parent":897,"menu_order":1,"comment_status":"open","ping_status":"closed","template":"","meta":{"footnotes":""},"class_list":["post-1254","page","type-page","status-publish","hentry"],"_links":{"self":[{"href":"https:\/\/www.la-tablatou.eu\/la-tablatou-classique\/wp-json\/wp\/v2\/pages\/1254","targetHints":{"allow":["GET"]}}],"collection":[{"href":"https:\/\/www.la-tablatou.eu\/la-tablatou-classique\/wp-json\/wp\/v2\/pages"}],"about":[{"href":"https:\/\/www.la-tablatou.eu\/la-tablatou-classique\/wp-json\/wp\/v2\/types\/page"}],"author":[{"embeddable":true,"href":"https:\/\/www.la-tablatou.eu\/la-tablatou-classique\/wp-json\/wp\/v2\/users\/1"}],"replies":[{"embeddable":true,"href":"https:\/\/www.la-tablatou.eu\/la-tablatou-classique\/wp-json\/wp\/v2\/comments?post=1254"}],"version-history":[{"count":2,"href":"https:\/\/www.la-tablatou.eu\/la-tablatou-classique\/wp-json\/wp\/v2\/pages\/1254\/revisions"}],"predecessor-version":[{"id":1327,"href":"https:\/\/www.la-tablatou.eu\/la-tablatou-classique\/wp-json\/wp\/v2\/pages\/1254\/revisions\/1327"}],"up":[{"embeddable":true,"href":"https:\/\/www.la-tablatou.eu\/la-tablatou-classique\/wp-json\/wp\/v2\/pages\/897"}],"wp:attachment":[{"href":"https:\/\/www.la-tablatou.eu\/la-tablatou-classique\/wp-json\/wp\/v2\/media?parent=1254"}],"curies":[{"name":"wp","href":"https:\/\/api.w.org\/{rel}","templated":true}]}}