{"id":1178,"date":"2011-11-11T12:23:06","date_gmt":"2011-11-11T10:23:06","guid":{"rendered":"http:\/\/www.la-tablatou.eu\/la-tablatou-classique\/?page_id=1178"},"modified":"2025-02-11T09:45:44","modified_gmt":"2025-02-11T08:45:44","slug":"coupe-des-grands-panneaux","status":"publish","type":"page","link":"https:\/\/www.la-tablatou.eu\/la-tablatou-classique\/bonus-tablatou\/realisations-personnelles\/coupe-des-grands-panneaux\/","title":{"rendered":"Coupe des grands panneaux"},"content":{"rendered":"<p><a href=\"http:\/\/www.la-tablatou.eu\/la-tablatou-classique\/files\/2011\/11\/debord-du-plateau.jpg\" data-lbwps-width=\"800\" data-lbwps-height=\"536\" data-lbwps-srcsmall=\"https:\/\/www.la-tablatou.eu\/la-tablatou-classique\/files\/2011\/11\/debord-du-plateau.jpg\"><img loading=\"lazy\" decoding=\"async\" class=\"alignleft size-thumbnail wp-image-1179\" title=\"Le d\u00e9bord du plateau est facilement contr\u00f4l\u00e9 par cette mesure.\" src=\"http:\/\/www.la-tablatou.eu\/la-tablatou-classique\/files\/2011\/11\/debord-du-plateau-150x100.jpg\" alt=\"Le d\u00e9bord du plateau est facilement contr\u00f4l\u00e9 par cette mesure.\" width=\"150\" height=\"100\" srcset=\"https:\/\/www.la-tablatou.eu\/la-tablatou-classique\/files\/2011\/11\/debord-du-plateau-150x100.jpg 150w, https:\/\/www.la-tablatou.eu\/la-tablatou-classique\/files\/2011\/11\/debord-du-plateau-597x400.jpg 597w, https:\/\/www.la-tablatou.eu\/la-tablatou-classique\/files\/2011\/11\/debord-du-plateau.jpg 800w\" sizes=\"auto, (max-width: 150px) 100vw, 150px\" \/><\/a>Pour leur mise en place&#8230;<br \/>\nLors de <strong>la coupe en longueur d\u2019un panneau <\/strong>de 122&#215;250 cm, il est important <strong>de bien le positionner <\/strong>afin d\u2019\u00e9viter la chute de la partie coup\u00e9e\u00a0(pas de probl\u00e8mes pour les coupes dans le sens de la largeur).<\/p>\n<p>Pour \u00e9viter ce risque, il faut que <strong>le milieu de la pi\u00e8ce coup\u00e9e <\/strong>soit positionn\u00e9e sur la table avec une marge de s\u00e9curit\u00e9.<\/p>\n<p>Une astuce pour s\u2019assurer du bon positionnement est de d\u00e9terminer la longueur de la partie d\u00e9bordante et <strong>de la mesurer par le dessous du plateau en appui sur les cadres<\/strong>.<\/p>\n","protected":false},"excerpt":{"rendered":"<p>Pour leur mise en place&#8230; Lors de la coupe en longueur d\u2019un panneau de 122&#215;250 cm, il est important de bien le positionner afin d\u2019\u00e9viter la chute de la partie coup\u00e9e\u00a0(pas de probl\u00e8mes pour les coupes dans le sens de la largeur). Pour \u00e9viter ce risque, il faut que le milieu de la pi\u00e8ce coup\u00e9e soit positionn\u00e9e sur la table &hellip; <a href=\"https:\/\/www.la-tablatou.eu\/la-tablatou-classique\/bonus-tablatou\/realisations-personnelles\/coupe-des-grands-panneaux\/\">Continue reading <span class=\"meta-nav\">&rarr;<\/span><\/a><\/p>\n","protected":false},"author":1,"featured_media":0,"parent":856,"menu_order":3,"comment_status":"closed","ping_status":"closed","template":"","meta":{"footnotes":""},"class_list":["post-1178","page","type-page","status-publish","hentry"],"_links":{"self":[{"href":"https:\/\/www.la-tablatou.eu\/la-tablatou-classique\/wp-json\/wp\/v2\/pages\/1178","targetHints":{"allow":["GET"]}}],"collection":[{"href":"https:\/\/www.la-tablatou.eu\/la-tablatou-classique\/wp-json\/wp\/v2\/pages"}],"about":[{"href":"https:\/\/www.la-tablatou.eu\/la-tablatou-classique\/wp-json\/wp\/v2\/types\/page"}],"author":[{"embeddable":true,"href":"https:\/\/www.la-tablatou.eu\/la-tablatou-classique\/wp-json\/wp\/v2\/users\/1"}],"replies":[{"embeddable":true,"href":"https:\/\/www.la-tablatou.eu\/la-tablatou-classique\/wp-json\/wp\/v2\/comments?post=1178"}],"version-history":[{"count":2,"href":"https:\/\/www.la-tablatou.eu\/la-tablatou-classique\/wp-json\/wp\/v2\/pages\/1178\/revisions"}],"predecessor-version":[{"id":1269,"href":"https:\/\/www.la-tablatou.eu\/la-tablatou-classique\/wp-json\/wp\/v2\/pages\/1178\/revisions\/1269"}],"up":[{"embeddable":true,"href":"https:\/\/www.la-tablatou.eu\/la-tablatou-classique\/wp-json\/wp\/v2\/pages\/856"}],"wp:attachment":[{"href":"https:\/\/www.la-tablatou.eu\/la-tablatou-classique\/wp-json\/wp\/v2\/media?parent=1178"}],"curies":[{"name":"wp","href":"https:\/\/api.w.org\/{rel}","templated":true}]}}