{"id":1094,"date":"2011-10-26T20:40:08","date_gmt":"2011-10-26T18:40:08","guid":{"rendered":"http:\/\/www.la-tablatou.eu\/la-tablatou-classique\/?page_id=1094"},"modified":"2014-01-10T21:49:08","modified_gmt":"2014-01-10T19:49:08","slug":"curseur-du-guide-coupe","status":"publish","type":"page","link":"https:\/\/www.la-tablatou.eu\/la-tablatou-classique\/bonus-tablatou\/realisations-personnelles\/curseur-du-guide-coupe\/","title":{"rendered":"Curseur du Guide coupe"},"content":{"rendered":"<p><a href=\"http:\/\/www.la-tablatou.eu\/la-tablatou-classique\/files\/2011\/10\/positionnement-curseur.jpg\" data-lbwps-width=\"800\" data-lbwps-height=\"536\" data-lbwps-srcsmall=\"https:\/\/www.la-tablatou.eu\/la-tablatou-classique\/files\/2011\/10\/positionnement-curseur.jpg\"><img loading=\"lazy\" decoding=\"async\" class=\"alignleft size-thumbnail wp-image-1097\" title=\"Positionnement du curseur sur la mesure choisie\" src=\"http:\/\/www.la-tablatou.eu\/la-tablatou-classique\/files\/2011\/10\/positionnement-curseur-150x100.jpg\" alt=\"Positionnement du curseur sur la mesure choisie\" width=\"150\" height=\"100\" srcset=\"https:\/\/www.la-tablatou.eu\/la-tablatou-classique\/files\/2011\/10\/positionnement-curseur-150x100.jpg 150w, https:\/\/www.la-tablatou.eu\/la-tablatou-classique\/files\/2011\/10\/positionnement-curseur-597x400.jpg 597w, https:\/\/www.la-tablatou.eu\/la-tablatou-classique\/files\/2011\/10\/positionnement-curseur.jpg 800w\" sizes=\"auto, (max-width: 150px) 100vw, 150px\" \/><\/a><\/p>\n<p>Pour les utilisateurs du GUIDE COUPE&#8230;<br \/>\nAfin de rendre plus facile le positionnement de la r\u00e8gle mobile, il est possible de disposer d\u2019un curseur sur lequel vient buter la t\u00eate de vis.<\/p>\n<p>&nbsp;<\/p>\n<p><a href=\"http:\/\/www.la-tablatou.eu\/la-tablatou-classique\/files\/2011\/10\/tete-de-vis.jpg\" data-lbwps-width=\"800\" data-lbwps-height=\"536\" data-lbwps-srcsmall=\"https:\/\/www.la-tablatou.eu\/la-tablatou-classique\/files\/2011\/10\/tete-de-vis.jpg\"><img loading=\"lazy\" decoding=\"async\" class=\"alignright size-thumbnail wp-image-1098\" title=\"La t\u00eate de vis est mise en contact avec le curseur\" src=\"http:\/\/www.la-tablatou.eu\/la-tablatou-classique\/files\/2011\/10\/tete-de-vis-150x100.jpg\" alt=\"La t\u00eate de vis est mise en contact avec le curseur\" width=\"150\" height=\"100\" srcset=\"https:\/\/www.la-tablatou.eu\/la-tablatou-classique\/files\/2011\/10\/tete-de-vis-150x100.jpg 150w, https:\/\/www.la-tablatou.eu\/la-tablatou-classique\/files\/2011\/10\/tete-de-vis-597x400.jpg 597w, https:\/\/www.la-tablatou.eu\/la-tablatou-classique\/files\/2011\/10\/tete-de-vis.jpg 800w\" sizes=\"auto, (max-width: 150px) 100vw, 150px\" \/><\/a><strong>Proposition de la\u00a0r\u00e9alisation de ce curseur<\/strong><\/p>\n<ul>\n<li>Dans du contre-plaqu\u00e9 de 10 mm, couper un carr\u00e9 de 80 mm et 2 morceaux de 80&#215;18 mm.<\/li>\n<li>Apr\u00e8s avoir serr\u00e9 les 2 morceaux sur le c\u00f4t\u00e9 d\u2019un des deux \u00ab longerons gradu\u00e9s\u00a0\u00bb, fixer le carr\u00e9.<\/li>\n<\/ul>\n<p>Une astuce pour le serrage des 2 morceaux; \u00a0mettre le longeron \u00e0 l\u2019envers sur une surface plate comme celle d\u2019un plateau perfor\u00e9 \u2026bien s\u00fbr\u00a0 !!<br \/>\nAttention, il ne faut pas de jeu !<\/p>\n","protected":false},"excerpt":{"rendered":"<p>Pour les utilisateurs du GUIDE COUPE&#8230; Afin de rendre plus facile le positionnement de la r\u00e8gle mobile, il est possible de disposer d\u2019un curseur sur lequel vient buter la t\u00eate de vis. &nbsp; Proposition de la\u00a0r\u00e9alisation de ce curseur Dans du contre-plaqu\u00e9 de 10 mm, couper un carr\u00e9 de 80 mm et 2 morceaux de 80&#215;18 mm. Apr\u00e8s avoir serr\u00e9 &hellip; <a href=\"https:\/\/www.la-tablatou.eu\/la-tablatou-classique\/bonus-tablatou\/realisations-personnelles\/curseur-du-guide-coupe\/\">Continue reading <span class=\"meta-nav\">&rarr;<\/span><\/a><\/p>\n","protected":false},"author":1,"featured_media":0,"parent":856,"menu_order":8,"comment_status":"open","ping_status":"closed","template":"","meta":{"footnotes":""},"class_list":["post-1094","page","type-page","status-publish","hentry"],"_links":{"self":[{"href":"https:\/\/www.la-tablatou.eu\/la-tablatou-classique\/wp-json\/wp\/v2\/pages\/1094","targetHints":{"allow":["GET"]}}],"collection":[{"href":"https:\/\/www.la-tablatou.eu\/la-tablatou-classique\/wp-json\/wp\/v2\/pages"}],"about":[{"href":"https:\/\/www.la-tablatou.eu\/la-tablatou-classique\/wp-json\/wp\/v2\/types\/page"}],"author":[{"embeddable":true,"href":"https:\/\/www.la-tablatou.eu\/la-tablatou-classique\/wp-json\/wp\/v2\/users\/1"}],"replies":[{"embeddable":true,"href":"https:\/\/www.la-tablatou.eu\/la-tablatou-classique\/wp-json\/wp\/v2\/comments?post=1094"}],"version-history":[{"count":12,"href":"https:\/\/www.la-tablatou.eu\/la-tablatou-classique\/wp-json\/wp\/v2\/pages\/1094\/revisions"}],"predecessor-version":[{"id":1267,"href":"https:\/\/www.la-tablatou.eu\/la-tablatou-classique\/wp-json\/wp\/v2\/pages\/1094\/revisions\/1267"}],"up":[{"embeddable":true,"href":"https:\/\/www.la-tablatou.eu\/la-tablatou-classique\/wp-json\/wp\/v2\/pages\/856"}],"wp:attachment":[{"href":"https:\/\/www.la-tablatou.eu\/la-tablatou-classique\/wp-json\/wp\/v2\/media?parent=1094"}],"curies":[{"name":"wp","href":"https:\/\/api.w.org\/{rel}","templated":true}]}}